{"id":26576,"date":"2019-04-27T19:05:44","date_gmt":"2019-04-27T17:05:44","guid":{"rendered":"https:\/\/sigma.sanok.pl\/%d0%b1%d1%96%d0%b1%d0%bb%d1%96%d0%be%d1%82%d0%b5%d0%ba%d0%b0-%d1%84%d0%b0%d0%b9%d0%bb%d1%96%d0%b2-cad\/"},"modified":"2022-02-06T02:10:02","modified_gmt":"2022-02-06T01:10:02","slug":"%d0%b1%d1%96%d0%b1%d0%bb%d1%96%d0%be%d1%82%d0%b5%d0%ba%d0%b0-%d1%84%d0%b0%d0%b9%d0%bb%d1%96%d0%b2-cad","status":"publish","type":"page","link":"https:\/\/sigma.sanok.pl\/uk\/%d0%b1%d1%96%d0%b1%d0%bb%d1%96%d0%be%d1%82%d0%b5%d0%ba%d0%b0-%d1%84%d0%b0%d0%b9%d0%bb%d1%96%d0%b2-cad\/","title":{"rendered":"\u0411\u0456\u0431\u043b\u0456\u043e\u0442\u0435\u043a\u0430 \u0444\u0430\u0439\u043b\u0456\u0432 CAD"},"content":{"rendered":"","protected":true},"excerpt":{"rendered":"","protected":true},"author":1,"featured_media":0,"parent":0,"menu_order":1,"comment_status":"closed","ping_status":"closed","template":"page-pagebuilder-title.php","meta":{"inline_featured_image":false,"footnotes":""},"class_list":["post-26576","page","type-page","status-publish","post-password-required"],"yoast_head":"<!-- This site is optimized with the Yoast SEO plugin v18.4.1 - https:\/\/yoast.com\/wordpress\/plugins\/seo\/ -->\n<title>Sigma Systemy Os\u0142onowe &#8211; Producent system\u00f3w przeciws\u0142onecznych &#8211; Producent rolet zewn\u0119trznych, Producent screen\u00f3w &#8211; Screeny, Producent markiz, Produkcja Pergol, Producent plis, Producent rolet wewn\u0119trznych, Producent bram rolowanych | Sanok, Krosno, Rzesz\u00f3w, Podkarpacie<\/title>\n<meta name=\"robots\" content=\"index, follow, max-snippet:-1, max-image-preview:large, max-video-preview:-1\" \/>\n<link rel=\"canonical\" href=\"https:\/\/sigma.sanok.pl\/uk\/%d0%b1%d1%96%d0%b1%d0%bb%d1%96%d0%be%d1%82%d0%b5%d0%ba%d0%b0-%d1%84%d0%b0%d0%b9%d0%bb%d1%96%d0%b2-cad\/\" \/>\n<meta property=\"og:locale\" content=\"uk_UA\" \/>\n<meta property=\"og:type\" content=\"article\" \/>\n<meta property=\"og:url\" content=\"https:\/\/sigma.sanok.pl\/uk\/%d0%b1%d1%96%d0%b1%d0%bb%d1%96%d0%be%d1%82%d0%b5%d0%ba%d0%b0-%d1%84%d0%b0%d0%b9%d0%bb%d1%96%d0%b2-cad\/\" \/>\n<meta property=\"og:site_name\" content=\"Sigma Systemy Os\u0142onowe - Producent system\u00f3w przeciws\u0142onecznych - Producent rolet zewn\u0119trznych, Producent screen\u00f3w - Screeny, Producent markiz, Produkcja Pergol, Producent plis, Producent rolet wewn\u0119trznych, Producent bram rolowanych | Sanok, Krosno, Rzesz\u00f3w, Podkarpacie\" \/>\n<meta property=\"article:modified_time\" content=\"2022-02-06T01:10:02+00:00\" \/>\n<meta name=\"twitter:card\" content=\"summary_large_image\" \/>\n<script type=\"application\/ld+json\" class=\"yoast-schema-graph\">{\"@context\":\"https:\/\/schema.org\",\"@graph\":[{\"@type\":\"Organization\",\"@id\":\"https:\/\/sigma.sanok.pl\/uk\/#organization\",\"name\":\"Sigma Systemy Os\u0142onowe\",\"url\":\"https:\/\/sigma.sanok.pl\/uk\/\",\"sameAs\":[],\"logo\":{\"@type\":\"ImageObject\",\"@id\":\"https:\/\/sigma.sanok.pl\/uk\/#logo\",\"inLanguage\":\"uk\",\"url\":\"https:\/\/sigma.sanok.pl\/wp-content\/uploads\/2019\/12\/logo_sigma-loader.png\",\"contentUrl\":\"https:\/\/sigma.sanok.pl\/wp-content\/uploads\/2019\/12\/logo_sigma-loader.png\",\"width\":120,\"height\":120,\"caption\":\"Sigma Systemy Os\u0142onowe\"},\"image\":{\"@id\":\"https:\/\/sigma.sanok.pl\/uk\/#logo\"}},{\"@type\":\"WebSite\",\"@id\":\"https:\/\/sigma.sanok.pl\/uk\/#website\",\"url\":\"https:\/\/sigma.sanok.pl\/uk\/\",\"name\":\"Sigma Systemy Os\u0142onowe - Producent system\u00f3w przeciws\u0142onecznych - rolet zewn\u0119trznych, screen\u00f3w, markiz, plis, rolet wewn\u0119trznych oraz bram rolowanych\",\"description\":\"Producent Markizy, Pergole - Producent,  \u017baluzje fasadowe, Producent Rolety zewn\u0119trzne, Rolety wewn\u0119trzne - Producent, Producent Screeny, Plisy - Producent, Bramy gara\u017cowe, Bramy przemys\u0142owe, Bramy rolowane,Nap\u0119dy, Automatyka | Podkarpacie, Rzesz\u00f3w , Sanok,  Krosno, Lesko, Brzoz\u00f3w, Ustrzyki\",\"publisher\":{\"@id\":\"https:\/\/sigma.sanok.pl\/uk\/#organization\"},\"potentialAction\":[{\"@type\":\"SearchAction\",\"target\":{\"@type\":\"EntryPoint\",\"urlTemplate\":\"https:\/\/sigma.sanok.pl\/uk\/?s={search_term_string}\"},\"query-input\":\"required name=search_term_string\"}],\"inLanguage\":\"uk\"},{\"@type\":\"WebPage\",\"@id\":\"https:\/\/sigma.sanok.pl\/uk\/%d0%b1%d1%96%d0%b1%d0%bb%d1%96%d0%be%d1%82%d0%b5%d0%ba%d0%b0-%d1%84%d0%b0%d0%b9%d0%bb%d1%96%d0%b2-cad\/#webpage\",\"url\":\"https:\/\/sigma.sanok.pl\/uk\/%d0%b1%d1%96%d0%b1%d0%bb%d1%96%d0%be%d1%82%d0%b5%d0%ba%d0%b0-%d1%84%d0%b0%d0%b9%d0%bb%d1%96%d0%b2-cad\/\",\"name\":\"\u0411\u0456\u0431\u043b\u0456\u043e\u0442\u0435\u043a\u0430 \u0444\u0430\u0439\u043b\u0456\u0432 CAD - Sigma Systemy Os\u0142onowe - Producent system\u00f3w przeciws\u0142onecznych - Producent rolet zewn\u0119trznych, Producent screen\u00f3w - Screeny, Producent markiz, Produkcja Pergol, Producent plis, Producent rolet wewn\u0119trznych, Producent bram rolowanych | Sanok, Krosno, Rzesz\u00f3w, Podkarpacie\",\"isPartOf\":{\"@id\":\"https:\/\/sigma.sanok.pl\/uk\/#website\"},\"datePublished\":\"2019-04-27T17:05:44+00:00\",\"dateModified\":\"2022-02-06T01:10:02+00:00\",\"breadcrumb\":{\"@id\":\"https:\/\/sigma.sanok.pl\/uk\/%d0%b1%d1%96%d0%b1%d0%bb%d1%96%d0%be%d1%82%d0%b5%d0%ba%d0%b0-%d1%84%d0%b0%d0%b9%d0%bb%d1%96%d0%b2-cad\/#breadcrumb\"},\"inLanguage\":\"uk\"}]}<\/script>\n<!-- \/ Yoast SEO plugin. -->","yoast_head_json":{"title":"Sigma Systemy Os\u0142onowe &#8211; Producent system\u00f3w przeciws\u0142onecznych &#8211; Producent rolet zewn\u0119trznych, Producent screen\u00f3w &#8211; Screeny, Producent markiz, Produkcja Pergol, Producent plis, Producent rolet wewn\u0119trznych, Producent bram rolowanych | Sanok, Krosno, Rzesz\u00f3w, Podkarpacie","robots":{"index":"index","follow":"follow","max-snippet":"max-snippet:-1","max-image-preview":"max-image-preview:large","max-video-preview":"max-video-preview:-1"},"canonical":"https:\/\/sigma.sanok.pl\/uk\/%d0%b1%d1%96%d0%b1%d0%bb%d1%96%d0%be%d1%82%d0%b5%d0%ba%d0%b0-%d1%84%d0%b0%d0%b9%d0%bb%d1%96%d0%b2-cad\/","og_locale":"uk_UA","og_type":"article","og_url":"https:\/\/sigma.sanok.pl\/uk\/%d0%b1%d1%96%d0%b1%d0%bb%d1%96%d0%be%d1%82%d0%b5%d0%ba%d0%b0-%d1%84%d0%b0%d0%b9%d0%bb%d1%96%d0%b2-cad\/","og_site_name":"Sigma Systemy Os\u0142onowe - Producent system\u00f3w przeciws\u0142onecznych - Producent rolet zewn\u0119trznych, Producent screen\u00f3w - Screeny, Producent markiz, Produkcja Pergol, Producent plis, Producent rolet wewn\u0119trznych, Producent bram rolowanych | Sanok, Krosno, Rzesz\u00f3w, Podkarpacie","article_modified_time":"2022-02-06T01:10:02+00:00","twitter_card":"summary_large_image","schema":{"@context":"https:\/\/schema.org","@graph":[{"@type":"Organization","@id":"https:\/\/sigma.sanok.pl\/uk\/#organization","name":"Sigma Systemy Os\u0142onowe","url":"https:\/\/sigma.sanok.pl\/uk\/","sameAs":[],"logo":{"@type":"ImageObject","@id":"https:\/\/sigma.sanok.pl\/uk\/#logo","inLanguage":"uk","url":"https:\/\/sigma.sanok.pl\/wp-content\/uploads\/2019\/12\/logo_sigma-loader.png","contentUrl":"https:\/\/sigma.sanok.pl\/wp-content\/uploads\/2019\/12\/logo_sigma-loader.png","width":120,"height":120,"caption":"Sigma Systemy Os\u0142onowe"},"image":{"@id":"https:\/\/sigma.sanok.pl\/uk\/#logo"}},{"@type":"WebSite","@id":"https:\/\/sigma.sanok.pl\/uk\/#website","url":"https:\/\/sigma.sanok.pl\/uk\/","name":"Sigma Systemy Os\u0142onowe - Producent system\u00f3w przeciws\u0142onecznych - rolet zewn\u0119trznych, screen\u00f3w, markiz, plis, rolet wewn\u0119trznych oraz bram rolowanych","description":"Producent Markizy, Pergole - Producent,  \u017baluzje fasadowe, Producent Rolety zewn\u0119trzne, Rolety wewn\u0119trzne - Producent, Producent Screeny, Plisy - Producent, Bramy gara\u017cowe, Bramy przemys\u0142owe, Bramy rolowane,Nap\u0119dy, Automatyka | Podkarpacie, Rzesz\u00f3w , Sanok,  Krosno, Lesko, Brzoz\u00f3w, Ustrzyki","publisher":{"@id":"https:\/\/sigma.sanok.pl\/uk\/#organization"},"potentialAction":[{"@type":"SearchAction","target":{"@type":"EntryPoint","urlTemplate":"https:\/\/sigma.sanok.pl\/uk\/?s={search_term_string}"},"query-input":"required name=search_term_string"}],"inLanguage":"uk"},{"@type":"WebPage","@id":"https:\/\/sigma.sanok.pl\/uk\/%d0%b1%d1%96%d0%b1%d0%bb%d1%96%d0%be%d1%82%d0%b5%d0%ba%d0%b0-%d1%84%d0%b0%d0%b9%d0%bb%d1%96%d0%b2-cad\/#webpage","url":"https:\/\/sigma.sanok.pl\/uk\/%d0%b1%d1%96%d0%b1%d0%bb%d1%96%d0%be%d1%82%d0%b5%d0%ba%d0%b0-%d1%84%d0%b0%d0%b9%d0%bb%d1%96%d0%b2-cad\/","name":"\u0411\u0456\u0431\u043b\u0456\u043e\u0442\u0435\u043a\u0430 \u0444\u0430\u0439\u043b\u0456\u0432 CAD - Sigma Systemy Os\u0142onowe - Producent system\u00f3w przeciws\u0142onecznych - Producent rolet zewn\u0119trznych, Producent screen\u00f3w - Screeny, Producent markiz, Produkcja Pergol, Producent plis, Producent rolet wewn\u0119trznych, Producent bram rolowanych | Sanok, Krosno, Rzesz\u00f3w, Podkarpacie","isPartOf":{"@id":"https:\/\/sigma.sanok.pl\/uk\/#website"},"datePublished":"2019-04-27T17:05:44+00:00","dateModified":"2022-02-06T01:10:02+00:00","breadcrumb":{"@id":"https:\/\/sigma.sanok.pl\/uk\/%d0%b1%d1%96%d0%b1%d0%bb%d1%96%d0%be%d1%82%d0%b5%d0%ba%d0%b0-%d1%84%d0%b0%d0%b9%d0%bb%d1%96%d0%b2-cad\/#breadcrumb"},"inLanguage":"uk"}]}},"_links":{"self":[{"href":"https:\/\/sigma.sanok.pl\/uk\/wp-json\/wp\/v2\/pages\/26576","targetHints":{"allow":["GET"]}}],"collection":[{"href":"https:\/\/sigma.sanok.pl\/uk\/wp-json\/wp\/v2\/pages"}],"about":[{"href":"https:\/\/sigma.sanok.pl\/uk\/wp-json\/wp\/v2\/types\/page"}],"author":[{"embeddable":true,"href":"https:\/\/sigma.sanok.pl\/uk\/wp-json\/wp\/v2\/users\/1"}],"replies":[{"embeddable":true,"href":"https:\/\/sigma.sanok.pl\/uk\/wp-json\/wp\/v2\/comments?post=26576"}],"version-history":[{"count":1,"href":"https:\/\/sigma.sanok.pl\/uk\/wp-json\/wp\/v2\/pages\/26576\/revisions"}],"predecessor-version":[{"id":26577,"href":"https:\/\/sigma.sanok.pl\/uk\/wp-json\/wp\/v2\/pages\/26576\/revisions\/26577"}],"wp:attachment":[{"href":"https:\/\/sigma.sanok.pl\/uk\/wp-json\/wp\/v2\/media?parent=26576"}],"curies":[{"name":"wp","href":"https:\/\/api.w.org\/{rel}","templated":true}]}}