{"id":26533,"date":"2019-12-22T18:14:31","date_gmt":"2019-12-22T17:14:31","guid":{"rendered":"https:\/\/sigma.sanok.pl\/%d1%84%d0%be%d0%bd%d0%b4%d0%b8-%d1%94%d1%81\/"},"modified":"2022-02-06T01:51:13","modified_gmt":"2022-02-06T00:51:13","slug":"%d1%84%d0%be%d0%bd%d0%b4%d0%b8-%d1%94%d1%81","status":"publish","type":"page","link":"https:\/\/sigma.sanok.pl\/uk\/%d1%84%d0%be%d0%bd%d0%b4%d0%b8-%d1%94%d1%81\/","title":{"rendered":"\u0424\u043e\u043d\u0434\u0438 \u0404\u0421"},"content":{"rendered":"<div id=\"tdi_1\" class=\"tdc-row\"><div class=\"vc_row tdi_2  wpb_row td-pb-row\" >\n<style scoped>\n\/* custom css - generated by TagDiv Composer *\/\n\n\/* custom css - generated by TagDiv Composer *\/\n\/* custom css - generated by TagDiv Composer *\/\n.tdi_2,\r\n                .tdi_2 .tdc-columns{\r\n                    min-height: 0;\r\n                }.tdi_2,\r\n\t\t\t\t.tdi_2 .tdc-columns{\r\n\t\t\t\t    display: block;\r\n\t\t\t\t}.tdi_2 .tdc-columns{\r\n\t\t\t\t    width: 100%;\r\n\t\t\t\t}\n<\/style><div class=\"vc_column tdi_4  wpb_column vc_column_container tdc-column td-pb-span12\">\n<style scoped>\n\/* custom css - generated by TagDiv Composer *\/\n\n\/* custom css - generated by TagDiv Composer *\/\n\/* custom css - generated by TagDiv Composer *\/\n.tdi_4{\r\n                    vertical-align: baseline;\r\n                }.tdi_4 > .wpb_wrapper,\r\n\t\t\t\t.tdi_4 > .wpb_wrapper > .tdc-elements{\r\n\t\t\t\t    display: block;\r\n\t\t\t\t}.tdi_4 > .wpb_wrapper > .tdc-elements{\r\n\t\t\t\t    width: 100%;\r\n\t\t\t\t}.tdi_4 > .wpb_wrapper > .vc_row_inner{\r\n\t\t\t\t    width: auto;\r\n\t\t\t\t}.tdi_4 > .wpb_wrapper{\r\n\t\t\t\t    width: auto;\r\n\t\t\t\t    height: auto;\r\n\t\t\t\t}\n<\/style><div class=\"wpb_wrapper\" >[vc_column_text]Sigma Systemy Os\u0142onowe \u0440\u0435\u0430\u043b\u0456\u0437\u0443\u0454 \u043f\u0440\u043e\u0435\u043a\u0442, \u0441\u043f\u0456\u0432\u0444\u0456\u043d\u0430\u043d\u0441\u043e\u0432\u0430\u043d\u0438\u0439 \u0404\u0432\u0440\u043e\u043f\u0435\u0439\u0441\u044c\u043a\u0438\u043c \u0444\u043e\u043d\u0434\u043e\u043c \u0440\u0435\u0433\u0456\u043e\u043d\u0430\u043b\u044c\u043d\u043e\u0433\u043e \u0440\u043e\u0437\u0432\u0438\u0442\u043a\u0443 \u0432 \u0440\u0430\u043c\u043a\u0430\u0445: 3.2.2 \u041f\u043e\u0437\u0438\u043a\u0430 \u043d\u0430 \u0442\u0435\u0445\u043d\u043e\u043b\u043e\u0433\u0456\u0447\u043d\u0456 \u0456\u043d\u043d\u043e\u0432\u0430\u0446\u0456\u0457 \u041e\u043f\u0435\u0440\u0430\u0442\u0438\u0432\u043d\u043e\u0457 \u043f\u0440\u043e\u0433\u0440\u0430\u043c\u0438 \u00ab\u0420\u043e\u0437\u0443\u043c\u043d\u0438\u0439 \u0440\u043e\u0437\u0432\u0438\u0442\u043e\u043a\u00bb \u043f\u0456\u0434 \u043d\u0430\u0437\u0432\u043e\u044e \u0412\u043f\u0440\u043e\u0432\u0430\u0434\u0436\u0435\u043d\u043d\u044f \u0442\u0435\u0445\u043d\u043e\u043b\u043e\u0433\u0456\u0447\u043d\u0438\u0445 \u0456\u043d\u043d\u043e\u0432\u0430\u0446\u0456\u0439 \u0443 \u0432\u0438\u0440\u043e\u0431\u043d\u0438\u0446\u0442\u0432\u043e \u0456\u043d\u0442\u0435\u0433\u0440\u043e\u0432\u0430\u043d\u0438\u0445 \u0441\u0432\u0456\u0442\u043b\u043e\u0437\u0430\u0445\u0438\u0441\u043d\u0438\u0445 \u0441\u043e\u043d\u044f\u0447\u043d\u0438\u0445 \u0441\u0438\u0441\u0442\u0435\u043c.\n\n<img loading=\"lazy\" decoding=\"async\" class=\"obrysimg wp-image-3391 size-large aligncenter\" src=\"http:\/\/sigma.sanok.pl\/wp-content\/uploads\/2019\/04\/loga-nowe-1000x100.jpg\" alt=\"\" width=\"696\" height=\"70\" srcset=\"https:\/\/sigma.sanok.pl\/wp-content\/uploads\/2019\/04\/loga-nowe-1000x100.jpg 1000w, https:\/\/sigma.sanok.pl\/wp-content\/uploads\/2019\/04\/loga-nowe-500x50.jpg 500w, https:\/\/sigma.sanok.pl\/wp-content\/uploads\/2019\/04\/loga-nowe-700x70.jpg 700w, https:\/\/sigma.sanok.pl\/wp-content\/uploads\/2019\/04\/loga-nowe-800x80.jpg 800w, https:\/\/sigma.sanok.pl\/wp-content\/uploads\/2019\/04\/loga-nowe-768x77.jpg 768w, https:\/\/sigma.sanok.pl\/wp-content\/uploads\/2019\/04\/loga-nowe-1536x154.jpg 1536w, https:\/\/sigma.sanok.pl\/wp-content\/uploads\/2019\/04\/loga-nowe-696x70.jpg 696w, https:\/\/sigma.sanok.pl\/wp-content\/uploads\/2019\/04\/loga-nowe-1068x107.jpg 1068w, https:\/\/sigma.sanok.pl\/wp-content\/uploads\/2019\/04\/loga-nowe-1920x192.jpg 1920w, https:\/\/sigma.sanok.pl\/wp-content\/uploads\/2019\/04\/loga-nowe.jpg 2000w\" sizes=\"auto, (max-width: 696px) 100vw, 696px\" \/>\n\n\u0406\u043c&#8217;\u044f \u0431\u0435\u043d\u0435\u0444\u0456\u0446\u0456\u0430\u0440\u0430 : Tomasz \u015alemp\n\u0412\u0430\u0440\u0442\u0456\u0441\u0442\u044c \u043f\u0440\u043e\u0435\u043a\u0442\u0443: 1 205 250,00 PLN\n\u0421\u0443\u043c\u0430 \u0441\u043f\u0456\u0432\u0444\u0456\u043d\u0430\u043d\u0441\u0443\u0432\u0430\u043d\u043d\u044f: 656 775,00 PLN\n\n\u041c\u0435\u0442\u0430 \u043f\u0440\u043e\u0435\u043a\u0442\u0443: \u0412\u043f\u0440\u043e\u0432\u0430\u0434\u0436\u0435\u043d\u043d\u044f \u0442\u0435\u0445\u043d\u043e\u043b\u043e\u0433\u0456\u0447\u043d\u0438\u0445 \u0456\u043d\u043d\u043e\u0432\u0430\u0446\u0456\u0439 \u0443 \u0432\u0438\u0440\u043e\u0431\u043d\u0438\u0446\u0442\u0432\u043e \u043a\u043e\u043c\u043f\u043b\u0435\u043a\u0441\u043d\u0438\u0445 \u0441\u0432\u0456\u0442\u043b\u043e\u0432\u0456\u0434\u0431\u0438\u0432\u0430\u044e\u0447\u0438\u0445 \u0441\u043e\u043d\u0446\u0435\u0437\u0430\u0445\u0438\u0441\u043d\u0438\u0445 \u0441\u0438\u0441\u0442\u0435\u043c.[\/vc_column_text]<\/div><\/div><\/div><\/div>","protected":false},"excerpt":{"rendered":"[vc_column_text]Sigma Systemy Os\u0142onowe \u0440\u0435\u0430\u043b\u0456\u0437\u0443\u0454 \u043f\u0440\u043e\u0435\u043a\u0442, \u0441\u043f\u0456\u0432\u0444\u0456\u043d\u0430\u043d\u0441\u043e\u0432\u0430\u043d\u0438\u0439 \u0404\u0432\u0440\u043e\u043f\u0435\u0439\u0441\u044c\u043a\u0438\u043c \u0444\u043e\u043d\u0434\u043e\u043c \u0440\u0435\u0433\u0456\u043e\u043d\u0430\u043b\u044c\u043d\u043e\u0433\u043e \u0440\u043e\u0437\u0432\u0438\u0442\u043a\u0443 \u0432 \u0440\u0430\u043c\u043a\u0430\u0445: 3.2.2 \u041f\u043e\u0437\u0438\u043a\u0430 \u043d\u0430 \u0442\u0435\u0445\u043d\u043e\u043b\u043e\u0433\u0456\u0447\u043d\u0456 \u0456\u043d\u043d\u043e\u0432\u0430\u0446\u0456\u0457 \u041e\u043f\u0435\u0440\u0430\u0442\u0438\u0432\u043d\u043e\u0457 \u043f\u0440\u043e\u0433\u0440\u0430\u043c\u0438 \u00ab\u0420\u043e\u0437\u0443\u043c\u043d\u0438\u0439 \u0440\u043e\u0437\u0432\u0438\u0442\u043e\u043a\u00bb \u043f\u0456\u0434 \u043d\u0430\u0437\u0432\u043e\u044e \u0412\u043f\u0440\u043e\u0432\u0430\u0434\u0436\u0435\u043d\u043d\u044f \u0442\u0435\u0445\u043d\u043e\u043b\u043e\u0433\u0456\u0447\u043d\u0438\u0445 \u0456\u043d\u043d\u043e\u0432\u0430\u0446\u0456\u0439 \u0443 \u0432\u0438\u0440\u043e\u0431\u043d\u0438\u0446\u0442\u0432\u043e \u0456\u043d\u0442\u0435\u0433\u0440\u043e\u0432\u0430\u043d\u0438\u0445 \u0441\u0432\u0456\u0442\u043b\u043e\u0437\u0430\u0445\u0438\u0441\u043d\u0438\u0445 \u0441\u043e\u043d\u044f\u0447\u043d\u0438\u0445 \u0441\u0438\u0441\u0442\u0435\u043c. \u0406\u043c'\u044f \u0431\u0435\u043d\u0435\u0444\u0456\u0446\u0456\u0430\u0440\u0430 : Tomasz \u015alemp \u0412\u0430\u0440\u0442\u0456\u0441\u0442\u044c \u043f\u0440\u043e\u0435\u043a\u0442\u0443: 1 205 250,00 PLN \u0421\u0443\u043c\u0430 \u0441\u043f\u0456\u0432\u0444\u0456\u043d\u0430\u043d\u0441\u0443\u0432\u0430\u043d\u043d\u044f: 656 775,00 PLN \u041c\u0435\u0442\u0430 \u043f\u0440\u043e\u0435\u043a\u0442\u0443: \u0412\u043f\u0440\u043e\u0432\u0430\u0434\u0436\u0435\u043d\u043d\u044f \u0442\u0435\u0445\u043d\u043e\u043b\u043e\u0433\u0456\u0447\u043d\u0438\u0445 \u0456\u043d\u043d\u043e\u0432\u0430\u0446\u0456\u0439 \u0443 \u0432\u0438\u0440\u043e\u0431\u043d\u0438\u0446\u0442\u0432\u043e [...]","protected":false},"author":1,"featured_media":0,"parent":0,"menu_order":0,"comment_status":"closed","ping_status":"closed","template":"page-pagebuilder-title.php","meta":{"inline_featured_image":false,"footnotes":""},"class_list":["post-26533","page","type-page","status-publish"],"yoast_head":"<!-- This site is optimized with the Yoast SEO plugin v18.4.1 - https:\/\/yoast.com\/wordpress\/plugins\/seo\/ -->\n<title>Sigma Systemy Os\u0142onowe &#8211; Producent system\u00f3w przeciws\u0142onecznych &#8211; Producent rolet zewn\u0119trznych, Producent screen\u00f3w &#8211; Screeny, Producent markiz, Produkcja Pergol, Producent plis, Producent rolet wewn\u0119trznych, Producent bram rolowanych | Sanok, Krosno, Rzesz\u00f3w, Podkarpacie<\/title>\n<meta name=\"robots\" content=\"index, follow, max-snippet:-1, max-image-preview:large, max-video-preview:-1\" \/>\n<link rel=\"canonical\" href=\"https:\/\/sigma.sanok.pl\/uk\/%d1%84%d0%be%d0%bd%d0%b4%d0%b8-%d1%94%d1%81\/\" \/>\n<meta property=\"og:locale\" content=\"uk_UA\" \/>\n<meta property=\"og:type\" content=\"article\" \/>\n<meta property=\"og:url\" content=\"https:\/\/sigma.sanok.pl\/uk\/%d1%84%d0%be%d0%bd%d0%b4%d0%b8-%d1%94%d1%81\/\" \/>\n<meta property=\"og:site_name\" content=\"Sigma Systemy Os\u0142onowe - Producent system\u00f3w przeciws\u0142onecznych - Producent rolet zewn\u0119trznych, Producent screen\u00f3w - Screeny, Producent markiz, Produkcja Pergol, Producent plis, Producent rolet wewn\u0119trznych, Producent bram rolowanych | Sanok, Krosno, Rzesz\u00f3w, Podkarpacie\" \/>\n<meta property=\"article:modified_time\" content=\"2022-02-06T00:51:13+00:00\" \/>\n<meta property=\"og:image\" content=\"http:\/\/sigma.sanok.pl\/wp-content\/uploads\/2019\/04\/loga-nowe-1000x100.jpg\" \/>\n<meta name=\"twitter:card\" content=\"summary_large_image\" \/>\n<script type=\"application\/ld+json\" class=\"yoast-schema-graph\">{\"@context\":\"https:\/\/schema.org\",\"@graph\":[{\"@type\":\"Organization\",\"@id\":\"https:\/\/sigma.sanok.pl\/uk\/#organization\",\"name\":\"Sigma Systemy Os\u0142onowe\",\"url\":\"https:\/\/sigma.sanok.pl\/uk\/\",\"sameAs\":[],\"logo\":{\"@type\":\"ImageObject\",\"@id\":\"https:\/\/sigma.sanok.pl\/uk\/#logo\",\"inLanguage\":\"uk\",\"url\":\"https:\/\/sigma.sanok.pl\/wp-content\/uploads\/2019\/12\/logo_sigma-loader.png\",\"contentUrl\":\"https:\/\/sigma.sanok.pl\/wp-content\/uploads\/2019\/12\/logo_sigma-loader.png\",\"width\":120,\"height\":120,\"caption\":\"Sigma Systemy Os\u0142onowe\"},\"image\":{\"@id\":\"https:\/\/sigma.sanok.pl\/uk\/#logo\"}},{\"@type\":\"WebSite\",\"@id\":\"https:\/\/sigma.sanok.pl\/uk\/#website\",\"url\":\"https:\/\/sigma.sanok.pl\/uk\/\",\"name\":\"Sigma Systemy Os\u0142onowe - Producent system\u00f3w przeciws\u0142onecznych - rolet zewn\u0119trznych, screen\u00f3w, markiz, plis, rolet wewn\u0119trznych oraz bram rolowanych\",\"description\":\"Producent Markizy, Pergole - Producent,  \u017baluzje fasadowe, Producent Rolety zewn\u0119trzne, Rolety wewn\u0119trzne - Producent, Producent Screeny, Plisy - Producent, Bramy gara\u017cowe, Bramy przemys\u0142owe, Bramy rolowane,Nap\u0119dy, Automatyka | Podkarpacie, Rzesz\u00f3w , Sanok,  Krosno, Lesko, Brzoz\u00f3w, Ustrzyki\",\"publisher\":{\"@id\":\"https:\/\/sigma.sanok.pl\/uk\/#organization\"},\"potentialAction\":[{\"@type\":\"SearchAction\",\"target\":{\"@type\":\"EntryPoint\",\"urlTemplate\":\"https:\/\/sigma.sanok.pl\/uk\/?s={search_term_string}\"},\"query-input\":\"required name=search_term_string\"}],\"inLanguage\":\"uk\"},{\"@type\":\"ImageObject\",\"@id\":\"https:\/\/sigma.sanok.pl\/uk\/%d1%84%d0%be%d0%bd%d0%b4%d0%b8-%d1%94%d1%81\/#primaryimage\",\"inLanguage\":\"uk\",\"url\":\"http:\/\/sigma.sanok.pl\/wp-content\/uploads\/2019\/04\/loga-nowe-1000x100.jpg\",\"contentUrl\":\"http:\/\/sigma.sanok.pl\/wp-content\/uploads\/2019\/04\/loga-nowe-1000x100.jpg\"},{\"@type\":\"WebPage\",\"@id\":\"https:\/\/sigma.sanok.pl\/uk\/%d1%84%d0%be%d0%bd%d0%b4%d0%b8-%d1%94%d1%81\/#webpage\",\"url\":\"https:\/\/sigma.sanok.pl\/uk\/%d1%84%d0%be%d0%bd%d0%b4%d0%b8-%d1%94%d1%81\/\",\"name\":\"\u0424\u043e\u043d\u0434\u0438 \u0404\u0421 - Sigma Systemy Os\u0142onowe - Producent system\u00f3w przeciws\u0142onecznych - Producent rolet zewn\u0119trznych, Producent screen\u00f3w - Screeny, Producent markiz, Produkcja Pergol, Producent plis, Producent rolet wewn\u0119trznych, Producent bram rolowanych | Sanok, Krosno, Rzesz\u00f3w, Podkarpacie\",\"isPartOf\":{\"@id\":\"https:\/\/sigma.sanok.pl\/uk\/#website\"},\"primaryImageOfPage\":{\"@id\":\"https:\/\/sigma.sanok.pl\/uk\/%d1%84%d0%be%d0%bd%d0%b4%d0%b8-%d1%94%d1%81\/#primaryimage\"},\"datePublished\":\"2019-12-22T17:14:31+00:00\",\"dateModified\":\"2022-02-06T00:51:13+00:00\",\"breadcrumb\":{\"@id\":\"https:\/\/sigma.sanok.pl\/uk\/%d1%84%d0%be%d0%bd%d0%b4%d0%b8-%d1%94%d1%81\/#breadcrumb\"},\"inLanguage\":\"uk\",\"potentialAction\":[{\"@type\":\"ReadAction\",\"target\":[\"https:\/\/sigma.sanok.pl\/uk\/%d1%84%d0%be%d0%bd%d0%b4%d0%b8-%d1%94%d1%81\/\"]}]},{\"@type\":\"BreadcrumbList\",\"@id\":\"https:\/\/sigma.sanok.pl\/uk\/%d1%84%d0%be%d0%bd%d0%b4%d0%b8-%d1%94%d1%81\/#breadcrumb\",\"itemListElement\":[{\"@type\":\"ListItem\",\"position\":1,\"name\":\"Strona g\u0142\u00f3wna\",\"item\":\"https:\/\/sigma.sanok.pl\/uk\/\"},{\"@type\":\"ListItem\",\"position\":2,\"name\":\"\u0424\u043e\u043d\u0434\u0438 \u0404\u0421\"}]}]}<\/script>\n<!-- \/ Yoast SEO plugin. -->","yoast_head_json":{"title":"Sigma Systemy Os\u0142onowe &#8211; Producent system\u00f3w przeciws\u0142onecznych &#8211; Producent rolet zewn\u0119trznych, Producent screen\u00f3w &#8211; Screeny, Producent markiz, Produkcja Pergol, Producent plis, Producent rolet wewn\u0119trznych, Producent bram rolowanych | Sanok, Krosno, Rzesz\u00f3w, Podkarpacie","robots":{"index":"index","follow":"follow","max-snippet":"max-snippet:-1","max-image-preview":"max-image-preview:large","max-video-preview":"max-video-preview:-1"},"canonical":"https:\/\/sigma.sanok.pl\/uk\/%d1%84%d0%be%d0%bd%d0%b4%d0%b8-%d1%94%d1%81\/","og_locale":"uk_UA","og_type":"article","og_url":"https:\/\/sigma.sanok.pl\/uk\/%d1%84%d0%be%d0%bd%d0%b4%d0%b8-%d1%94%d1%81\/","og_site_name":"Sigma Systemy Os\u0142onowe - Producent system\u00f3w przeciws\u0142onecznych - Producent rolet zewn\u0119trznych, Producent screen\u00f3w - Screeny, Producent markiz, Produkcja Pergol, Producent plis, Producent rolet wewn\u0119trznych, Producent bram rolowanych | Sanok, Krosno, Rzesz\u00f3w, Podkarpacie","article_modified_time":"2022-02-06T00:51:13+00:00","og_image":[{"url":"http:\/\/sigma.sanok.pl\/wp-content\/uploads\/2019\/04\/loga-nowe-1000x100.jpg"}],"twitter_card":"summary_large_image","schema":{"@context":"https:\/\/schema.org","@graph":[{"@type":"Organization","@id":"https:\/\/sigma.sanok.pl\/uk\/#organization","name":"Sigma Systemy Os\u0142onowe","url":"https:\/\/sigma.sanok.pl\/uk\/","sameAs":[],"logo":{"@type":"ImageObject","@id":"https:\/\/sigma.sanok.pl\/uk\/#logo","inLanguage":"uk","url":"https:\/\/sigma.sanok.pl\/wp-content\/uploads\/2019\/12\/logo_sigma-loader.png","contentUrl":"https:\/\/sigma.sanok.pl\/wp-content\/uploads\/2019\/12\/logo_sigma-loader.png","width":120,"height":120,"caption":"Sigma Systemy Os\u0142onowe"},"image":{"@id":"https:\/\/sigma.sanok.pl\/uk\/#logo"}},{"@type":"WebSite","@id":"https:\/\/sigma.sanok.pl\/uk\/#website","url":"https:\/\/sigma.sanok.pl\/uk\/","name":"Sigma Systemy Os\u0142onowe - Producent system\u00f3w przeciws\u0142onecznych - rolet zewn\u0119trznych, screen\u00f3w, markiz, plis, rolet wewn\u0119trznych oraz bram rolowanych","description":"Producent Markizy, Pergole - Producent,  \u017baluzje fasadowe, Producent Rolety zewn\u0119trzne, Rolety wewn\u0119trzne - Producent, Producent Screeny, Plisy - Producent, Bramy gara\u017cowe, Bramy przemys\u0142owe, Bramy rolowane,Nap\u0119dy, Automatyka | Podkarpacie, Rzesz\u00f3w , Sanok,  Krosno, Lesko, Brzoz\u00f3w, Ustrzyki","publisher":{"@id":"https:\/\/sigma.sanok.pl\/uk\/#organization"},"potentialAction":[{"@type":"SearchAction","target":{"@type":"EntryPoint","urlTemplate":"https:\/\/sigma.sanok.pl\/uk\/?s={search_term_string}"},"query-input":"required name=search_term_string"}],"inLanguage":"uk"},{"@type":"ImageObject","@id":"https:\/\/sigma.sanok.pl\/uk\/%d1%84%d0%be%d0%bd%d0%b4%d0%b8-%d1%94%d1%81\/#primaryimage","inLanguage":"uk","url":"http:\/\/sigma.sanok.pl\/wp-content\/uploads\/2019\/04\/loga-nowe-1000x100.jpg","contentUrl":"http:\/\/sigma.sanok.pl\/wp-content\/uploads\/2019\/04\/loga-nowe-1000x100.jpg"},{"@type":"WebPage","@id":"https:\/\/sigma.sanok.pl\/uk\/%d1%84%d0%be%d0%bd%d0%b4%d0%b8-%d1%94%d1%81\/#webpage","url":"https:\/\/sigma.sanok.pl\/uk\/%d1%84%d0%be%d0%bd%d0%b4%d0%b8-%d1%94%d1%81\/","name":"\u0424\u043e\u043d\u0434\u0438 \u0404\u0421 - Sigma Systemy Os\u0142onowe - Producent system\u00f3w przeciws\u0142onecznych - Producent rolet zewn\u0119trznych, Producent screen\u00f3w - Screeny, Producent markiz, Produkcja Pergol, Producent plis, Producent rolet wewn\u0119trznych, Producent bram rolowanych | Sanok, Krosno, Rzesz\u00f3w, Podkarpacie","isPartOf":{"@id":"https:\/\/sigma.sanok.pl\/uk\/#website"},"primaryImageOfPage":{"@id":"https:\/\/sigma.sanok.pl\/uk\/%d1%84%d0%be%d0%bd%d0%b4%d0%b8-%d1%94%d1%81\/#primaryimage"},"datePublished":"2019-12-22T17:14:31+00:00","dateModified":"2022-02-06T00:51:13+00:00","breadcrumb":{"@id":"https:\/\/sigma.sanok.pl\/uk\/%d1%84%d0%be%d0%bd%d0%b4%d0%b8-%d1%94%d1%81\/#breadcrumb"},"inLanguage":"uk","potentialAction":[{"@type":"ReadAction","target":["https:\/\/sigma.sanok.pl\/uk\/%d1%84%d0%be%d0%bd%d0%b4%d0%b8-%d1%94%d1%81\/"]}]},{"@type":"BreadcrumbList","@id":"https:\/\/sigma.sanok.pl\/uk\/%d1%84%d0%be%d0%bd%d0%b4%d0%b8-%d1%94%d1%81\/#breadcrumb","itemListElement":[{"@type":"ListItem","position":1,"name":"Strona g\u0142\u00f3wna","item":"https:\/\/sigma.sanok.pl\/uk\/"},{"@type":"ListItem","position":2,"name":"\u0424\u043e\u043d\u0434\u0438 \u0404\u0421"}]}]}},"_links":{"self":[{"href":"https:\/\/sigma.sanok.pl\/uk\/wp-json\/wp\/v2\/pages\/26533","targetHints":{"allow":["GET"]}}],"collection":[{"href":"https:\/\/sigma.sanok.pl\/uk\/wp-json\/wp\/v2\/pages"}],"about":[{"href":"https:\/\/sigma.sanok.pl\/uk\/wp-json\/wp\/v2\/types\/page"}],"author":[{"embeddable":true,"href":"https:\/\/sigma.sanok.pl\/uk\/wp-json\/wp\/v2\/users\/1"}],"replies":[{"embeddable":true,"href":"https:\/\/sigma.sanok.pl\/uk\/wp-json\/wp\/v2\/comments?post=26533"}],"version-history":[{"count":2,"href":"https:\/\/sigma.sanok.pl\/uk\/wp-json\/wp\/v2\/pages\/26533\/revisions"}],"predecessor-version":[{"id":26535,"href":"https:\/\/sigma.sanok.pl\/uk\/wp-json\/wp\/v2\/pages\/26533\/revisions\/26535"}],"wp:attachment":[{"href":"https:\/\/sigma.sanok.pl\/uk\/wp-json\/wp\/v2\/media?parent=26533"}],"curies":[{"name":"wp","href":"https:\/\/api.w.org\/{rel}","templated":true}]}}