{"id":26454,"date":"2020-02-16T09:53:49","date_gmt":"2020-02-16T08:53:49","guid":{"rendered":"https:\/\/sigma.sanok.pl\/%d0%ba%d0%be%d0%bb%d0%b5%d0%ba%d1%86%d1%96%d1%8f-%d1%82%d0%ba%d0%b0%d0%bd%d0%b8%d0%bd-%d0%b4%d0%bb%d1%8f-%d1%80%d1%83%d0%bb%d0%be%d0%bd%d0%bd%d0%b8%d1%85-%d1%88%d1%82%d0%be%d1%80-%d0%be%d0%b4%d0%bd\/"},"modified":"2022-02-05T21:49:40","modified_gmt":"2022-02-05T20:49:40","slug":"%d0%ba%d0%be%d0%bb%d0%b5%d0%ba%d1%86%d1%96%d1%8f-%d1%82%d0%ba%d0%b0%d0%bd%d0%b8%d0%bd-%d0%b4%d0%bb%d1%8f-%d1%80%d1%83%d0%bb%d0%be%d0%bd%d0%bd%d0%b8%d1%85-%d1%88%d1%82%d0%be%d1%80-%d0%be%d0%b4%d0%bd","status":"publish","type":"page","link":"https:\/\/sigma.sanok.pl\/uk\/%d0%ba%d0%be%d0%bb%d0%b5%d0%ba%d1%86%d1%96%d1%8f-%d1%82%d0%ba%d0%b0%d0%bd%d0%b8%d0%bd-%d0%b4%d0%bb%d1%8f-%d1%80%d1%83%d0%bb%d0%be%d0%bd%d0%bd%d0%b8%d1%85-%d1%88%d1%82%d0%be%d1%80-%d0%be%d0%b4%d0%bd\/","title":{"rendered":"\u041a\u043e\u043b\u0435\u043a\u0446\u0456\u044f \u0442\u043a\u0430\u043d\u0438\u043d \u0434\u043b\u044f \u0440\u0443\u043b\u043e\u043d\u043d\u0438\u0445 \u0448\u0442\u043e\u0440 &#8211; \u043e\u0434\u043d\u043e\u043a\u043e\u043b\u0456\u0440\u043d\u0456 \u0442\u043a\u0430\u043d\u0438\u043d\u0438"},"content":{"rendered":"<div id=\"tdi_1\" class=\"tdc-row\"><div class=\"vc_row tdi_2  wpb_row td-pb-row\" >\n<style scoped>\n\/* custom css - generated by TagDiv Composer *\/\n\n\/* custom css - generated by TagDiv Composer *\/\n\/* custom css - generated by TagDiv Composer *\/\n.tdi_2,\r\n                .tdi_2 .tdc-columns{\r\n                    min-height: 0;\r\n                }.tdi_2,\r\n\t\t\t\t.tdi_2 .tdc-columns{\r\n\t\t\t\t    display: block;\r\n\t\t\t\t}.tdi_2 .tdc-columns{\r\n\t\t\t\t    width: 100%;\r\n\t\t\t\t}\n<\/style><div class=\"vc_column tdi_4  wpb_column vc_column_container tdc-column td-pb-span12\">\n<style scoped>\n\/* custom css - generated by TagDiv Composer *\/\n\n\/* custom css - generated by TagDiv Composer *\/\n\/* custom css - generated by TagDiv Composer *\/\n.tdi_4{\r\n                    vertical-align: baseline;\r\n                }.tdi_4 > .wpb_wrapper,\r\n\t\t\t\t.tdi_4 > .wpb_wrapper > .tdc-elements{\r\n\t\t\t\t    display: block;\r\n\t\t\t\t}.tdi_4 > .wpb_wrapper > .tdc-elements{\r\n\t\t\t\t    width: 100%;\r\n\t\t\t\t}.tdi_4 > .wpb_wrapper > .vc_row_inner{\r\n\t\t\t\t    width: auto;\r\n\t\t\t\t}.tdi_4 > .wpb_wrapper{\r\n\t\t\t\t    width: auto;\r\n\t\t\t\t    height: auto;\r\n\t\t\t\t}\n<\/style><div class=\"wpb_wrapper\" >[vc_tta_tour controls_size=&#8221;sm&#8221; active_section=&#8221;1&#8243;][vc_tta_section title=&#8221;Camila A600&#8243; tab_id=&#8221;1581768204287-631d7f0e-0c8e&#8221;][vc_media_grid element_width=&#8221;2&#8243; gap=&#8221;10&#8243; item=&#8221;mediaGrid_BorderedScaleWithTitle&#8221; grid_id=&#8221;vc_gid:1581847137206-6a2c472a-5021-10&#8243; include=&#8221;22520,22523,22526,22529,22532,22535,22538,22541,22544,22547,22550,22553,22556,22559,22562,22565,22568,22571,22574,22577,22580,22583,22586,22589,22592,22595,22598,22601,22604,22607,22610,22613,22616,22619,22622,22625,22628,22631,22634,22637,22640,22643,22646,22649&#8243;][\/vc_tta_section][vc_tta_section title=&#8221;Izyda A800&#8243; tab_id=&#8221;1581769744190-6cee9982-0321&#8243;][vc_media_grid element_width=&#8221;2&#8243; gap=&#8221;10&#8243; item=&#8221;mediaGrid_BorderedScaleWithTitle&#8221; grid_id=&#8221;vc_gid:1581847137254-57b838b0-3b1d-10&#8243; include=&#8221;22652,22655,22658,22661,22664,22667,22670,22673,22676,22679,22682,22685,22688,22691,22694,22697,22700,22703,22706,22709,22712,22715,22718,22721,22724,22727,22730,22733,22736,22739,22742,22745&#8243;][\/vc_tta_section][vc_tta_section title=&#8221;Luminis A900&#8243; tab_id=&#8221;1581770113999-0b34c089-f84e&#8221;][vc_media_grid element_width=&#8221;2&#8243; gap=&#8221;10&#8243; item=&#8221;mediaGrid_BorderedScaleWithTitle&#8221; grid_id=&#8221;vc_gid:1581847137289-d959beda-924c-5&#8243; include=&#8221;22748,22751,22754,22757,22760,22763,22766,22769,22772,22775,22778,22781,22784,22787,22790,22793,22796,22799,22802,22805,22808,22811,22814,22817,22820,22823,22826,22829,22832,22835,22838,22841,22844,22847,22850,22853,22856,22859,22862,22865&#8243;][\/vc_tta_section][vc_tta_section title=&#8221;Julia C100&#8243; tab_id=&#8221;1581771330514-288b336f-7f82&#8243;][vc_media_grid element_width=&#8221;2&#8243; gap=&#8221;10&#8243; item=&#8221;mediaGrid_BorderedScaleWithTitle&#8221; grid_id=&#8221;vc_gid:1581847137334-87896fe6-cf7b-8&#8243; include=&#8221;22895,22892,22889,22886,22883,22880,22877,22874,22871,22868,22898,22901,22904,22907,22910,22913,22916,22919,22922&#8243;][\/vc_tta_section][vc_tta_section title=&#8221;Charlotte C200&#8243; tab_id=&#8221;1581771982197-c5cb8ec0-b07e&#8221;][vc_media_grid style=&#8221;lazy&#8221; items_per_page=&#8221;24&#8243; element_width=&#8221;2&#8243; gap=&#8221;10&#8243; item=&#8221;mediaGrid_BorderedScaleWithTitle&#8221; grid_id=&#8221;vc_gid:1581847137354-d3941c78-673b-1&#8243; include=&#8221;22925,22928,22931,22934,22937,22940,22943,22946,22949,22952,22955,22958,22961,22964,22967,22970&#8243;][\/vc_tta_section][vc_tta_section title=&#8221;Julia C300&#8243; tab_id=&#8221;1581772566395-6667af48-a8ef&#8221;][vc_media_grid style=&#8221;lazy&#8221; items_per_page=&#8221;24&#8243; element_width=&#8221;2&#8243; gap=&#8221;10&#8243; item=&#8221;mediaGrid_BorderedScaleWithTitle&#8221; grid_id=&#8221;vc_gid:1581847137370-44475784-4d98-0&#8243; include=&#8221;22973,22976,22979&#8243;][\/vc_tta_section][vc_tta_section title=&#8221;Tiffany C400&#8243; tab_id=&#8221;1581772700129-fdec5bf7-df3c&#8221;][vc_media_grid style=&#8221;lazy&#8221; items_per_page=&#8221;24&#8243; element_width=&#8221;2&#8243; gap=&#8221;10&#8243; item=&#8221;mediaGrid_BorderedScaleWithTitle&#8221; grid_id=&#8221;vc_gid:1581847137374-e07d33e9-73de-2&#8243; include=&#8221;23045,23042,23039,23036,23033,23030,23027,23024,23021,23018,23015,23012,23009,23003,22997,22994,22991,22988,22985,22982&#8243;][\/vc_tta_section][vc_tta_section title=&#8221;Modern T400&#8243; tab_id=&#8221;1581773352182-e0d0d61e-f3e9&#8243;][vc_media_grid style=&#8221;lazy&#8221; items_per_page=&#8221;24&#8243; element_width=&#8221;2&#8243; gap=&#8221;10&#8243; item=&#8221;mediaGrid_BorderedScaleWithTitle&#8221; grid_id=&#8221;vc_gid:1581847137398-76c298bd-8892-6&#8243; include=&#8221;23048,23051,23054,23057,23060&#8243;][\/vc_tta_section][vc_tta_section title=&#8221;Screen Metallic SM10&#8243; tab_id=&#8221;1581773449291-ee864d69-1a19&#8243;][vc_media_grid style=&#8221;lazy&#8221; items_per_page=&#8221;24&#8243; element_width=&#8221;2&#8243; gap=&#8221;10&#8243; item=&#8221;mediaGrid_BorderedScaleWithTitle&#8221; grid_id=&#8221;vc_gid:1581847137401-6ff59174-1d91-1&#8243; include=&#8221;23063,23066,23069,23072,23075&#8243;][\/vc_tta_section][vc_tta_section title=&#8221;Charlotte 500&#8243; tab_id=&#8221;1581773579742-3a833351-7558&#8243;][vc_media_grid style=&#8221;lazy&#8221; items_per_page=&#8221;24&#8243; element_width=&#8221;2&#8243; gap=&#8221;10&#8243; item=&#8221;mediaGrid_BorderedScaleWithTitle&#8221; grid_id=&#8221;vc_gid:1581847137407-b6d5a614-9d10-0&#8243; include=&#8221;23078,23081,23084,23087,23090,23093,23096,23099,23102,23105,23108,23111&#8243;][\/vc_tta_section][vc_tta_section title=&#8221;Paradise MP600&#8243; tab_id=&#8221;1581773864178-3f0f97f6-43fd&#8221;][vc_media_grid style=&#8221;lazy&#8221; items_per_page=&#8221;24&#8243; element_width=&#8221;2&#8243; gap=&#8221;10&#8243; item=&#8221;mediaGrid_BorderedScaleWithTitle&#8221; grid_id=&#8221;vc_gid:1581847137427-daacfe83-1af0-1&#8243; include=&#8221;23114,23117,23120,23123,23126,23129,23132,23135,23138,23141,23144,23147&#8243;][\/vc_tta_section][\/vc_tta_tour]<\/div><\/div><\/div><\/div>\n","protected":false},"excerpt":{"rendered":"[vc_tta_tour controls_size=\"sm\" active_section=\"1\"][vc_tta_section title=\"Camila A600\" tab_id=\"1581768204287-631d7f0e-0c8e\"][vc_media_grid element_width=\"2\" gap=\"10\" item=\"mediaGrid_BorderedScaleWithTitle\" grid_id=\"vc_gid:1581847137206-6a2c472a-5021-10\" include=\"22520,22523,22526,22529,22532,22535,22538,22541,22544,22547,22550,22553,22556,22559,22562,22565,22568,22571,22574,22577,22580,22583,22586,22589,22592,22595,22598,22601,22604,22607,22610,22613,22616,22619,22622,22625,22628,22631,22634,22637,22640,22643,22646,22649\"][\/vc_tta_section][vc_tta_section title=\"Izyda A800\" tab_id=\"1581769744190-6cee9982-0321\"][vc_media_grid element_width=\"2\" gap=\"10\" item=\"mediaGrid_BorderedScaleWithTitle\" grid_id=\"vc_gid:1581847137254-57b838b0-3b1d-10\" include=\"22652,22655,22658,22661,22664,22667,22670,22673,22676,22679,22682,22685,22688,22691,22694,22697,22700,22703,22706,22709,22712,22715,22718,22721,22724,22727,22730,22733,22736,22739,22742,22745\"][\/vc_tta_section][vc_tta_section title=\"Luminis A900\" tab_id=\"1581770113999-0b34c089-f84e\"][vc_media_grid element_width=\"2\" gap=\"10\" item=\"mediaGrid_BorderedScaleWithTitle\" grid_id=\"vc_gid:1581847137289-d959beda-924c-5\" include=\"22748,22751,22754,22757,22760,22763,22766,22769,22772,22775,22778,22781,22784,22787,22790,22793,22796,22799,22802,22805,22808,22811,22814,22817,22820,22823,22826,22829,22832,22835,22838,22841,22844,22847,22850,22853,22856,22859,22862,22865\"][\/vc_tta_section][vc_tta_section title=\"Julia C100\" tab_id=\"1581771330514-288b336f-7f82\"][vc_media_grid element_width=\"2\" gap=\"10\" item=\"mediaGrid_BorderedScaleWithTitle\" grid_id=\"vc_gid:1581847137334-87896fe6-cf7b-8\" include=\"22895,22892,22889,22886,22883,22880,22877,22874,22871,22868,22898,22901,22904,22907,22910,22913,22916,22919,22922\"][\/vc_tta_section][vc_tta_section title=\"Charlotte C200\" tab_id=\"1581771982197-c5cb8ec0-b07e\"][vc_media_grid style=\"lazy\" items_per_page=\"24\" element_width=\"2\" gap=\"10\" item=\"mediaGrid_BorderedScaleWithTitle\" grid_id=\"vc_gid:1581847137354-d3941c78-673b-1\" include=\"22925,22928,22931,22934,22937,22940,22943,22946,22949,22952,22955,22958,22961,22964,22967,22970\"][\/vc_tta_section][vc_tta_section title=\"Julia C300\" tab_id=\"1581772566395-6667af48-a8ef\"][vc_media_grid style=\"lazy\" items_per_page=\"24\" element_width=\"2\" gap=\"10\" item=\"mediaGrid_BorderedScaleWithTitle\" grid_id=\"vc_gid:1581847137370-44475784-4d98-0\" include=\"22973,22976,22979\"][\/vc_tta_section][vc_tta_section [...]","protected":false},"author":1,"featured_media":0,"parent":0,"menu_order":0,"comment_status":"closed","ping_status":"closed","template":"page-pagebuilder-title.php","meta":{"inline_featured_image":false,"footnotes":""},"class_list":["post-26454","page","type-page","status-publish"],"yoast_head":"<!-- This site is optimized with the Yoast SEO plugin v18.4.1 - https:\/\/yoast.com\/wordpress\/plugins\/seo\/ -->\n<title>Sigma Systemy Os\u0142onowe &#8211; Producent system\u00f3w przeciws\u0142onecznych &#8211; Producent rolet zewn\u0119trznych, Producent screen\u00f3w &#8211; Screeny, Producent markiz, Produkcja Pergol, Producent plis, Producent rolet wewn\u0119trznych, Producent bram rolowanych | Sanok, Krosno, Rzesz\u00f3w, Podkarpacie<\/title>\n<meta name=\"robots\" content=\"index, follow, max-snippet:-1, max-image-preview:large, max-video-preview:-1\" \/>\n<link rel=\"canonical\" href=\"https:\/\/sigma.sanok.pl\/uk\/%d0%ba%d0%be%d0%bb%d0%b5%d0%ba%d1%86%d1%96%d1%8f-%d1%82%d0%ba%d0%b0%d0%bd%d0%b8%d0%bd-%d0%b4%d0%bb%d1%8f-%d1%80%d1%83%d0%bb%d0%be%d0%bd%d0%bd%d0%b8%d1%85-%d1%88%d1%82%d0%be%d1%80-%d0%be%d0%b4%d0%bd\/\" \/>\n<meta property=\"og:locale\" content=\"uk_UA\" \/>\n<meta property=\"og:type\" content=\"article\" \/>\n<meta property=\"og:url\" content=\"https:\/\/sigma.sanok.pl\/uk\/%d0%ba%d0%be%d0%bb%d0%b5%d0%ba%d1%86%d1%96%d1%8f-%d1%82%d0%ba%d0%b0%d0%bd%d0%b8%d0%bd-%d0%b4%d0%bb%d1%8f-%d1%80%d1%83%d0%bb%d0%be%d0%bd%d0%bd%d0%b8%d1%85-%d1%88%d1%82%d0%be%d1%80-%d0%be%d0%b4%d0%bd\/\" \/>\n<meta property=\"og:site_name\" content=\"Sigma Systemy Os\u0142onowe - Producent system\u00f3w przeciws\u0142onecznych - Producent rolet zewn\u0119trznych, Producent screen\u00f3w - Screeny, Producent markiz, Produkcja Pergol, Producent plis, Producent rolet wewn\u0119trznych, Producent bram rolowanych | Sanok, Krosno, Rzesz\u00f3w, Podkarpacie\" \/>\n<meta property=\"article:modified_time\" content=\"2022-02-05T20:49:40+00:00\" \/>\n<meta name=\"twitter:card\" content=\"summary_large_image\" \/>\n<meta name=\"twitter:label1\" content=\"\u041f\u0440\u0438\u0431\u043b. \u0447\u0430\u0441 \u0447\u0438\u0442\u0430\u043d\u043d\u044f\" \/>\n\t<meta name=\"twitter:data1\" content=\"2 \u0445\u0432\u0438\u043b\u0438\u043d\u0438\" \/>\n<script type=\"application\/ld+json\" class=\"yoast-schema-graph\">{\"@context\":\"https:\/\/schema.org\",\"@graph\":[{\"@type\":\"Organization\",\"@id\":\"https:\/\/sigma.sanok.pl\/uk\/#organization\",\"name\":\"Sigma Systemy Os\u0142onowe\",\"url\":\"https:\/\/sigma.sanok.pl\/uk\/\",\"sameAs\":[],\"logo\":{\"@type\":\"ImageObject\",\"@id\":\"https:\/\/sigma.sanok.pl\/uk\/#logo\",\"inLanguage\":\"uk\",\"url\":\"https:\/\/sigma.sanok.pl\/wp-content\/uploads\/2019\/12\/logo_sigma-loader.png\",\"contentUrl\":\"https:\/\/sigma.sanok.pl\/wp-content\/uploads\/2019\/12\/logo_sigma-loader.png\",\"width\":120,\"height\":120,\"caption\":\"Sigma Systemy Os\u0142onowe\"},\"image\":{\"@id\":\"https:\/\/sigma.sanok.pl\/uk\/#logo\"}},{\"@type\":\"WebSite\",\"@id\":\"https:\/\/sigma.sanok.pl\/uk\/#website\",\"url\":\"https:\/\/sigma.sanok.pl\/uk\/\",\"name\":\"Sigma Systemy Os\u0142onowe - Producent system\u00f3w przeciws\u0142onecznych - rolet zewn\u0119trznych, screen\u00f3w, markiz, plis, rolet wewn\u0119trznych oraz bram rolowanych\",\"description\":\"Producent Markizy, Pergole - Producent,  \u017baluzje fasadowe, Producent Rolety zewn\u0119trzne, Rolety wewn\u0119trzne - Producent, Producent Screeny, Plisy - Producent, Bramy gara\u017cowe, Bramy przemys\u0142owe, Bramy rolowane,Nap\u0119dy, Automatyka | Podkarpacie, Rzesz\u00f3w , Sanok,  Krosno, Lesko, Brzoz\u00f3w, Ustrzyki\",\"publisher\":{\"@id\":\"https:\/\/sigma.sanok.pl\/uk\/#organization\"},\"potentialAction\":[{\"@type\":\"SearchAction\",\"target\":{\"@type\":\"EntryPoint\",\"urlTemplate\":\"https:\/\/sigma.sanok.pl\/uk\/?s={search_term_string}\"},\"query-input\":\"required name=search_term_string\"}],\"inLanguage\":\"uk\"},{\"@type\":\"WebPage\",\"@id\":\"https:\/\/sigma.sanok.pl\/uk\/%d0%ba%d0%be%d0%bb%d0%b5%d0%ba%d1%86%d1%96%d1%8f-%d1%82%d0%ba%d0%b0%d0%bd%d0%b8%d0%bd-%d0%b4%d0%bb%d1%8f-%d1%80%d1%83%d0%bb%d0%be%d0%bd%d0%bd%d0%b8%d1%85-%d1%88%d1%82%d0%be%d1%80-%d0%be%d0%b4%d0%bd\/#webpage\",\"url\":\"https:\/\/sigma.sanok.pl\/uk\/%d0%ba%d0%be%d0%bb%d0%b5%d0%ba%d1%86%d1%96%d1%8f-%d1%82%d0%ba%d0%b0%d0%bd%d0%b8%d0%bd-%d0%b4%d0%bb%d1%8f-%d1%80%d1%83%d0%bb%d0%be%d0%bd%d0%bd%d0%b8%d1%85-%d1%88%d1%82%d0%be%d1%80-%d0%be%d0%b4%d0%bd\/\",\"name\":\"\u041a\u043e\u043b\u0435\u043a\u0446\u0456\u044f \u0442\u043a\u0430\u043d\u0438\u043d \u0434\u043b\u044f \u0440\u0443\u043b\u043e\u043d\u043d\u0438\u0445 \u0448\u0442\u043e\u0440 - \u043e\u0434\u043d\u043e\u043a\u043e\u043b\u0456\u0440\u043d\u0456 \u0442\u043a\u0430\u043d\u0438\u043d\u0438 - Sigma Systemy Os\u0142onowe - Producent system\u00f3w przeciws\u0142onecznych - Producent rolet zewn\u0119trznych, Producent screen\u00f3w - Screeny, Producent markiz, Produkcja Pergol, Producent plis, Producent rolet wewn\u0119trznych, Producent bram rolowanych | Sanok, Krosno, Rzesz\u00f3w, Podkarpacie\",\"isPartOf\":{\"@id\":\"https:\/\/sigma.sanok.pl\/uk\/#website\"},\"datePublished\":\"2020-02-16T08:53:49+00:00\",\"dateModified\":\"2022-02-05T20:49:40+00:00\",\"breadcrumb\":{\"@id\":\"https:\/\/sigma.sanok.pl\/uk\/%d0%ba%d0%be%d0%bb%d0%b5%d0%ba%d1%86%d1%96%d1%8f-%d1%82%d0%ba%d0%b0%d0%bd%d0%b8%d0%bd-%d0%b4%d0%bb%d1%8f-%d1%80%d1%83%d0%bb%d0%be%d0%bd%d0%bd%d0%b8%d1%85-%d1%88%d1%82%d0%be%d1%80-%d0%be%d0%b4%d0%bd\/#breadcrumb\"},\"inLanguage\":\"uk\",\"potentialAction\":[{\"@type\":\"ReadAction\",\"target\":[\"https:\/\/sigma.sanok.pl\/uk\/%d0%ba%d0%be%d0%bb%d0%b5%d0%ba%d1%86%d1%96%d1%8f-%d1%82%d0%ba%d0%b0%d0%bd%d0%b8%d0%bd-%d0%b4%d0%bb%d1%8f-%d1%80%d1%83%d0%bb%d0%be%d0%bd%d0%bd%d0%b8%d1%85-%d1%88%d1%82%d0%be%d1%80-%d0%be%d0%b4%d0%bd\/\"]}]},{\"@type\":\"BreadcrumbList\",\"@id\":\"https:\/\/sigma.sanok.pl\/uk\/%d0%ba%d0%be%d0%bb%d0%b5%d0%ba%d1%86%d1%96%d1%8f-%d1%82%d0%ba%d0%b0%d0%bd%d0%b8%d0%bd-%d0%b4%d0%bb%d1%8f-%d1%80%d1%83%d0%bb%d0%be%d0%bd%d0%bd%d0%b8%d1%85-%d1%88%d1%82%d0%be%d1%80-%d0%be%d0%b4%d0%bd\/#breadcrumb\",\"itemListElement\":[{\"@type\":\"ListItem\",\"position\":1,\"name\":\"Strona g\u0142\u00f3wna\",\"item\":\"https:\/\/sigma.sanok.pl\/uk\/\"},{\"@type\":\"ListItem\",\"position\":2,\"name\":\"\u041a\u043e\u043b\u0435\u043a\u0446\u0456\u044f \u0442\u043a\u0430\u043d\u0438\u043d \u0434\u043b\u044f \u0440\u0443\u043b\u043e\u043d\u043d\u0438\u0445 \u0448\u0442\u043e\u0440 &#8211; \u043e\u0434\u043d\u043e\u043a\u043e\u043b\u0456\u0440\u043d\u0456 \u0442\u043a\u0430\u043d\u0438\u043d\u0438\"}]}]}<\/script>\n<!-- \/ Yoast SEO plugin. -->","yoast_head_json":{"title":"Sigma Systemy Os\u0142onowe &#8211; Producent system\u00f3w przeciws\u0142onecznych &#8211; Producent rolet zewn\u0119trznych, Producent screen\u00f3w &#8211; Screeny, Producent markiz, Produkcja Pergol, Producent plis, Producent rolet wewn\u0119trznych, Producent bram rolowanych | Sanok, Krosno, Rzesz\u00f3w, Podkarpacie","robots":{"index":"index","follow":"follow","max-snippet":"max-snippet:-1","max-image-preview":"max-image-preview:large","max-video-preview":"max-video-preview:-1"},"canonical":"https:\/\/sigma.sanok.pl\/uk\/%d0%ba%d0%be%d0%bb%d0%b5%d0%ba%d1%86%d1%96%d1%8f-%d1%82%d0%ba%d0%b0%d0%bd%d0%b8%d0%bd-%d0%b4%d0%bb%d1%8f-%d1%80%d1%83%d0%bb%d0%be%d0%bd%d0%bd%d0%b8%d1%85-%d1%88%d1%82%d0%be%d1%80-%d0%be%d0%b4%d0%bd\/","og_locale":"uk_UA","og_type":"article","og_url":"https:\/\/sigma.sanok.pl\/uk\/%d0%ba%d0%be%d0%bb%d0%b5%d0%ba%d1%86%d1%96%d1%8f-%d1%82%d0%ba%d0%b0%d0%bd%d0%b8%d0%bd-%d0%b4%d0%bb%d1%8f-%d1%80%d1%83%d0%bb%d0%be%d0%bd%d0%bd%d0%b8%d1%85-%d1%88%d1%82%d0%be%d1%80-%d0%be%d0%b4%d0%bd\/","og_site_name":"Sigma Systemy Os\u0142onowe - Producent system\u00f3w przeciws\u0142onecznych - Producent rolet zewn\u0119trznych, Producent screen\u00f3w - Screeny, Producent markiz, Produkcja Pergol, Producent plis, Producent rolet wewn\u0119trznych, Producent bram rolowanych | Sanok, Krosno, Rzesz\u00f3w, Podkarpacie","article_modified_time":"2022-02-05T20:49:40+00:00","twitter_card":"summary_large_image","twitter_misc":{"\u041f\u0440\u0438\u0431\u043b. \u0447\u0430\u0441 \u0447\u0438\u0442\u0430\u043d\u043d\u044f":"2 \u0445\u0432\u0438\u043b\u0438\u043d\u0438"},"schema":{"@context":"https:\/\/schema.org","@graph":[{"@type":"Organization","@id":"https:\/\/sigma.sanok.pl\/uk\/#organization","name":"Sigma Systemy Os\u0142onowe","url":"https:\/\/sigma.sanok.pl\/uk\/","sameAs":[],"logo":{"@type":"ImageObject","@id":"https:\/\/sigma.sanok.pl\/uk\/#logo","inLanguage":"uk","url":"https:\/\/sigma.sanok.pl\/wp-content\/uploads\/2019\/12\/logo_sigma-loader.png","contentUrl":"https:\/\/sigma.sanok.pl\/wp-content\/uploads\/2019\/12\/logo_sigma-loader.png","width":120,"height":120,"caption":"Sigma Systemy Os\u0142onowe"},"image":{"@id":"https:\/\/sigma.sanok.pl\/uk\/#logo"}},{"@type":"WebSite","@id":"https:\/\/sigma.sanok.pl\/uk\/#website","url":"https:\/\/sigma.sanok.pl\/uk\/","name":"Sigma Systemy Os\u0142onowe - Producent system\u00f3w przeciws\u0142onecznych - rolet zewn\u0119trznych, screen\u00f3w, markiz, plis, rolet wewn\u0119trznych oraz bram rolowanych","description":"Producent Markizy, Pergole - Producent,  \u017baluzje fasadowe, Producent Rolety zewn\u0119trzne, Rolety wewn\u0119trzne - Producent, Producent Screeny, Plisy - Producent, Bramy gara\u017cowe, Bramy przemys\u0142owe, Bramy rolowane,Nap\u0119dy, Automatyka | Podkarpacie, Rzesz\u00f3w , Sanok,  Krosno, Lesko, Brzoz\u00f3w, Ustrzyki","publisher":{"@id":"https:\/\/sigma.sanok.pl\/uk\/#organization"},"potentialAction":[{"@type":"SearchAction","target":{"@type":"EntryPoint","urlTemplate":"https:\/\/sigma.sanok.pl\/uk\/?s={search_term_string}"},"query-input":"required name=search_term_string"}],"inLanguage":"uk"},{"@type":"WebPage","@id":"https:\/\/sigma.sanok.pl\/uk\/%d0%ba%d0%be%d0%bb%d0%b5%d0%ba%d1%86%d1%96%d1%8f-%d1%82%d0%ba%d0%b0%d0%bd%d0%b8%d0%bd-%d0%b4%d0%bb%d1%8f-%d1%80%d1%83%d0%bb%d0%be%d0%bd%d0%bd%d0%b8%d1%85-%d1%88%d1%82%d0%be%d1%80-%d0%be%d0%b4%d0%bd\/#webpage","url":"https:\/\/sigma.sanok.pl\/uk\/%d0%ba%d0%be%d0%bb%d0%b5%d0%ba%d1%86%d1%96%d1%8f-%d1%82%d0%ba%d0%b0%d0%bd%d0%b8%d0%bd-%d0%b4%d0%bb%d1%8f-%d1%80%d1%83%d0%bb%d0%be%d0%bd%d0%bd%d0%b8%d1%85-%d1%88%d1%82%d0%be%d1%80-%d0%be%d0%b4%d0%bd\/","name":"\u041a\u043e\u043b\u0435\u043a\u0446\u0456\u044f \u0442\u043a\u0430\u043d\u0438\u043d \u0434\u043b\u044f \u0440\u0443\u043b\u043e\u043d\u043d\u0438\u0445 \u0448\u0442\u043e\u0440 - \u043e\u0434\u043d\u043e\u043a\u043e\u043b\u0456\u0440\u043d\u0456 \u0442\u043a\u0430\u043d\u0438\u043d\u0438 - Sigma Systemy Os\u0142onowe - Producent system\u00f3w przeciws\u0142onecznych - Producent rolet zewn\u0119trznych, Producent screen\u00f3w - Screeny, Producent markiz, Produkcja Pergol, Producent plis, Producent rolet wewn\u0119trznych, Producent bram rolowanych | Sanok, Krosno, Rzesz\u00f3w, Podkarpacie","isPartOf":{"@id":"https:\/\/sigma.sanok.pl\/uk\/#website"},"datePublished":"2020-02-16T08:53:49+00:00","dateModified":"2022-02-05T20:49:40+00:00","breadcrumb":{"@id":"https:\/\/sigma.sanok.pl\/uk\/%d0%ba%d0%be%d0%bb%d0%b5%d0%ba%d1%86%d1%96%d1%8f-%d1%82%d0%ba%d0%b0%d0%bd%d0%b8%d0%bd-%d0%b4%d0%bb%d1%8f-%d1%80%d1%83%d0%bb%d0%be%d0%bd%d0%bd%d0%b8%d1%85-%d1%88%d1%82%d0%be%d1%80-%d0%be%d0%b4%d0%bd\/#breadcrumb"},"inLanguage":"uk","potentialAction":[{"@type":"ReadAction","target":["https:\/\/sigma.sanok.pl\/uk\/%d0%ba%d0%be%d0%bb%d0%b5%d0%ba%d1%86%d1%96%d1%8f-%d1%82%d0%ba%d0%b0%d0%bd%d0%b8%d0%bd-%d0%b4%d0%bb%d1%8f-%d1%80%d1%83%d0%bb%d0%be%d0%bd%d0%bd%d0%b8%d1%85-%d1%88%d1%82%d0%be%d1%80-%d0%be%d0%b4%d0%bd\/"]}]},{"@type":"BreadcrumbList","@id":"https:\/\/sigma.sanok.pl\/uk\/%d0%ba%d0%be%d0%bb%d0%b5%d0%ba%d1%86%d1%96%d1%8f-%d1%82%d0%ba%d0%b0%d0%bd%d0%b8%d0%bd-%d0%b4%d0%bb%d1%8f-%d1%80%d1%83%d0%bb%d0%be%d0%bd%d0%bd%d0%b8%d1%85-%d1%88%d1%82%d0%be%d1%80-%d0%be%d0%b4%d0%bd\/#breadcrumb","itemListElement":[{"@type":"ListItem","position":1,"name":"Strona g\u0142\u00f3wna","item":"https:\/\/sigma.sanok.pl\/uk\/"},{"@type":"ListItem","position":2,"name":"\u041a\u043e\u043b\u0435\u043a\u0446\u0456\u044f \u0442\u043a\u0430\u043d\u0438\u043d \u0434\u043b\u044f \u0440\u0443\u043b\u043e\u043d\u043d\u0438\u0445 \u0448\u0442\u043e\u0440 &#8211; \u043e\u0434\u043d\u043e\u043a\u043e\u043b\u0456\u0440\u043d\u0456 \u0442\u043a\u0430\u043d\u0438\u043d\u0438"}]}]}},"_links":{"self":[{"href":"https:\/\/sigma.sanok.pl\/uk\/wp-json\/wp\/v2\/pages\/26454","targetHints":{"allow":["GET"]}}],"collection":[{"href":"https:\/\/sigma.sanok.pl\/uk\/wp-json\/wp\/v2\/pages"}],"about":[{"href":"https:\/\/sigma.sanok.pl\/uk\/wp-json\/wp\/v2\/types\/page"}],"author":[{"embeddable":true,"href":"https:\/\/sigma.sanok.pl\/uk\/wp-json\/wp\/v2\/users\/1"}],"replies":[{"embeddable":true,"href":"https:\/\/sigma.sanok.pl\/uk\/wp-json\/wp\/v2\/comments?post=26454"}],"version-history":[{"count":2,"href":"https:\/\/sigma.sanok.pl\/uk\/wp-json\/wp\/v2\/pages\/26454\/revisions"}],"predecessor-version":[{"id":26456,"href":"https:\/\/sigma.sanok.pl\/uk\/wp-json\/wp\/v2\/pages\/26454\/revisions\/26456"}],"wp:attachment":[{"href":"https:\/\/sigma.sanok.pl\/uk\/wp-json\/wp\/v2\/media?parent=26454"}],"curies":[{"name":"wp","href":"https:\/\/api.w.org\/{rel}","templated":true}]}}