{"id":26451,"date":"2020-02-16T09:54:47","date_gmt":"2020-02-16T08:54:47","guid":{"rendered":"https:\/\/sigma.sanok.pl\/%d0%ba%d0%be%d0%bb%d0%b5%d0%ba%d1%86%d1%96%d1%8f-%d1%82%d0%ba%d0%b0%d0%bd%d0%b8%d0%bd-%d0%b4%d0%bb%d1%8f-%d1%80%d1%83%d0%bb%d0%be%d0%bd%d0%bd%d0%b8%d1%85-%d1%88%d1%82%d0%be%d1%80-druki\/"},"modified":"2022-02-05T21:48:45","modified_gmt":"2022-02-05T20:48:45","slug":"%d0%ba%d0%be%d0%bb%d0%b5%d0%ba%d1%86%d1%96%d1%8f-%d1%82%d0%ba%d0%b0%d0%bd%d0%b8%d0%bd-%d0%b4%d0%bb%d1%8f-%d1%80%d1%83%d0%bb%d0%be%d0%bd%d0%bd%d0%b8%d1%85-%d1%88%d1%82%d0%be%d1%80-druki","status":"publish","type":"page","link":"https:\/\/sigma.sanok.pl\/uk\/%d0%ba%d0%be%d0%bb%d0%b5%d0%ba%d1%86%d1%96%d1%8f-%d1%82%d0%ba%d0%b0%d0%bd%d0%b8%d0%bd-%d0%b4%d0%bb%d1%8f-%d1%80%d1%83%d0%bb%d0%be%d0%bd%d0%bd%d0%b8%d1%85-%d1%88%d1%82%d0%be%d1%80-druki\/","title":{"rendered":"\u041a\u043e\u043b\u0435\u043a\u0446\u0456\u044f \u0442\u043a\u0430\u043d\u0438\u043d \u0434\u043b\u044f \u0440\u0443\u043b\u043e\u043d\u043d\u0438\u0445 \u0448\u0442\u043e\u0440 &#8211; DRUKI"},"content":{"rendered":"<div id=\"tdi_1\" class=\"tdc-row\"><div class=\"vc_row tdi_2  wpb_row td-pb-row\" >\n<style scoped>\n\/* custom css - generated by TagDiv Composer *\/\n\n\/* custom css - generated by TagDiv Composer *\/\n\/* custom css - generated by TagDiv Composer *\/\n.tdi_2,\r\n                .tdi_2 .tdc-columns{\r\n                    min-height: 0;\r\n                }.tdi_2,\r\n\t\t\t\t.tdi_2 .tdc-columns{\r\n\t\t\t\t    display: block;\r\n\t\t\t\t}.tdi_2 .tdc-columns{\r\n\t\t\t\t    width: 100%;\r\n\t\t\t\t}\n<\/style><div class=\"vc_column tdi_4  wpb_column vc_column_container tdc-column td-pb-span12\">\n<style scoped>\n\/* custom css - generated by TagDiv Composer *\/\n\n\/* custom css - generated by TagDiv Composer *\/\n\/* custom css - generated by TagDiv Composer *\/\n.tdi_4{\r\n                    vertical-align: baseline;\r\n                }.tdi_4 > .wpb_wrapper,\r\n\t\t\t\t.tdi_4 > .wpb_wrapper > .tdc-elements{\r\n\t\t\t\t    display: block;\r\n\t\t\t\t}.tdi_4 > .wpb_wrapper > .tdc-elements{\r\n\t\t\t\t    width: 100%;\r\n\t\t\t\t}.tdi_4 > .wpb_wrapper > .vc_row_inner{\r\n\t\t\t\t    width: auto;\r\n\t\t\t\t}.tdi_4 > .wpb_wrapper{\r\n\t\t\t\t    width: auto;\r\n\t\t\t\t    height: auto;\r\n\t\t\t\t}\n<\/style><div class=\"wpb_wrapper\" >[vc_tta_tour controls_size=&#8221;sm&#8221; active_section=&#8221;1&#8243;][vc_tta_section title=&#8221;Grupa B300&#8243; tab_id=&#8221;1581774130419-8da09b0b-c023&#8243;][vc_media_grid style=&#8221;lazy&#8221; items_per_page=&#8221;24&#8243; element_width=&#8221;2&#8243; gap=&#8221;10&#8243; item=&#8221;mediaGrid_BorderedScaleWithTitle&#8221; grid_id=&#8221;vc_gid:1581847137909-8f11029d-c68e-10&#8243; include=&#8221;23192,23189,23183,23177,23171,23165,23159,23153&#8243;][\/vc_tta_section][vc_tta_section title=&#8221;Grupa B400&#8243; tab_id=&#8221;1581774492333-43cbac2e-3daa&#8221;][vc_media_grid style=&#8221;lazy&#8221; items_per_page=&#8221;24&#8243; element_width=&#8221;2&#8243; gap=&#8221;10&#8243; item=&#8221;mediaGrid_BorderedScaleWithTitle&#8221; grid_id=&#8221;vc_gid:1581847137924-d355b19f-5ed9-3&#8243; include=&#8221;23195,23198,23201&#8243;][\/vc_tta_section][vc_tta_section title=&#8221;Grupa B700&#8243; tab_id=&#8221;1581774609185-c0390c72-5ed4&#8243;][vc_media_grid style=&#8221;lazy&#8221; items_per_page=&#8221;24&#8243; element_width=&#8221;2&#8243; gap=&#8221;10&#8243; item=&#8221;mediaGrid_BorderedScaleWithTitle&#8221; grid_id=&#8221;vc_gid:1581847137930-ef75609a-b658-3&#8243; include=&#8221;23204,23207,23210,23213,23216,23219,23222,23225,23228,23231,23234,23237,23240,23243,23246,23249&#8243;][\/vc_tta_section][vc_tta_section title=&#8221;Grupa B800&#8243; tab_id=&#8221;1581774859398-843b6793-b6c1&#8243;][vc_media_grid style=&#8221;lazy&#8221; items_per_page=&#8221;24&#8243; element_width=&#8221;2&#8243; gap=&#8221;10&#8243; item=&#8221;mediaGrid_BorderedScaleWithTitle&#8221; grid_id=&#8221;vc_gid:1581847137945-cc1faa78-7334-2&#8243; include=&#8221;23252,23255,23258&#8243;][\/vc_tta_section][vc_tta_section title=&#8221;Grupa B900&#8243; tab_id=&#8221;1581775069917-636ee356-fa40&#8243;][vc_media_grid style=&#8221;lazy&#8221; items_per_page=&#8221;24&#8243; element_width=&#8221;2&#8243; gap=&#8221;10&#8243; item=&#8221;mediaGrid_BorderedScaleWithTitle&#8221; grid_id=&#8221;vc_gid:1581847137949-9fcb3adc-f92a-6&#8243; include=&#8221;23264,23267,23270,23273,23276,23279,23282,23285,23288,23291,23294,23297,23300,23303,23306,23309,23312,23315,23318,23321,23324,23327,23330,23333,23336,23339,23342,23345,23348,23351&#8243;][\/vc_tta_section][vc_tta_section title=&#8221;Grupa B1000&#8243; tab_id=&#8221;1581775765748-85db194a-1448&#8243;][vc_media_grid style=&#8221;lazy&#8221; items_per_page=&#8221;24&#8243; element_width=&#8221;2&#8243; gap=&#8221;10&#8243; item=&#8221;mediaGrid_BorderedScaleWithTitle&#8221; grid_id=&#8221;vc_gid:1581847137975-8a017064-5742-3&#8243; include=&#8221;23386,23389,23392,23395,23398,23401,23404,23407,23410&#8243;][\/vc_tta_section][\/vc_tta_tour]<\/div><\/div><\/div><\/div>\n","protected":false},"excerpt":{"rendered":"[vc_tta_tour controls_size=\"sm\" active_section=\"1\"][vc_tta_section title=\"Grupa B300\" tab_id=\"1581774130419-8da09b0b-c023\"][vc_media_grid style=\"lazy\" items_per_page=\"24\" element_width=\"2\" gap=\"10\" item=\"mediaGrid_BorderedScaleWithTitle\" grid_id=\"vc_gid:1581847137909-8f11029d-c68e-10\" include=\"23192,23189,23183,23177,23171,23165,23159,23153\"][\/vc_tta_section][vc_tta_section title=\"Grupa B400\" tab_id=\"1581774492333-43cbac2e-3daa\"][vc_media_grid style=\"lazy\" items_per_page=\"24\" element_width=\"2\" gap=\"10\" item=\"mediaGrid_BorderedScaleWithTitle\" grid_id=\"vc_gid:1581847137924-d355b19f-5ed9-3\" include=\"23195,23198,23201\"][\/vc_tta_section][vc_tta_section title=\"Grupa B700\" tab_id=\"1581774609185-c0390c72-5ed4\"][vc_media_grid style=\"lazy\" items_per_page=\"24\" element_width=\"2\" gap=\"10\" item=\"mediaGrid_BorderedScaleWithTitle\" grid_id=\"vc_gid:1581847137930-ef75609a-b658-3\" include=\"23204,23207,23210,23213,23216,23219,23222,23225,23228,23231,23234,23237,23240,23243,23246,23249\"][\/vc_tta_section][vc_tta_section title=\"Grupa B800\" tab_id=\"1581774859398-843b6793-b6c1\"][vc_media_grid style=\"lazy\" items_per_page=\"24\" element_width=\"2\" gap=\"10\" item=\"mediaGrid_BorderedScaleWithTitle\" grid_id=\"vc_gid:1581847137945-cc1faa78-7334-2\" include=\"23252,23255,23258\"][\/vc_tta_section][vc_tta_section title=\"Grupa B900\" tab_id=\"1581775069917-636ee356-fa40\"][vc_media_grid style=\"lazy\" items_per_page=\"24\" element_width=\"2\" gap=\"10\" item=\"mediaGrid_BorderedScaleWithTitle\" grid_id=\"vc_gid:1581847137949-9fcb3adc-f92a-6\" include=\"23264,23267,23270,23273,23276,23279,23282,23285,23288,23291,23294,23297,23300,23303,23306,23309,23312,23315,23318,23321,23324,23327,23330,23333,23336,23339,23342,23345,23348,23351\"][\/vc_tta_section][vc_tta_section title=\"Grupa B1000\" [...]","protected":false},"author":1,"featured_media":0,"parent":0,"menu_order":0,"comment_status":"closed","ping_status":"closed","template":"page-pagebuilder-title.php","meta":{"inline_featured_image":false,"footnotes":""},"class_list":["post-26451","page","type-page","status-publish"],"yoast_head":"<!-- This site is optimized with the Yoast SEO plugin v18.4.1 - https:\/\/yoast.com\/wordpress\/plugins\/seo\/ -->\n<title>Sigma Systemy Os\u0142onowe &#8211; Producent system\u00f3w przeciws\u0142onecznych &#8211; Producent rolet zewn\u0119trznych, Producent screen\u00f3w &#8211; Screeny, Producent markiz, Produkcja Pergol, Producent plis, Producent rolet wewn\u0119trznych, Producent bram rolowanych | Sanok, Krosno, Rzesz\u00f3w, Podkarpacie<\/title>\n<meta name=\"robots\" content=\"index, follow, max-snippet:-1, max-image-preview:large, max-video-preview:-1\" \/>\n<link rel=\"canonical\" href=\"https:\/\/sigma.sanok.pl\/uk\/%d0%ba%d0%be%d0%bb%d0%b5%d0%ba%d1%86%d1%96%d1%8f-%d1%82%d0%ba%d0%b0%d0%bd%d0%b8%d0%bd-%d0%b4%d0%bb%d1%8f-%d1%80%d1%83%d0%bb%d0%be%d0%bd%d0%bd%d0%b8%d1%85-%d1%88%d1%82%d0%be%d1%80-druki\/\" \/>\n<meta property=\"og:locale\" content=\"uk_UA\" \/>\n<meta property=\"og:type\" content=\"article\" \/>\n<meta property=\"og:url\" content=\"https:\/\/sigma.sanok.pl\/uk\/%d0%ba%d0%be%d0%bb%d0%b5%d0%ba%d1%86%d1%96%d1%8f-%d1%82%d0%ba%d0%b0%d0%bd%d0%b8%d0%bd-%d0%b4%d0%bb%d1%8f-%d1%80%d1%83%d0%bb%d0%be%d0%bd%d0%bd%d0%b8%d1%85-%d1%88%d1%82%d0%be%d1%80-druki\/\" \/>\n<meta property=\"og:site_name\" content=\"Sigma Systemy Os\u0142onowe - Producent system\u00f3w przeciws\u0142onecznych - Producent rolet zewn\u0119trznych, Producent screen\u00f3w - Screeny, Producent markiz, Produkcja Pergol, Producent plis, Producent rolet wewn\u0119trznych, Producent bram rolowanych | Sanok, Krosno, Rzesz\u00f3w, Podkarpacie\" \/>\n<meta property=\"article:modified_time\" content=\"2022-02-05T20:48:45+00:00\" \/>\n<meta name=\"twitter:card\" content=\"summary_large_image\" \/>\n<meta name=\"twitter:label1\" content=\"\u041f\u0440\u0438\u0431\u043b. \u0447\u0430\u0441 \u0447\u0438\u0442\u0430\u043d\u043d\u044f\" \/>\n\t<meta name=\"twitter:data1\" content=\"1 \u0445\u0432\u0438\u043b\u0438\u043d\u0430\" \/>\n<script type=\"application\/ld+json\" class=\"yoast-schema-graph\">{\"@context\":\"https:\/\/schema.org\",\"@graph\":[{\"@type\":\"Organization\",\"@id\":\"https:\/\/sigma.sanok.pl\/uk\/#organization\",\"name\":\"Sigma Systemy Os\u0142onowe\",\"url\":\"https:\/\/sigma.sanok.pl\/uk\/\",\"sameAs\":[],\"logo\":{\"@type\":\"ImageObject\",\"@id\":\"https:\/\/sigma.sanok.pl\/uk\/#logo\",\"inLanguage\":\"uk\",\"url\":\"https:\/\/sigma.sanok.pl\/wp-content\/uploads\/2019\/12\/logo_sigma-loader.png\",\"contentUrl\":\"https:\/\/sigma.sanok.pl\/wp-content\/uploads\/2019\/12\/logo_sigma-loader.png\",\"width\":120,\"height\":120,\"caption\":\"Sigma Systemy Os\u0142onowe\"},\"image\":{\"@id\":\"https:\/\/sigma.sanok.pl\/uk\/#logo\"}},{\"@type\":\"WebSite\",\"@id\":\"https:\/\/sigma.sanok.pl\/uk\/#website\",\"url\":\"https:\/\/sigma.sanok.pl\/uk\/\",\"name\":\"Sigma Systemy Os\u0142onowe - Producent system\u00f3w przeciws\u0142onecznych - rolet zewn\u0119trznych, screen\u00f3w, markiz, plis, rolet wewn\u0119trznych oraz bram rolowanych\",\"description\":\"Producent Markizy, Pergole - Producent,  \u017baluzje fasadowe, Producent Rolety zewn\u0119trzne, Rolety wewn\u0119trzne - Producent, Producent Screeny, Plisy - Producent, Bramy gara\u017cowe, Bramy przemys\u0142owe, Bramy rolowane,Nap\u0119dy, Automatyka | Podkarpacie, Rzesz\u00f3w , Sanok,  Krosno, Lesko, Brzoz\u00f3w, Ustrzyki\",\"publisher\":{\"@id\":\"https:\/\/sigma.sanok.pl\/uk\/#organization\"},\"potentialAction\":[{\"@type\":\"SearchAction\",\"target\":{\"@type\":\"EntryPoint\",\"urlTemplate\":\"https:\/\/sigma.sanok.pl\/uk\/?s={search_term_string}\"},\"query-input\":\"required name=search_term_string\"}],\"inLanguage\":\"uk\"},{\"@type\":\"WebPage\",\"@id\":\"https:\/\/sigma.sanok.pl\/uk\/%d0%ba%d0%be%d0%bb%d0%b5%d0%ba%d1%86%d1%96%d1%8f-%d1%82%d0%ba%d0%b0%d0%bd%d0%b8%d0%bd-%d0%b4%d0%bb%d1%8f-%d1%80%d1%83%d0%bb%d0%be%d0%bd%d0%bd%d0%b8%d1%85-%d1%88%d1%82%d0%be%d1%80-druki\/#webpage\",\"url\":\"https:\/\/sigma.sanok.pl\/uk\/%d0%ba%d0%be%d0%bb%d0%b5%d0%ba%d1%86%d1%96%d1%8f-%d1%82%d0%ba%d0%b0%d0%bd%d0%b8%d0%bd-%d0%b4%d0%bb%d1%8f-%d1%80%d1%83%d0%bb%d0%be%d0%bd%d0%bd%d0%b8%d1%85-%d1%88%d1%82%d0%be%d1%80-druki\/\",\"name\":\"\u041a\u043e\u043b\u0435\u043a\u0446\u0456\u044f \u0442\u043a\u0430\u043d\u0438\u043d \u0434\u043b\u044f \u0440\u0443\u043b\u043e\u043d\u043d\u0438\u0445 \u0448\u0442\u043e\u0440 - DRUKI - Sigma Systemy Os\u0142onowe - Producent system\u00f3w przeciws\u0142onecznych - Producent rolet zewn\u0119trznych, Producent screen\u00f3w - Screeny, Producent markiz, Produkcja Pergol, Producent plis, Producent rolet wewn\u0119trznych, Producent bram rolowanych | Sanok, Krosno, Rzesz\u00f3w, Podkarpacie\",\"isPartOf\":{\"@id\":\"https:\/\/sigma.sanok.pl\/uk\/#website\"},\"datePublished\":\"2020-02-16T08:54:47+00:00\",\"dateModified\":\"2022-02-05T20:48:45+00:00\",\"breadcrumb\":{\"@id\":\"https:\/\/sigma.sanok.pl\/uk\/%d0%ba%d0%be%d0%bb%d0%b5%d0%ba%d1%86%d1%96%d1%8f-%d1%82%d0%ba%d0%b0%d0%bd%d0%b8%d0%bd-%d0%b4%d0%bb%d1%8f-%d1%80%d1%83%d0%bb%d0%be%d0%bd%d0%bd%d0%b8%d1%85-%d1%88%d1%82%d0%be%d1%80-druki\/#breadcrumb\"},\"inLanguage\":\"uk\",\"potentialAction\":[{\"@type\":\"ReadAction\",\"target\":[\"https:\/\/sigma.sanok.pl\/uk\/%d0%ba%d0%be%d0%bb%d0%b5%d0%ba%d1%86%d1%96%d1%8f-%d1%82%d0%ba%d0%b0%d0%bd%d0%b8%d0%bd-%d0%b4%d0%bb%d1%8f-%d1%80%d1%83%d0%bb%d0%be%d0%bd%d0%bd%d0%b8%d1%85-%d1%88%d1%82%d0%be%d1%80-druki\/\"]}]},{\"@type\":\"BreadcrumbList\",\"@id\":\"https:\/\/sigma.sanok.pl\/uk\/%d0%ba%d0%be%d0%bb%d0%b5%d0%ba%d1%86%d1%96%d1%8f-%d1%82%d0%ba%d0%b0%d0%bd%d0%b8%d0%bd-%d0%b4%d0%bb%d1%8f-%d1%80%d1%83%d0%bb%d0%be%d0%bd%d0%bd%d0%b8%d1%85-%d1%88%d1%82%d0%be%d1%80-druki\/#breadcrumb\",\"itemListElement\":[{\"@type\":\"ListItem\",\"position\":1,\"name\":\"Strona g\u0142\u00f3wna\",\"item\":\"https:\/\/sigma.sanok.pl\/uk\/\"},{\"@type\":\"ListItem\",\"position\":2,\"name\":\"\u041a\u043e\u043b\u0435\u043a\u0446\u0456\u044f \u0442\u043a\u0430\u043d\u0438\u043d \u0434\u043b\u044f \u0440\u0443\u043b\u043e\u043d\u043d\u0438\u0445 \u0448\u0442\u043e\u0440 &#8211; DRUKI\"}]}]}<\/script>\n<!-- \/ Yoast SEO plugin. -->","yoast_head_json":{"title":"Sigma Systemy Os\u0142onowe &#8211; Producent system\u00f3w przeciws\u0142onecznych &#8211; Producent rolet zewn\u0119trznych, Producent screen\u00f3w &#8211; Screeny, Producent markiz, Produkcja Pergol, Producent plis, Producent rolet wewn\u0119trznych, Producent bram rolowanych | Sanok, Krosno, Rzesz\u00f3w, Podkarpacie","robots":{"index":"index","follow":"follow","max-snippet":"max-snippet:-1","max-image-preview":"max-image-preview:large","max-video-preview":"max-video-preview:-1"},"canonical":"https:\/\/sigma.sanok.pl\/uk\/%d0%ba%d0%be%d0%bb%d0%b5%d0%ba%d1%86%d1%96%d1%8f-%d1%82%d0%ba%d0%b0%d0%bd%d0%b8%d0%bd-%d0%b4%d0%bb%d1%8f-%d1%80%d1%83%d0%bb%d0%be%d0%bd%d0%bd%d0%b8%d1%85-%d1%88%d1%82%d0%be%d1%80-druki\/","og_locale":"uk_UA","og_type":"article","og_url":"https:\/\/sigma.sanok.pl\/uk\/%d0%ba%d0%be%d0%bb%d0%b5%d0%ba%d1%86%d1%96%d1%8f-%d1%82%d0%ba%d0%b0%d0%bd%d0%b8%d0%bd-%d0%b4%d0%bb%d1%8f-%d1%80%d1%83%d0%bb%d0%be%d0%bd%d0%bd%d0%b8%d1%85-%d1%88%d1%82%d0%be%d1%80-druki\/","og_site_name":"Sigma Systemy Os\u0142onowe - Producent system\u00f3w przeciws\u0142onecznych - Producent rolet zewn\u0119trznych, Producent screen\u00f3w - Screeny, Producent markiz, Produkcja Pergol, Producent plis, Producent rolet wewn\u0119trznych, Producent bram rolowanych | Sanok, Krosno, Rzesz\u00f3w, Podkarpacie","article_modified_time":"2022-02-05T20:48:45+00:00","twitter_card":"summary_large_image","twitter_misc":{"\u041f\u0440\u0438\u0431\u043b. \u0447\u0430\u0441 \u0447\u0438\u0442\u0430\u043d\u043d\u044f":"1 \u0445\u0432\u0438\u043b\u0438\u043d\u0430"},"schema":{"@context":"https:\/\/schema.org","@graph":[{"@type":"Organization","@id":"https:\/\/sigma.sanok.pl\/uk\/#organization","name":"Sigma Systemy Os\u0142onowe","url":"https:\/\/sigma.sanok.pl\/uk\/","sameAs":[],"logo":{"@type":"ImageObject","@id":"https:\/\/sigma.sanok.pl\/uk\/#logo","inLanguage":"uk","url":"https:\/\/sigma.sanok.pl\/wp-content\/uploads\/2019\/12\/logo_sigma-loader.png","contentUrl":"https:\/\/sigma.sanok.pl\/wp-content\/uploads\/2019\/12\/logo_sigma-loader.png","width":120,"height":120,"caption":"Sigma Systemy Os\u0142onowe"},"image":{"@id":"https:\/\/sigma.sanok.pl\/uk\/#logo"}},{"@type":"WebSite","@id":"https:\/\/sigma.sanok.pl\/uk\/#website","url":"https:\/\/sigma.sanok.pl\/uk\/","name":"Sigma Systemy Os\u0142onowe - Producent system\u00f3w przeciws\u0142onecznych - rolet zewn\u0119trznych, screen\u00f3w, markiz, plis, rolet wewn\u0119trznych oraz bram rolowanych","description":"Producent Markizy, Pergole - Producent,  \u017baluzje fasadowe, Producent Rolety zewn\u0119trzne, Rolety wewn\u0119trzne - Producent, Producent Screeny, Plisy - Producent, Bramy gara\u017cowe, Bramy przemys\u0142owe, Bramy rolowane,Nap\u0119dy, Automatyka | Podkarpacie, Rzesz\u00f3w , Sanok,  Krosno, Lesko, Brzoz\u00f3w, Ustrzyki","publisher":{"@id":"https:\/\/sigma.sanok.pl\/uk\/#organization"},"potentialAction":[{"@type":"SearchAction","target":{"@type":"EntryPoint","urlTemplate":"https:\/\/sigma.sanok.pl\/uk\/?s={search_term_string}"},"query-input":"required name=search_term_string"}],"inLanguage":"uk"},{"@type":"WebPage","@id":"https:\/\/sigma.sanok.pl\/uk\/%d0%ba%d0%be%d0%bb%d0%b5%d0%ba%d1%86%d1%96%d1%8f-%d1%82%d0%ba%d0%b0%d0%bd%d0%b8%d0%bd-%d0%b4%d0%bb%d1%8f-%d1%80%d1%83%d0%bb%d0%be%d0%bd%d0%bd%d0%b8%d1%85-%d1%88%d1%82%d0%be%d1%80-druki\/#webpage","url":"https:\/\/sigma.sanok.pl\/uk\/%d0%ba%d0%be%d0%bb%d0%b5%d0%ba%d1%86%d1%96%d1%8f-%d1%82%d0%ba%d0%b0%d0%bd%d0%b8%d0%bd-%d0%b4%d0%bb%d1%8f-%d1%80%d1%83%d0%bb%d0%be%d0%bd%d0%bd%d0%b8%d1%85-%d1%88%d1%82%d0%be%d1%80-druki\/","name":"\u041a\u043e\u043b\u0435\u043a\u0446\u0456\u044f \u0442\u043a\u0430\u043d\u0438\u043d \u0434\u043b\u044f \u0440\u0443\u043b\u043e\u043d\u043d\u0438\u0445 \u0448\u0442\u043e\u0440 - DRUKI - Sigma Systemy Os\u0142onowe - Producent system\u00f3w przeciws\u0142onecznych - Producent rolet zewn\u0119trznych, Producent screen\u00f3w - Screeny, Producent markiz, Produkcja Pergol, Producent plis, Producent rolet wewn\u0119trznych, Producent bram rolowanych | Sanok, Krosno, Rzesz\u00f3w, Podkarpacie","isPartOf":{"@id":"https:\/\/sigma.sanok.pl\/uk\/#website"},"datePublished":"2020-02-16T08:54:47+00:00","dateModified":"2022-02-05T20:48:45+00:00","breadcrumb":{"@id":"https:\/\/sigma.sanok.pl\/uk\/%d0%ba%d0%be%d0%bb%d0%b5%d0%ba%d1%86%d1%96%d1%8f-%d1%82%d0%ba%d0%b0%d0%bd%d0%b8%d0%bd-%d0%b4%d0%bb%d1%8f-%d1%80%d1%83%d0%bb%d0%be%d0%bd%d0%bd%d0%b8%d1%85-%d1%88%d1%82%d0%be%d1%80-druki\/#breadcrumb"},"inLanguage":"uk","potentialAction":[{"@type":"ReadAction","target":["https:\/\/sigma.sanok.pl\/uk\/%d0%ba%d0%be%d0%bb%d0%b5%d0%ba%d1%86%d1%96%d1%8f-%d1%82%d0%ba%d0%b0%d0%bd%d0%b8%d0%bd-%d0%b4%d0%bb%d1%8f-%d1%80%d1%83%d0%bb%d0%be%d0%bd%d0%bd%d0%b8%d1%85-%d1%88%d1%82%d0%be%d1%80-druki\/"]}]},{"@type":"BreadcrumbList","@id":"https:\/\/sigma.sanok.pl\/uk\/%d0%ba%d0%be%d0%bb%d0%b5%d0%ba%d1%86%d1%96%d1%8f-%d1%82%d0%ba%d0%b0%d0%bd%d0%b8%d0%bd-%d0%b4%d0%bb%d1%8f-%d1%80%d1%83%d0%bb%d0%be%d0%bd%d0%bd%d0%b8%d1%85-%d1%88%d1%82%d0%be%d1%80-druki\/#breadcrumb","itemListElement":[{"@type":"ListItem","position":1,"name":"Strona g\u0142\u00f3wna","item":"https:\/\/sigma.sanok.pl\/uk\/"},{"@type":"ListItem","position":2,"name":"\u041a\u043e\u043b\u0435\u043a\u0446\u0456\u044f \u0442\u043a\u0430\u043d\u0438\u043d \u0434\u043b\u044f \u0440\u0443\u043b\u043e\u043d\u043d\u0438\u0445 \u0448\u0442\u043e\u0440 &#8211; DRUKI"}]}]}},"_links":{"self":[{"href":"https:\/\/sigma.sanok.pl\/uk\/wp-json\/wp\/v2\/pages\/26451","targetHints":{"allow":["GET"]}}],"collection":[{"href":"https:\/\/sigma.sanok.pl\/uk\/wp-json\/wp\/v2\/pages"}],"about":[{"href":"https:\/\/sigma.sanok.pl\/uk\/wp-json\/wp\/v2\/types\/page"}],"author":[{"embeddable":true,"href":"https:\/\/sigma.sanok.pl\/uk\/wp-json\/wp\/v2\/users\/1"}],"replies":[{"embeddable":true,"href":"https:\/\/sigma.sanok.pl\/uk\/wp-json\/wp\/v2\/comments?post=26451"}],"version-history":[{"count":2,"href":"https:\/\/sigma.sanok.pl\/uk\/wp-json\/wp\/v2\/pages\/26451\/revisions"}],"predecessor-version":[{"id":26453,"href":"https:\/\/sigma.sanok.pl\/uk\/wp-json\/wp\/v2\/pages\/26451\/revisions\/26453"}],"wp:attachment":[{"href":"https:\/\/sigma.sanok.pl\/uk\/wp-json\/wp\/v2\/media?parent=26451"}],"curies":[{"name":"wp","href":"https:\/\/api.w.org\/{rel}","templated":true}]}}