{"id":26442,"date":"2020-05-28T18:33:13","date_gmt":"2020-05-28T16:33:13","guid":{"rendered":"https:\/\/sigma.sanok.pl\/%d0%bb%d0%b8%d1%81%d1%82%d0%b8-%d0%b4%d0%b0%d0%bd%d0%b8%d1%85-%d1%96%d0%bd%d1%81%d1%82%d1%80%d1%83%d0%ba%d1%86%d1%96%d1%97-%d0%b7-%d0%b2%d0%b8%d0%bc%d1%96%d1%80%d1%8e%d0%b2%d0%b0%d0%bd%d0%bd%d1%8f\/"},"modified":"2022-02-05T21:43:08","modified_gmt":"2022-02-05T20:43:08","slug":"%d0%bb%d0%b8%d1%81%d1%82%d0%b8-%d0%b4%d0%b0%d0%bd%d0%b8%d1%85-%d1%96%d0%bd%d1%81%d1%82%d1%80%d1%83%d0%ba%d1%86%d1%96%d1%97-%d0%b7-%d0%b2%d0%b8%d0%bc%d1%96%d1%80%d1%8e%d0%b2%d0%b0%d0%bd%d0%bd%d1%8f","status":"publish","type":"page","link":"https:\/\/sigma.sanok.pl\/uk\/%d0%bb%d0%b8%d1%81%d1%82%d0%b8-%d0%b4%d0%b0%d0%bd%d0%b8%d1%85-%d1%96%d0%bd%d1%81%d1%82%d1%80%d1%83%d0%ba%d1%86%d1%96%d1%97-%d0%b7-%d0%b2%d0%b8%d0%bc%d1%96%d1%80%d1%8e%d0%b2%d0%b0%d0%bd%d0%bd%d1%8f\/","title":{"rendered":"\u041b\u0438\u0441\u0442\u0438 \u0434\u0430\u043d\u0438\u0445 &#8211; \u0456\u043d\u0441\u0442\u0440\u0443\u043a\u0446\u0456\u0457 \u0437 \u0432\u0438\u043c\u0456\u0440\u044e\u0432\u0430\u043d\u043d\u044f"},"content":{"rendered":"<div id=\"tdi_1\" class=\"tdc-row\"><div class=\"vc_row tdi_2 pobrania wpb_row td-pb-row\" >\n<style scoped>\n\/* custom css - generated by TagDiv Composer *\/\n\n\/* custom css - generated by TagDiv Composer *\/\n\/* custom css - generated by TagDiv Composer *\/\n.tdi_2,\r\n                .tdi_2 .tdc-columns{\r\n                    min-height: 0;\r\n                }.tdi_2,\r\n\t\t\t\t.tdi_2 .tdc-columns{\r\n\t\t\t\t    display: block;\r\n\t\t\t\t}.tdi_2 .tdc-columns{\r\n\t\t\t\t    width: 100%;\r\n\t\t\t\t}\n<\/style><div class=\"vc_column tdi_4  wpb_column vc_column_container tdc-column td-pb-span6\">\n<style scoped>\n\/* custom css - generated by TagDiv Composer *\/\n\n\/* custom css - generated by TagDiv Composer *\/\n\/* custom css - generated by TagDiv Composer *\/\n.tdi_4{\r\n                    vertical-align: baseline;\r\n                }.tdi_4 > .wpb_wrapper,\r\n\t\t\t\t.tdi_4 > .wpb_wrapper > .tdc-elements{\r\n\t\t\t\t    display: block;\r\n\t\t\t\t}.tdi_4 > .wpb_wrapper > .tdc-elements{\r\n\t\t\t\t    width: 100%;\r\n\t\t\t\t}.tdi_4 > .wpb_wrapper > .vc_row_inner{\r\n\t\t\t\t    width: auto;\r\n\t\t\t\t}.tdi_4 > .wpb_wrapper{\r\n\t\t\t\t    width: auto;\r\n\t\t\t\t    height: auto;\r\n\t\t\t\t}\n<\/style><div class=\"wpb_wrapper\" >[vc_column_text]\r\n<h5>\u0412\u043d\u0443\u0442\u0440\u0456\u0448\u043d\u0456 \u0436\u0430\u043b\u044e\u0437\u0456<\/h5>\n          \n\n          <ul class=\"dlm-downloads\"><li><a data-e-Disable-Page-Transition=\"true\" class=\"download-link\" title=\"Please set a version in your WordPress admin\" href=\"#\" rel=\"nofollow\">\n\t\"\u043b\u0438\u0441\u0442\u043e\u043a \u043a\u0430\u0442\u0430\u043b\u043e\u0433\u0443 - \u043c\u0435\u0442\u043e\u0434 \u0432\u0438\u043c\u0456\u0440\u044e\u0432\u0430\u043d\u043d\u044f - SRT FLATMAXI, SRT FLATMAXI D&amp;N \u0440\u043e\u043b\u0435\u0442\u0438\" <strong>has no version set!<\/strong>\n<\/a><\/li><li><a data-e-Disable-Page-Transition=\"true\" class=\"download-link\" title=\"Please set a version in your WordPress admin\" href=\"#\" rel=\"nofollow\">\n\t\"\u041b\u0438\u0441\u0442\u043e\u043a \u043a\u0430\u0442\u0430\u043b\u043e\u0433\u0443 - \u043c\u0435\u0442\u043e\u0434 \u0432\u0438\u043c\u0456\u0440\u044e\u0432\u0430\u043d\u043d\u044f - SRT SPACE, SRT SPACE D&amp;N \u0440\u043e\u043b\u0435\u0442\u0438\" <strong>has no version set!<\/strong>\n<\/a><\/li><li><a data-e-Disable-Page-Transition=\"true\" class=\"download-link\" title=\"Please set a version in your WordPress admin\" href=\"#\" rel=\"nofollow\">\n\t\"\u041a\u0430\u0440\u0442\u043a\u0430 \u043a\u0430\u0442\u0430\u043b\u043e\u0433\u0443 - \u043c\u0435\u0442\u043e\u0434 \u0432\u0438\u043c\u0456\u0440\u044e\u0432\u0430\u043d\u043d\u044f - SRT FLAT, SRT FLAT D&amp;N\" <strong>has no version set!<\/strong>\n<\/a><\/li><li><a data-e-Disable-Page-Transition=\"true\" class=\"download-link\" title=\"Please set a version in your WordPress admin\" href=\"#\" rel=\"nofollow\">\n\t\"\u041a\u0430\u0440\u0442\u043a\u0430 \u043a\u0430\u0442\u0430\u043b\u043e\u0433\u0443 - \u043c\u0435\u0442\u043e\u0434 \u0432\u0438\u043c\u0456\u0440\u044e\u0432\u0430\u043d\u043d\u044f - SRT FREE, SRT FREE D&amp;N\" <strong>has no version set!<\/strong>\n<\/a><\/li><\/ul>\n\t\t[\/vc_column_text]<\/div><\/div><div class=\"vc_column tdi_6  wpb_column vc_column_container tdc-column td-pb-span6\">\n<style scoped>\n\/* custom css - generated by TagDiv Composer *\/\n\n\/* custom css - generated by TagDiv Composer *\/\n\/* custom css - generated by TagDiv Composer *\/\n.tdi_6{\r\n                    vertical-align: baseline;\r\n                }.tdi_6 > .wpb_wrapper,\r\n\t\t\t\t.tdi_6 > .wpb_wrapper > .tdc-elements{\r\n\t\t\t\t    display: block;\r\n\t\t\t\t}.tdi_6 > .wpb_wrapper > .tdc-elements{\r\n\t\t\t\t    width: 100%;\r\n\t\t\t\t}.tdi_6 > .wpb_wrapper > .vc_row_inner{\r\n\t\t\t\t    width: auto;\r\n\t\t\t\t}.tdi_6 > .wpb_wrapper{\r\n\t\t\t\t    width: auto;\r\n\t\t\t\t    height: auto;\r\n\t\t\t\t}\n<\/style><div class=\"wpb_wrapper\" >[vc_column_text]\r\n<h5>\u0421\u043a\u0440\u0456\u043d\u0438<\/h5>\n          \n\n          <ul class=\"dlm-downloads\"><li><a data-e-Disable-Page-Transition=\"true\" class=\"download-link\" title=\"Please set a version in your WordPress admin\" href=\"#\" rel=\"nofollow\">\n\t\"DTE - Sigma Easy Screen\" <strong>has no version set!<\/strong>\n<\/a><\/li><li><a data-e-Disable-Page-Transition=\"true\" class=\"download-link\" title=\"Please set a version in your WordPress admin\" href=\"#\" rel=\"nofollow\">\n\t\"\u0422\u0435\u0445\u043d\u0456\u0447\u043d\u0430 \u043a\u0430\u0440\u0442\u0430 - Easy Screen\" <strong>has no version set!<\/strong>\n<\/a><\/li><\/ul>\n\t\t[\/vc_column_text]<\/div><\/div><\/div><\/div>","protected":false},"excerpt":{"rendered":"[vc_column_text] \u0412\u043d\u0443\u0442\u0440\u0456\u0448\u043d\u0456 \u0436\u0430\u043b\u044e\u0437\u0456 \"\u043b\u0438\u0441\u0442\u043e\u043a \u043a\u0430\u0442\u0430\u043b\u043e\u0433\u0443 - \u043c\u0435\u0442\u043e\u0434 \u0432\u0438\u043c\u0456\u0440\u044e\u0432\u0430\u043d\u043d\u044f - SRT FLATMAXI, SRT FLATMAXI D&amp;N \u0440\u043e\u043b\u0435\u0442\u0438\" has no version set! \"\u041b\u0438\u0441\u0442\u043e\u043a \u043a\u0430\u0442\u0430\u043b\u043e\u0433\u0443 - \u043c\u0435\u0442\u043e\u0434 \u0432\u0438\u043c\u0456\u0440\u044e\u0432\u0430\u043d\u043d\u044f - SRT SPACE, SRT SPACE D&amp;N \u0440\u043e\u043b\u0435\u0442\u0438\" has no version set! \"\u041a\u0430\u0440\u0442\u043a\u0430 \u043a\u0430\u0442\u0430\u043b\u043e\u0433\u0443 - \u043c\u0435\u0442\u043e\u0434 \u0432\u0438\u043c\u0456\u0440\u044e\u0432\u0430\u043d\u043d\u044f - SRT FLAT, SRT FLAT D&amp;N\" has no version set! \"\u041a\u0430\u0440\u0442\u043a\u0430 \u043a\u0430\u0442\u0430\u043b\u043e\u0433\u0443 - \u043c\u0435\u0442\u043e\u0434 \u0432\u0438\u043c\u0456\u0440\u044e\u0432\u0430\u043d\u043d\u044f [...]","protected":false},"author":1,"featured_media":0,"parent":0,"menu_order":0,"comment_status":"closed","ping_status":"closed","template":"page-pagebuilder-title.php","meta":{"inline_featured_image":false,"footnotes":""},"class_list":["post-26442","page","type-page","status-publish"],"yoast_head":"<!-- This site is optimized with the Yoast SEO plugin v18.4.1 - https:\/\/yoast.com\/wordpress\/plugins\/seo\/ -->\n<title>Sigma Systemy Os\u0142onowe &#8211; Producent system\u00f3w przeciws\u0142onecznych &#8211; Producent rolet zewn\u0119trznych, Producent screen\u00f3w &#8211; Screeny, Producent markiz, Produkcja Pergol, Producent plis, Producent rolet wewn\u0119trznych, Producent bram rolowanych | Sanok, Krosno, Rzesz\u00f3w, Podkarpacie<\/title>\n<meta name=\"robots\" content=\"index, follow, max-snippet:-1, max-image-preview:large, max-video-preview:-1\" \/>\n<link rel=\"canonical\" href=\"https:\/\/sigma.sanok.pl\/uk\/%d0%bb%d0%b8%d1%81%d1%82%d0%b8-%d0%b4%d0%b0%d0%bd%d0%b8%d1%85-%d1%96%d0%bd%d1%81%d1%82%d1%80%d1%83%d0%ba%d1%86%d1%96%d1%97-%d0%b7-%d0%b2%d0%b8%d0%bc%d1%96%d1%80%d1%8e%d0%b2%d0%b0%d0%bd%d0%bd%d1%8f\/\" \/>\n<meta property=\"og:locale\" content=\"uk_UA\" \/>\n<meta property=\"og:type\" content=\"article\" \/>\n<meta property=\"og:url\" content=\"https:\/\/sigma.sanok.pl\/uk\/%d0%bb%d0%b8%d1%81%d1%82%d0%b8-%d0%b4%d0%b0%d0%bd%d0%b8%d1%85-%d1%96%d0%bd%d1%81%d1%82%d1%80%d1%83%d0%ba%d1%86%d1%96%d1%97-%d0%b7-%d0%b2%d0%b8%d0%bc%d1%96%d1%80%d1%8e%d0%b2%d0%b0%d0%bd%d0%bd%d1%8f\/\" \/>\n<meta property=\"og:site_name\" content=\"Sigma Systemy Os\u0142onowe - Producent system\u00f3w przeciws\u0142onecznych - Producent rolet zewn\u0119trznych, Producent screen\u00f3w - Screeny, Producent markiz, Produkcja Pergol, Producent plis, Producent rolet wewn\u0119trznych, Producent bram rolowanych | Sanok, Krosno, Rzesz\u00f3w, Podkarpacie\" \/>\n<meta property=\"article:modified_time\" content=\"2022-02-05T20:43:08+00:00\" \/>\n<meta name=\"twitter:card\" content=\"summary_large_image\" \/>\n<script type=\"application\/ld+json\" class=\"yoast-schema-graph\">{\"@context\":\"https:\/\/schema.org\",\"@graph\":[{\"@type\":\"Organization\",\"@id\":\"https:\/\/sigma.sanok.pl\/uk\/#organization\",\"name\":\"Sigma Systemy Os\u0142onowe\",\"url\":\"https:\/\/sigma.sanok.pl\/uk\/\",\"sameAs\":[],\"logo\":{\"@type\":\"ImageObject\",\"@id\":\"https:\/\/sigma.sanok.pl\/uk\/#logo\",\"inLanguage\":\"uk\",\"url\":\"https:\/\/sigma.sanok.pl\/wp-content\/uploads\/2019\/12\/logo_sigma-loader.png\",\"contentUrl\":\"https:\/\/sigma.sanok.pl\/wp-content\/uploads\/2019\/12\/logo_sigma-loader.png\",\"width\":120,\"height\":120,\"caption\":\"Sigma Systemy Os\u0142onowe\"},\"image\":{\"@id\":\"https:\/\/sigma.sanok.pl\/uk\/#logo\"}},{\"@type\":\"WebSite\",\"@id\":\"https:\/\/sigma.sanok.pl\/uk\/#website\",\"url\":\"https:\/\/sigma.sanok.pl\/uk\/\",\"name\":\"Sigma Systemy Os\u0142onowe - Producent system\u00f3w przeciws\u0142onecznych - rolet zewn\u0119trznych, screen\u00f3w, markiz, plis, rolet wewn\u0119trznych oraz bram rolowanych\",\"description\":\"Producent Markizy, Pergole - Producent,  \u017baluzje fasadowe, Producent Rolety zewn\u0119trzne, Rolety wewn\u0119trzne - Producent, Producent Screeny, Plisy - Producent, Bramy gara\u017cowe, Bramy przemys\u0142owe, Bramy rolowane,Nap\u0119dy, Automatyka | Podkarpacie, Rzesz\u00f3w , Sanok,  Krosno, Lesko, Brzoz\u00f3w, Ustrzyki\",\"publisher\":{\"@id\":\"https:\/\/sigma.sanok.pl\/uk\/#organization\"},\"potentialAction\":[{\"@type\":\"SearchAction\",\"target\":{\"@type\":\"EntryPoint\",\"urlTemplate\":\"https:\/\/sigma.sanok.pl\/uk\/?s={search_term_string}\"},\"query-input\":\"required name=search_term_string\"}],\"inLanguage\":\"uk\"},{\"@type\":\"WebPage\",\"@id\":\"https:\/\/sigma.sanok.pl\/uk\/%d0%bb%d0%b8%d1%81%d1%82%d0%b8-%d0%b4%d0%b0%d0%bd%d0%b8%d1%85-%d1%96%d0%bd%d1%81%d1%82%d1%80%d1%83%d0%ba%d1%86%d1%96%d1%97-%d0%b7-%d0%b2%d0%b8%d0%bc%d1%96%d1%80%d1%8e%d0%b2%d0%b0%d0%bd%d0%bd%d1%8f\/#webpage\",\"url\":\"https:\/\/sigma.sanok.pl\/uk\/%d0%bb%d0%b8%d1%81%d1%82%d0%b8-%d0%b4%d0%b0%d0%bd%d0%b8%d1%85-%d1%96%d0%bd%d1%81%d1%82%d1%80%d1%83%d0%ba%d1%86%d1%96%d1%97-%d0%b7-%d0%b2%d0%b8%d0%bc%d1%96%d1%80%d1%8e%d0%b2%d0%b0%d0%bd%d0%bd%d1%8f\/\",\"name\":\"\u041b\u0438\u0441\u0442\u0438 \u0434\u0430\u043d\u0438\u0445 - \u0456\u043d\u0441\u0442\u0440\u0443\u043a\u0446\u0456\u0457 \u0437 \u0432\u0438\u043c\u0456\u0440\u044e\u0432\u0430\u043d\u043d\u044f - Sigma Systemy Os\u0142onowe - Producent system\u00f3w przeciws\u0142onecznych - Producent rolet zewn\u0119trznych, Producent screen\u00f3w - Screeny, Producent markiz, Produkcja Pergol, Producent plis, Producent rolet wewn\u0119trznych, Producent bram rolowanych | Sanok, Krosno, Rzesz\u00f3w, Podkarpacie\",\"isPartOf\":{\"@id\":\"https:\/\/sigma.sanok.pl\/uk\/#website\"},\"datePublished\":\"2020-05-28T16:33:13+00:00\",\"dateModified\":\"2022-02-05T20:43:08+00:00\",\"breadcrumb\":{\"@id\":\"https:\/\/sigma.sanok.pl\/uk\/%d0%bb%d0%b8%d1%81%d1%82%d0%b8-%d0%b4%d0%b0%d0%bd%d0%b8%d1%85-%d1%96%d0%bd%d1%81%d1%82%d1%80%d1%83%d0%ba%d1%86%d1%96%d1%97-%d0%b7-%d0%b2%d0%b8%d0%bc%d1%96%d1%80%d1%8e%d0%b2%d0%b0%d0%bd%d0%bd%d1%8f\/#breadcrumb\"},\"inLanguage\":\"uk\",\"potentialAction\":[{\"@type\":\"ReadAction\",\"target\":[\"https:\/\/sigma.sanok.pl\/uk\/%d0%bb%d0%b8%d1%81%d1%82%d0%b8-%d0%b4%d0%b0%d0%bd%d0%b8%d1%85-%d1%96%d0%bd%d1%81%d1%82%d1%80%d1%83%d0%ba%d1%86%d1%96%d1%97-%d0%b7-%d0%b2%d0%b8%d0%bc%d1%96%d1%80%d1%8e%d0%b2%d0%b0%d0%bd%d0%bd%d1%8f\/\"]}]},{\"@type\":\"BreadcrumbList\",\"@id\":\"https:\/\/sigma.sanok.pl\/uk\/%d0%bb%d0%b8%d1%81%d1%82%d0%b8-%d0%b4%d0%b0%d0%bd%d0%b8%d1%85-%d1%96%d0%bd%d1%81%d1%82%d1%80%d1%83%d0%ba%d1%86%d1%96%d1%97-%d0%b7-%d0%b2%d0%b8%d0%bc%d1%96%d1%80%d1%8e%d0%b2%d0%b0%d0%bd%d0%bd%d1%8f\/#breadcrumb\",\"itemListElement\":[{\"@type\":\"ListItem\",\"position\":1,\"name\":\"Strona g\u0142\u00f3wna\",\"item\":\"https:\/\/sigma.sanok.pl\/uk\/\"},{\"@type\":\"ListItem\",\"position\":2,\"name\":\"\u041b\u0438\u0441\u0442\u0438 \u0434\u0430\u043d\u0438\u0445 &#8211; \u0456\u043d\u0441\u0442\u0440\u0443\u043a\u0446\u0456\u0457 \u0437 \u0432\u0438\u043c\u0456\u0440\u044e\u0432\u0430\u043d\u043d\u044f\"}]}]}<\/script>\n<!-- \/ Yoast SEO plugin. -->","yoast_head_json":{"title":"Sigma Systemy Os\u0142onowe &#8211; Producent system\u00f3w przeciws\u0142onecznych &#8211; Producent rolet zewn\u0119trznych, Producent screen\u00f3w &#8211; Screeny, Producent markiz, Produkcja Pergol, Producent plis, Producent rolet wewn\u0119trznych, Producent bram rolowanych | Sanok, Krosno, Rzesz\u00f3w, Podkarpacie","robots":{"index":"index","follow":"follow","max-snippet":"max-snippet:-1","max-image-preview":"max-image-preview:large","max-video-preview":"max-video-preview:-1"},"canonical":"https:\/\/sigma.sanok.pl\/uk\/%d0%bb%d0%b8%d1%81%d1%82%d0%b8-%d0%b4%d0%b0%d0%bd%d0%b8%d1%85-%d1%96%d0%bd%d1%81%d1%82%d1%80%d1%83%d0%ba%d1%86%d1%96%d1%97-%d0%b7-%d0%b2%d0%b8%d0%bc%d1%96%d1%80%d1%8e%d0%b2%d0%b0%d0%bd%d0%bd%d1%8f\/","og_locale":"uk_UA","og_type":"article","og_url":"https:\/\/sigma.sanok.pl\/uk\/%d0%bb%d0%b8%d1%81%d1%82%d0%b8-%d0%b4%d0%b0%d0%bd%d0%b8%d1%85-%d1%96%d0%bd%d1%81%d1%82%d1%80%d1%83%d0%ba%d1%86%d1%96%d1%97-%d0%b7-%d0%b2%d0%b8%d0%bc%d1%96%d1%80%d1%8e%d0%b2%d0%b0%d0%bd%d0%bd%d1%8f\/","og_site_name":"Sigma Systemy Os\u0142onowe - Producent system\u00f3w przeciws\u0142onecznych - Producent rolet zewn\u0119trznych, Producent screen\u00f3w - Screeny, Producent markiz, Produkcja Pergol, Producent plis, Producent rolet wewn\u0119trznych, Producent bram rolowanych | Sanok, Krosno, Rzesz\u00f3w, Podkarpacie","article_modified_time":"2022-02-05T20:43:08+00:00","twitter_card":"summary_large_image","schema":{"@context":"https:\/\/schema.org","@graph":[{"@type":"Organization","@id":"https:\/\/sigma.sanok.pl\/uk\/#organization","name":"Sigma Systemy Os\u0142onowe","url":"https:\/\/sigma.sanok.pl\/uk\/","sameAs":[],"logo":{"@type":"ImageObject","@id":"https:\/\/sigma.sanok.pl\/uk\/#logo","inLanguage":"uk","url":"https:\/\/sigma.sanok.pl\/wp-content\/uploads\/2019\/12\/logo_sigma-loader.png","contentUrl":"https:\/\/sigma.sanok.pl\/wp-content\/uploads\/2019\/12\/logo_sigma-loader.png","width":120,"height":120,"caption":"Sigma Systemy Os\u0142onowe"},"image":{"@id":"https:\/\/sigma.sanok.pl\/uk\/#logo"}},{"@type":"WebSite","@id":"https:\/\/sigma.sanok.pl\/uk\/#website","url":"https:\/\/sigma.sanok.pl\/uk\/","name":"Sigma Systemy Os\u0142onowe - Producent system\u00f3w przeciws\u0142onecznych - rolet zewn\u0119trznych, screen\u00f3w, markiz, plis, rolet wewn\u0119trznych oraz bram rolowanych","description":"Producent Markizy, Pergole - Producent,  \u017baluzje fasadowe, Producent Rolety zewn\u0119trzne, Rolety wewn\u0119trzne - Producent, Producent Screeny, Plisy - Producent, Bramy gara\u017cowe, Bramy przemys\u0142owe, Bramy rolowane,Nap\u0119dy, Automatyka | Podkarpacie, Rzesz\u00f3w , Sanok,  Krosno, Lesko, Brzoz\u00f3w, Ustrzyki","publisher":{"@id":"https:\/\/sigma.sanok.pl\/uk\/#organization"},"potentialAction":[{"@type":"SearchAction","target":{"@type":"EntryPoint","urlTemplate":"https:\/\/sigma.sanok.pl\/uk\/?s={search_term_string}"},"query-input":"required name=search_term_string"}],"inLanguage":"uk"},{"@type":"WebPage","@id":"https:\/\/sigma.sanok.pl\/uk\/%d0%bb%d0%b8%d1%81%d1%82%d0%b8-%d0%b4%d0%b0%d0%bd%d0%b8%d1%85-%d1%96%d0%bd%d1%81%d1%82%d1%80%d1%83%d0%ba%d1%86%d1%96%d1%97-%d0%b7-%d0%b2%d0%b8%d0%bc%d1%96%d1%80%d1%8e%d0%b2%d0%b0%d0%bd%d0%bd%d1%8f\/#webpage","url":"https:\/\/sigma.sanok.pl\/uk\/%d0%bb%d0%b8%d1%81%d1%82%d0%b8-%d0%b4%d0%b0%d0%bd%d0%b8%d1%85-%d1%96%d0%bd%d1%81%d1%82%d1%80%d1%83%d0%ba%d1%86%d1%96%d1%97-%d0%b7-%d0%b2%d0%b8%d0%bc%d1%96%d1%80%d1%8e%d0%b2%d0%b0%d0%bd%d0%bd%d1%8f\/","name":"\u041b\u0438\u0441\u0442\u0438 \u0434\u0430\u043d\u0438\u0445 - \u0456\u043d\u0441\u0442\u0440\u0443\u043a\u0446\u0456\u0457 \u0437 \u0432\u0438\u043c\u0456\u0440\u044e\u0432\u0430\u043d\u043d\u044f - Sigma Systemy Os\u0142onowe - Producent system\u00f3w przeciws\u0142onecznych - Producent rolet zewn\u0119trznych, Producent screen\u00f3w - Screeny, Producent markiz, Produkcja Pergol, Producent plis, Producent rolet wewn\u0119trznych, Producent bram rolowanych | Sanok, Krosno, Rzesz\u00f3w, Podkarpacie","isPartOf":{"@id":"https:\/\/sigma.sanok.pl\/uk\/#website"},"datePublished":"2020-05-28T16:33:13+00:00","dateModified":"2022-02-05T20:43:08+00:00","breadcrumb":{"@id":"https:\/\/sigma.sanok.pl\/uk\/%d0%bb%d0%b8%d1%81%d1%82%d0%b8-%d0%b4%d0%b0%d0%bd%d0%b8%d1%85-%d1%96%d0%bd%d1%81%d1%82%d1%80%d1%83%d0%ba%d1%86%d1%96%d1%97-%d0%b7-%d0%b2%d0%b8%d0%bc%d1%96%d1%80%d1%8e%d0%b2%d0%b0%d0%bd%d0%bd%d1%8f\/#breadcrumb"},"inLanguage":"uk","potentialAction":[{"@type":"ReadAction","target":["https:\/\/sigma.sanok.pl\/uk\/%d0%bb%d0%b8%d1%81%d1%82%d0%b8-%d0%b4%d0%b0%d0%bd%d0%b8%d1%85-%d1%96%d0%bd%d1%81%d1%82%d1%80%d1%83%d0%ba%d1%86%d1%96%d1%97-%d0%b7-%d0%b2%d0%b8%d0%bc%d1%96%d1%80%d1%8e%d0%b2%d0%b0%d0%bd%d0%bd%d1%8f\/"]}]},{"@type":"BreadcrumbList","@id":"https:\/\/sigma.sanok.pl\/uk\/%d0%bb%d0%b8%d1%81%d1%82%d0%b8-%d0%b4%d0%b0%d0%bd%d0%b8%d1%85-%d1%96%d0%bd%d1%81%d1%82%d1%80%d1%83%d0%ba%d1%86%d1%96%d1%97-%d0%b7-%d0%b2%d0%b8%d0%bc%d1%96%d1%80%d1%8e%d0%b2%d0%b0%d0%bd%d0%bd%d1%8f\/#breadcrumb","itemListElement":[{"@type":"ListItem","position":1,"name":"Strona g\u0142\u00f3wna","item":"https:\/\/sigma.sanok.pl\/uk\/"},{"@type":"ListItem","position":2,"name":"\u041b\u0438\u0441\u0442\u0438 \u0434\u0430\u043d\u0438\u0445 &#8211; \u0456\u043d\u0441\u0442\u0440\u0443\u043a\u0446\u0456\u0457 \u0437 \u0432\u0438\u043c\u0456\u0440\u044e\u0432\u0430\u043d\u043d\u044f"}]}]}},"_links":{"self":[{"href":"https:\/\/sigma.sanok.pl\/uk\/wp-json\/wp\/v2\/pages\/26442","targetHints":{"allow":["GET"]}}],"collection":[{"href":"https:\/\/sigma.sanok.pl\/uk\/wp-json\/wp\/v2\/pages"}],"about":[{"href":"https:\/\/sigma.sanok.pl\/uk\/wp-json\/wp\/v2\/types\/page"}],"author":[{"embeddable":true,"href":"https:\/\/sigma.sanok.pl\/uk\/wp-json\/wp\/v2\/users\/1"}],"replies":[{"embeddable":true,"href":"https:\/\/sigma.sanok.pl\/uk\/wp-json\/wp\/v2\/comments?post=26442"}],"version-history":[{"count":2,"href":"https:\/\/sigma.sanok.pl\/uk\/wp-json\/wp\/v2\/pages\/26442\/revisions"}],"predecessor-version":[{"id":26444,"href":"https:\/\/sigma.sanok.pl\/uk\/wp-json\/wp\/v2\/pages\/26442\/revisions\/26444"}],"wp:attachment":[{"href":"https:\/\/sigma.sanok.pl\/uk\/wp-json\/wp\/v2\/media?parent=26442"}],"curies":[{"name":"wp","href":"https:\/\/api.w.org\/{rel}","templated":true}]}}