{"id":15039,"date":"2018-09-06T22:50:11","date_gmt":"2018-09-06T20:50:11","guid":{"rendered":"https:\/\/sigma.sanok.pl\/zgloszenie-reklamacyjne-serwisowe\/"},"modified":"2022-01-17T18:33:19","modified_gmt":"2022-01-17T17:33:19","slug":"zgloszenie-reklamacyjne-serwisowe","status":"publish","type":"page","link":"https:\/\/sigma.sanok.pl\/uk\/zgloszenie-reklamacyjne-serwisowe\/","title":{"rendered":"\u0417\u0430\u044f\u0432\u043a\u0430 \u043d\u0430 \u0441\u0435\u0440\u0432\u0456\u0441\u043d\u0435 \u043e\u0431\u0441\u043b\u0443\u0433\u043e\u0432\u0443\u0432\u0430\u043d\u043d\u044f \/ \u0413\u0430\u0440\u0430\u043d\u0442\u0456\u0439\u043d\u0435 \u043e\u0431\u0441\u043b\u0443\u0433\u043e\u0432\u0443\u0432\u0430\u043d\u043d\u044f"},"content":{"rendered":"<div id=\"tdi_1\" class=\"tdc-row\"><div class=\"vc_row tdi_2  wpb_row td-pb-row\" >\n<style scoped>\n\/* custom css - generated by TagDiv Composer *\/\n\n\/* custom css - generated by TagDiv Composer *\/\n\/* custom css - generated by TagDiv Composer *\/\n.tdi_2,\r\n                .tdi_2 .tdc-columns{\r\n                    min-height: 0;\r\n                }.tdi_2,\r\n\t\t\t\t.tdi_2 .tdc-columns{\r\n\t\t\t\t    display: block;\r\n\t\t\t\t}.tdi_2 .tdc-columns{\r\n\t\t\t\t    width: 100%;\r\n\t\t\t\t}\n<\/style><div class=\"vc_column tdi_4  wpb_column vc_column_container tdc-column td-pb-span12\">\n<style scoped>\n\/* custom css - generated by TagDiv Composer *\/\n\n\/* custom css - generated by TagDiv Composer *\/\n\/* custom css - generated by TagDiv Composer *\/\n.tdi_4{\r\n                    vertical-align: baseline;\r\n                }.tdi_4 > .wpb_wrapper,\r\n\t\t\t\t.tdi_4 > .wpb_wrapper > .tdc-elements{\r\n\t\t\t\t    display: block;\r\n\t\t\t\t}.tdi_4 > .wpb_wrapper > .tdc-elements{\r\n\t\t\t\t    width: 100%;\r\n\t\t\t\t}.tdi_4 > .wpb_wrapper > .vc_row_inner{\r\n\t\t\t\t    width: auto;\r\n\t\t\t\t}.tdi_4 > .wpb_wrapper{\r\n\t\t\t\t    width: auto;\r\n\t\t\t\t    height: auto;\r\n\t\t\t\t}\n<\/style><div class=\"wpb_wrapper\" >[vc_column_text]\r\n<div class=\"container section-content\">\n<div class=\"row-fluid\">\n<div class=\"row-fluid equal-cheight-no element-padding-default element-vpadding-default\">\n<div class=\"section-column span6\">\n<div class=\"inner-content content-box textnone\">\n<div class=\"column-text \">\n\n\u041a\u043e\u0436\u0435\u043d \u0432\u0441\u0442\u0430\u043d\u043e\u0432\u043b\u0435\u043d\u0438\u0439 \u0430\u0431\u043e \u0432\u0438\u0433\u043e\u0442\u043e\u0432\u043b\u0435\u043d\u0438\u0439 \u043d\u0430\u043c\u0438 \u043f\u0440\u043e\u0434\u0443\u043a\u0442 \u043c\u0430\u0454 24-\u043c\u0456\u0441\u044f\u0447\u043d\u0443 \u0433\u0430\u0440\u0430\u043d\u0442\u0456\u044e. \u042f\u043a\u0449\u043e \u0432\u0438\u0431\u0440\u0430\u043d\u0430 \u0412\u0430\u043c\u0438 \u043f\u0440\u043e\u043f\u043e\u0437\u0438\u0446\u0456\u044f \u043f\u043e\u0432\u2019\u044f\u0437\u0430\u043d\u0430 \u0437 \u043d\u0430\u0448\u0438\u043c \u043c\u043e\u043d\u0442\u0430\u0436\u0435\u043c, \u043c\u0438 \u043f\u0440\u0438\u0457\u0434\u0435\u043c\u043e \u044f\u043a\u043e\u043c\u043e\u0433\u0430 \u0448\u0432\u0438\u0434\u0448\u0435 \u0456 \u043e\u0433\u043b\u044f\u043d\u0435\u043c\u043e \u0442\u043e\u0432\u0430\u0440\u0438 \u0443 \u043a\u043b\u0456\u0454\u043d\u0442\u0430. \u041f\u0440\u0438 \u043d\u0435\u043e\u0431\u0445\u0456\u0434\u043d\u043e\u0441\u0442\u0456 \u0440\u0435\u043c\u043e\u043d\u0442\u0443, \u0437\u0432\u0438\u0447\u0430\u0439\u043d\u043e, \u0446\u0435 \u0431\u0443\u0434\u0435 \u0437\u0440\u043e\u0431\u043b\u0435\u043d\u043e \u0432 \u043d\u0430\u0439\u043a\u043e\u0440\u043e\u0442\u0448\u0456 \u0442\u0435\u0440\u043c\u0456\u043d\u0438, \u0437\u0432\u0456\u0441\u043d\u043e, \u200b\u200b\u043f\u043e \u0433\u0430\u0440\u0430\u043d\u0442\u0456\u0457, \u0442\u043e\u0431\u0442\u043e \u0431\u0435\u0437\u043a\u043e\u0448\u0442\u043e\u0432\u043d\u043e. \u042f\u043a\u0449\u043e \u0441\u043a\u0430\u0440\u0433\u0430 \u0441\u0442\u043e\u0441\u0443\u0454\u0442\u044c\u0441\u044f \u043f\u0440\u0438\u0434\u0431\u0430\u043d\u043e\u0433\u043e \u0442\u043e\u0432\u0430\u0440\u0443 \u0431\u0435\u0437 \u0437\u0431\u0456\u0440\u043a\u0438, \u0437\u0430\u043f\u0440\u043e\u0448\u0443\u0454\u043c\u043e \u0434\u043e \u043d\u0430\u0448\u043e\u0433\u043e \u0441\u0430\u043b\u043e\u043d\u0443 \u0437 \u043f\u043e\u0448\u043a\u043e\u0434\u0436\u0435\u043d\u043e\u044e \u043a\u0440\u0438\u0448\u043a\u043e\u044e, \u0441\u043f\u0440\u043e\u0431\u0443\u0454\u043c\u043e \u043e\u0433\u043b\u044f\u043d\u0443\u0442\u0438 \u0442\u0430 \u0432\u0456\u0434\u0440\u0435\u043c\u043e\u043d\u0442\u0443\u0432\u0430\u0442\u0438 \u0457\u0457 \u043d\u0430 \u043c\u0456\u0441\u0446\u0456. \u042f\u043a\u0449\u043e \u0432\u0438\u0440\u0456\u0431 \u0432\u0438\u0445\u043e\u0434\u0438\u0442\u044c \u0437 \u043b\u0430\u0434\u0443 \u0447\u0435\u0440\u0435\u0437 2 \u0440\u043e\u043a\u0438, \u043c\u0438 \u0437\u0430\u043f\u0440\u043e\u0448\u0443\u0454\u043c\u043e \u0432\u0430\u0441 \u0441\u043a\u043e\u0440\u0438\u0441\u0442\u0430\u0442\u0438\u0441\u044f \u043d\u0430\u0448\u0438\u043c\u0438 \u043f\u0456\u0441\u043b\u044f\u0433\u0430\u0440\u0430\u043d\u0442\u0456\u0439\u043d\u0438\u043c\u0438 \u043f\u043b\u0430\u0442\u043d\u0438\u043c\u0438 \u043f\u043e\u0441\u043b\u0443\u0433\u0430\u043c\u0438.\n\n<\/div>\n<\/div>\n<\/div>\n<div class=\"section-column span6\">\n<div class=\"inner-content content-box textnone\"><\/div>\n<\/div>\n<\/div>\n<\/div>\n<\/div>\n\u041f\u043e\u0432\u0456\u0434\u043e\u043c\u043b\u044f\u0454\u043c\u043e, \u0449\u043e \u0454\u0434\u0438\u043d\u043e\u044e \u0444\u043e\u0440\u043c\u043e\u044e \u0441\u0435\u0440\u0432\u0456\u0441\u0443\/\u0441\u043a\u0430\u0440\u0433\u0438 \u0454 \u0435\u043b\u0435\u043a\u0442\u0440\u043e\u043d\u043d\u0430 \u043f\u043e\u0448\u0442\u0430. \u0411\u0443\u0434\u044c \u043b\u0430\u0441\u043a\u0430, \u0441\u043a\u043e\u0440\u0438\u0441\u0442\u0430\u0439\u0442\u0435\u0441\u044f \u0444\u043e\u0440\u043c\u043e\u044e \u043d\u0438\u0436\u0447\u0435, \u0446\u0435 \u043f\u043e\u043b\u0435\u0433\u0448\u0438\u0442\u044c \u043d\u0430\u043c \u0432\u0432\u0435\u0434\u0435\u043d\u043d\u044f \u0432\u0430\u0448\u043e\u0457 \u0437\u0430\u044f\u0432\u043a\u0438 \u0432 \u0441\u0438\u0441\u0442\u0435\u043c\u0443.\n\n\u041f\u0456\u0441\u043b\u044f \u043e\u0442\u0440\u0438\u043c\u0430\u043d\u043d\u044f \u0437\u0430\u043f\u0438\u0442\u0443 \u043d\u0430\u0448\u0456 \u0441\u043f\u0456\u0432\u0440\u043e\u0431\u0456\u0442\u043d\u0438\u043a\u0438 \u0437\u0432&#8217;\u044f\u0436\u0443\u0442\u044c\u0441\u044f \u0437 \u0432\u0430\u043c\u0438, \u0449\u043e\u0431 \u0443\u0437\u0433\u043e\u0434\u0438\u0442\u0438 \u0434\u0435\u0442\u0430\u043b\u0456 \u0434\u0435\u0444\u0435\u043a\u0442\u0443 \u0430\u0431\u043e \u043f\u043e\u0448\u043a\u043e\u0434\u0436\u0435\u043d\u043d\u044f, \u0430 \u0442\u0430\u043a\u043e\u0436 \u0434\u043e\u043c\u043e\u0432\u0438\u0442\u0438\u0441\u044f \u043f\u0440\u043e \u0440\u0435\u043c\u043e\u043d\u0442 \u0443 \u0437\u0440\u0443\u0447\u043d\u0438\u0439 \u0434\u043b\u044f \u0412\u0430\u0441 \u0447\u0430\u0441.\r\n\r\n\n<div class=\"wpcf7 no-js\" id=\"wpcf7-f15038-o1\" lang=\"uk\" dir=\"ltr\" data-wpcf7-id=\"15038\">\n<div class=\"screen-reader-response\"><p role=\"status\" aria-live=\"polite\" aria-atomic=\"true\"><\/p> <ul><\/ul><\/div>\n<form action=\"\/uk\/wp-json\/wp\/v2\/pages\/15039#wpcf7-f15038-o1\" method=\"post\" class=\"wpcf7-form init\" aria-label=\"\u041a\u043e\u043d\u0442\u0430\u043a\u0442\u043d\u0430 \u0444\u043e\u0440\u043c\u0430\" novalidate=\"novalidate\" data-status=\"init\">\n<fieldset class=\"hidden-fields-container\"><input type=\"hidden\" name=\"_wpcf7\" value=\"15038\" \/><input type=\"hidden\" name=\"_wpcf7_version\" value=\"6.1.4\" \/><input type=\"hidden\" name=\"_wpcf7_locale\" value=\"uk\" \/><input type=\"hidden\" name=\"_wpcf7_unit_tag\" value=\"wpcf7-f15038-o1\" \/><input type=\"hidden\" name=\"_wpcf7_container_post\" value=\"0\" \/><input type=\"hidden\" name=\"_wpcf7_posted_data_hash\" value=\"\" \/><input type=\"hidden\" name=\"_wpcf7dtx_version\" value=\"5.0.4\" \/>\n<\/fieldset>\n<fieldset>\n\t<legend>\u0414\u0430\u043d\u0456 \u043a\u043b\u0456\u0454\u043d\u0442\u0430\n\t<\/legend>\n\t<p>\u0406\u043c'\u044f \u0442\u0430 \u043f\u0440\u0456\u0437\u0432\u0438\u0449\u0435* <span class=\"wpcf7-form-control-wrap\" data-name=\"text-112\"><input size=\"40\" maxlength=\"400\" class=\"wpcf7-form-control wpcf7-text wpcf7-validates-as-required\" aria-required=\"true\" aria-invalid=\"false\" value=\"\" type=\"text\" name=\"text-112\" \/><\/span><br \/>\n\u041d\u043e\u043c\u0435\u0440 \u0442\u0435\u043b\u0435\u0444\u043e\u043d\u0443* <span class=\"wpcf7-form-control-wrap\" data-name=\"tel-261\"><input size=\"40\" maxlength=\"400\" class=\"wpcf7-form-control wpcf7-tel wpcf7-validates-as-required wpcf7-text wpcf7-validates-as-tel\" aria-required=\"true\" aria-invalid=\"false\" value=\"\" type=\"tel\" name=\"tel-261\" \/><\/span><br \/>\n\u0415\u043b\u0435\u043a\u0442\u0440\u043e\u043d\u043d\u0430 \u0430\u0434\u0440\u0435\u0441\u0430* <span class=\"wpcf7-form-control-wrap\" data-name=\"email-277\"><input size=\"40\" maxlength=\"400\" class=\"wpcf7-form-control wpcf7-email wpcf7-validates-as-required wpcf7-text wpcf7-validates-as-email\" aria-required=\"true\" aria-invalid=\"false\" value=\"\" type=\"email\" name=\"email-277\" \/><\/span>\n\t<\/p>\n<\/fieldset>\n<fieldset>\n\t<legend>\u0414\u0430\u043d\u0456 \u043f\u0440\u043e \u0432\u0438\u0440\u0456\u0431\n\t<\/legend>\n\t<p>\u0422\u0438\u043f \u0442\u043e\u0432\u0430\u0440\u0443 <span class=\"wpcf7-form-control-wrap\" data-name=\"text-rodzaj-produktu\"><input size=\"40\" maxlength=\"400\" class=\"wpcf7-form-control wpcf7-text wpcf7-validates-as-required\" aria-required=\"true\" aria-invalid=\"false\" value=\"\" type=\"text\" name=\"text-rodzaj-produktu\" \/><\/span><br \/>\n\u0414\u0430\u0442\u0430 \u043f\u043e\u043a\u0443\u043f\u043a\u0438 <span class=\"wpcf7-form-control-wrap\" data-name=\"text-datazakupu\"><input size=\"40\" maxlength=\"400\" class=\"wpcf7-form-control wpcf7-text\" aria-invalid=\"false\" value=\"\" type=\"text\" name=\"text-datazakupu\" \/><\/span><br \/>\n\u041d\u043e\u043c\u0435\u0440 \u043d\u0430\u043a\u043b\u0430\u0434\u043d\u043e\u0457 <span class=\"wpcf7-form-control-wrap\" data-name=\"text-numer-faktury\"><input size=\"40\" maxlength=\"400\" class=\"wpcf7-form-control wpcf7-text\" aria-invalid=\"false\" value=\"\" type=\"text\" name=\"text-numer-faktury\" \/><\/span><br \/>\n\u0410\u0434\u0440\u0435\u0441\u0430 \u0432\u0441\u0442\u0430\u043d\u043e\u0432\u043b\u0435\u043d\u043d\u044f* <span class=\"wpcf7-form-control-wrap\" data-name=\"text-adres-montaz\"><input size=\"40\" maxlength=\"400\" class=\"wpcf7-form-control wpcf7-text wpcf7-validates-as-required\" aria-required=\"true\" aria-invalid=\"false\" value=\"\" type=\"text\" name=\"text-adres-montaz\" \/><\/span><br \/>\n\u041e\u043f\u0438\u0441 \u043d\u0435\u0441\u043f\u0440\u0430\u0432\u043d\u043e\u0441\u0442\u0456 <span class=\"wpcf7-form-control-wrap\" data-name=\"textarea-196\"><textarea cols=\"40\" rows=\"10\" maxlength=\"2000\" class=\"wpcf7-form-control wpcf7-textarea\" aria-invalid=\"false\" name=\"textarea-196\"><\/textarea><\/span>\n\t<\/p>\n<\/fieldset>\n<p><span class=\"wpcf7-form-control-wrap\" data-name=\"acceptance-981\"><span class=\"wpcf7-form-control wpcf7-acceptance\"><span class=\"wpcf7-list-item\"><input type=\"checkbox\" name=\"acceptance-981\" value=\"1\" aria-invalid=\"false\" \/><\/span><\/span><\/span> \u042f \u0434\u0430\u044e \u0437\u0433\u043e\u0434\u0443 \u043d\u0430 \u043e\u0431\u0440\u043e\u0431\u043a\u0443 \u043c\u043e\u0457\u0445 \u043f\u0435\u0440\u0441\u043e\u043d\u0430\u043b\u044c\u043d\u0438\u0445 \u0434\u0430\u043d\u0438\u0445 \u0437 \u043c\u0435\u0442\u043e\u044e \u043f\u043e\u0434\u0430\u043d\u043d\u044f \u0441\u043a\u0430\u0440\u0433\u0438 \u0442\u0430 \u043d\u0430\u0434\u0430\u043d\u043d\u044f \u043f\u043e\u0441\u043b\u0443\u0433 \u043d\u0430 www.sigma.sanok.pl \u0437 \u043c\u0435\u0442\u043e\u044e \u0440\u043e\u0437\u0433\u043b\u044f\u0434\u0443 \u0441\u043a\u0430\u0440\u0433 \u0442\u0430 \u0437\u0430\u043f\u0438\u0442\u0456\u0432 \u043d\u0430 \u043f\u043e\u0441\u043b\u0443\u0433\u0438. \u0410\u0434\u043c\u0456\u043d\u0456\u0441\u0442\u0440\u0430\u0442\u043e\u0440\u043e\u043c \u0434\u0430\u043d\u0438\u0445 \u0454 Sigma Systemy Os\u0142onowe \u0456\u0437 \u0437\u0430\u0440\u0435\u0454\u0441\u0442\u0440\u043e\u0432\u0430\u043d\u0438\u043c \u043e\u0444\u0456\u0441\u043e\u043c \u0443 Sanok, \u0432\u0443\u043b. Czerte\u017c 208. \u0414\u0435\u0442\u0430\u043b\u044c\u043d\u0443 \u0456\u043d\u0444\u043e\u0440\u043c\u0430\u0446\u0456\u044e \u0449\u043e\u0434\u043e \u043e\u0431\u0440\u043e\u0431\u043a\u0438 \u043f\u0435\u0440\u0441\u043e\u043d\u0430\u043b\u044c\u043d\u0438\u0445 \u0434\u0430\u043d\u0438\u0445 \u043c\u043e\u0436\u043d\u0430 \u0437\u043d\u0430\u0439\u0442\u0438 \u043d\u0430 \u0441\u0430\u0439\u0442\u0456 http:\/\/sigma.sanok.pl\/polityka-prywatnosci.<br \/>\n<input class=\"wpcf7-form-control wpcf7-submit has-spinner\" type=\"submit\" value=\"Wy\u015blij zg\u0142oszenie\" \/>\n<\/p><input type='hidden' class='wpcf7-pum' value='{\"closepopup\":false,\"closedelay\":0,\"openpopup\":false,\"openpopup_id\":0}' \/><div class=\"wpcf7-response-output\" aria-hidden=\"true\"><\/div>\n<\/form>\n<\/div>\n\r\n\t\t\t\t<script>\r\n\t\t\t\tif ( typeof huOptions !== 'undefined' ) {\r\n\t\t\t\t\tvar huFormData = {\"source\":\"contactform7\",\"id\":15038,\"title\":\"\\u0417\\u0430\\u044f\\u0432\\u043a\\u0430 \\u043d\\u0430 \\u0441\\u0435\\u0440\\u0432\\u0456\\u0441\\u043d\\u0435 \\u043e\\u0431\\u0441\\u043b\\u0443\\u0433\\u043e\\u0432\\u0443\\u0432\\u0430\\u043d\\u043d\\u044f \\\/ \\u0413\\u0430\\u0440\\u0430\\u043d\\u0442\\u0456\\u0439\\u043d\\u0435 \\u043e\\u0431\\u0441\\u043b\\u0443\\u0433\",\"fields\":{\"subject\":{\"first_name\":\"your-name\",\"email\":\"your-email\"},\"preferences\":{\"terms\":\"your-consent\"}}};\r\n\t\t\t\t\tvar huFormNode = document.querySelector( '[id^=\"wpcf7-f1957-\"] form' );\r\n\r\n\t\t\t\t\thuFormData['node'] = huFormNode;\r\n\t\t\t\t\thuOptions['forms'].push( huFormData );\r\n\t\t\t\t}\r\n\t\t\t\t<\/script>[\/vc_column_text]<\/div><\/div><\/div><\/div>","protected":false},"excerpt":{"rendered":"[vc_column_text] \u041a\u043e\u0436\u0435\u043d \u0432\u0441\u0442\u0430\u043d\u043e\u0432\u043b\u0435\u043d\u0438\u0439 \u0430\u0431\u043e \u0432\u0438\u0433\u043e\u0442\u043e\u0432\u043b\u0435\u043d\u0438\u0439 \u043d\u0430\u043c\u0438 \u043f\u0440\u043e\u0434\u0443\u043a\u0442 \u043c\u0430\u0454 24-\u043c\u0456\u0441\u044f\u0447\u043d\u0443 \u0433\u0430\u0440\u0430\u043d\u0442\u0456\u044e. \u042f\u043a\u0449\u043e \u0432\u0438\u0431\u0440\u0430\u043d\u0430 \u0412\u0430\u043c\u0438 \u043f\u0440\u043e\u043f\u043e\u0437\u0438\u0446\u0456\u044f \u043f\u043e\u0432\u2019\u044f\u0437\u0430\u043d\u0430 \u0437 \u043d\u0430\u0448\u0438\u043c \u043c\u043e\u043d\u0442\u0430\u0436\u0435\u043c, \u043c\u0438 \u043f\u0440\u0438\u0457\u0434\u0435\u043c\u043e \u044f\u043a\u043e\u043c\u043e\u0433\u0430 \u0448\u0432\u0438\u0434\u0448\u0435 \u0456 \u043e\u0433\u043b\u044f\u043d\u0435\u043c\u043e \u0442\u043e\u0432\u0430\u0440\u0438 \u0443 \u043a\u043b\u0456\u0454\u043d\u0442\u0430. \u041f\u0440\u0438 \u043d\u0435\u043e\u0431\u0445\u0456\u0434\u043d\u043e\u0441\u0442\u0456 \u0440\u0435\u043c\u043e\u043d\u0442\u0443, \u0437\u0432\u0438\u0447\u0430\u0439\u043d\u043e, \u0446\u0435 \u0431\u0443\u0434\u0435 \u0437\u0440\u043e\u0431\u043b\u0435\u043d\u043e \u0432 \u043d\u0430\u0439\u043a\u043e\u0440\u043e\u0442\u0448\u0456 \u0442\u0435\u0440\u043c\u0456\u043d\u0438, \u0437\u0432\u0456\u0441\u043d\u043e, \u200b\u200b\u043f\u043e \u0433\u0430\u0440\u0430\u043d\u0442\u0456\u0457, \u0442\u043e\u0431\u0442\u043e \u0431\u0435\u0437\u043a\u043e\u0448\u0442\u043e\u0432\u043d\u043e. \u042f\u043a\u0449\u043e \u0441\u043a\u0430\u0440\u0433\u0430 \u0441\u0442\u043e\u0441\u0443\u0454\u0442\u044c\u0441\u044f \u043f\u0440\u0438\u0434\u0431\u0430\u043d\u043e\u0433\u043e \u0442\u043e\u0432\u0430\u0440\u0443 \u0431\u0435\u0437 \u0437\u0431\u0456\u0440\u043a\u0438, \u0437\u0430\u043f\u0440\u043e\u0448\u0443\u0454\u043c\u043e \u0434\u043e \u043d\u0430\u0448\u043e\u0433\u043e \u0441\u0430\u043b\u043e\u043d\u0443 \u0437 \u043f\u043e\u0448\u043a\u043e\u0434\u0436\u0435\u043d\u043e\u044e [...]","protected":false},"author":1,"featured_media":0,"parent":0,"menu_order":26,"comment_status":"closed","ping_status":"closed","template":"page-pagebuilder-title.php","meta":{"inline_featured_image":false,"footnotes":""},"class_list":["post-15039","page","type-page","status-publish"],"yoast_head":"<!-- This site is optimized with the Yoast SEO plugin v18.4.1 - https:\/\/yoast.com\/wordpress\/plugins\/seo\/ -->\n<title>Sigma Systemy Os\u0142onowe &#8211; Producent system\u00f3w przeciws\u0142onecznych &#8211; Producent rolet zewn\u0119trznych, Producent screen\u00f3w &#8211; Screeny, Producent markiz, Produkcja Pergol, Producent plis, Producent rolet wewn\u0119trznych, Producent bram rolowanych | Sanok, Krosno, Rzesz\u00f3w, Podkarpacie<\/title>\n<meta name=\"robots\" content=\"index, follow, max-snippet:-1, max-image-preview:large, max-video-preview:-1\" \/>\n<link rel=\"canonical\" href=\"https:\/\/sigma.sanok.pl\/uk\/zgloszenie-reklamacyjne-serwisowe\/\" \/>\n<meta property=\"og:locale\" content=\"uk_UA\" \/>\n<meta property=\"og:type\" content=\"article\" \/>\n<meta property=\"og:url\" content=\"https:\/\/sigma.sanok.pl\/uk\/zgloszenie-reklamacyjne-serwisowe\/\" \/>\n<meta property=\"og:site_name\" content=\"Sigma Systemy Os\u0142onowe - Producent system\u00f3w przeciws\u0142onecznych - Producent rolet zewn\u0119trznych, Producent screen\u00f3w - Screeny, Producent markiz, Produkcja Pergol, Producent plis, Producent rolet wewn\u0119trznych, Producent bram rolowanych | Sanok, Krosno, Rzesz\u00f3w, Podkarpacie\" \/>\n<meta property=\"article:modified_time\" content=\"2022-01-17T17:33:19+00:00\" \/>\n<meta name=\"twitter:card\" content=\"summary_large_image\" \/>\n<script type=\"application\/ld+json\" class=\"yoast-schema-graph\">{\"@context\":\"https:\/\/schema.org\",\"@graph\":[{\"@type\":\"Organization\",\"@id\":\"https:\/\/sigma.sanok.pl\/uk\/#organization\",\"name\":\"Sigma Systemy Os\u0142onowe\",\"url\":\"https:\/\/sigma.sanok.pl\/uk\/\",\"sameAs\":[],\"logo\":{\"@type\":\"ImageObject\",\"@id\":\"https:\/\/sigma.sanok.pl\/uk\/#logo\",\"inLanguage\":\"uk\",\"url\":\"https:\/\/sigma.sanok.pl\/wp-content\/uploads\/2019\/12\/logo_sigma-loader.png\",\"contentUrl\":\"https:\/\/sigma.sanok.pl\/wp-content\/uploads\/2019\/12\/logo_sigma-loader.png\",\"width\":120,\"height\":120,\"caption\":\"Sigma Systemy Os\u0142onowe\"},\"image\":{\"@id\":\"https:\/\/sigma.sanok.pl\/uk\/#logo\"}},{\"@type\":\"WebSite\",\"@id\":\"https:\/\/sigma.sanok.pl\/uk\/#website\",\"url\":\"https:\/\/sigma.sanok.pl\/uk\/\",\"name\":\"Sigma Systemy Os\u0142onowe - Producent system\u00f3w przeciws\u0142onecznych - rolet zewn\u0119trznych, screen\u00f3w, markiz, plis, rolet wewn\u0119trznych oraz bram rolowanych\",\"description\":\"Producent Markizy, Pergole - Producent,  \u017baluzje fasadowe, Producent Rolety zewn\u0119trzne, Rolety wewn\u0119trzne - Producent, Producent Screeny, Plisy - Producent, Bramy gara\u017cowe, Bramy przemys\u0142owe, Bramy rolowane,Nap\u0119dy, Automatyka | Podkarpacie, Rzesz\u00f3w , Sanok,  Krosno, Lesko, Brzoz\u00f3w, Ustrzyki\",\"publisher\":{\"@id\":\"https:\/\/sigma.sanok.pl\/uk\/#organization\"},\"potentialAction\":[{\"@type\":\"SearchAction\",\"target\":{\"@type\":\"EntryPoint\",\"urlTemplate\":\"https:\/\/sigma.sanok.pl\/uk\/?s={search_term_string}\"},\"query-input\":\"required name=search_term_string\"}],\"inLanguage\":\"uk\"},{\"@type\":\"WebPage\",\"@id\":\"https:\/\/sigma.sanok.pl\/uk\/zgloszenie-reklamacyjne-serwisowe\/#webpage\",\"url\":\"https:\/\/sigma.sanok.pl\/uk\/zgloszenie-reklamacyjne-serwisowe\/\",\"name\":\"\u0417\u0430\u044f\u0432\u043a\u0430 \u043d\u0430 \u0441\u0435\u0440\u0432\u0456\u0441\u043d\u0435 \u043e\u0431\u0441\u043b\u0443\u0433\u043e\u0432\u0443\u0432\u0430\u043d\u043d\u044f \/ \u0413\u0430\u0440\u0430\u043d\u0442\u0456\u0439\u043d\u0435 \u043e\u0431\u0441\u043b\u0443\u0433\u043e\u0432\u0443\u0432\u0430\u043d\u043d\u044f - Sigma Systemy Os\u0142onowe - Producent system\u00f3w przeciws\u0142onecznych - Producent rolet zewn\u0119trznych, Producent screen\u00f3w - Screeny, Producent markiz, Produkcja Pergol, Producent plis, Producent rolet wewn\u0119trznych, Producent bram rolowanych | Sanok, Krosno, Rzesz\u00f3w, Podkarpacie\",\"isPartOf\":{\"@id\":\"https:\/\/sigma.sanok.pl\/uk\/#website\"},\"datePublished\":\"2018-09-06T20:50:11+00:00\",\"dateModified\":\"2022-01-17T17:33:19+00:00\",\"breadcrumb\":{\"@id\":\"https:\/\/sigma.sanok.pl\/uk\/zgloszenie-reklamacyjne-serwisowe\/#breadcrumb\"},\"inLanguage\":\"uk\",\"potentialAction\":[{\"@type\":\"ReadAction\",\"target\":[\"https:\/\/sigma.sanok.pl\/uk\/zgloszenie-reklamacyjne-serwisowe\/\"]}]},{\"@type\":\"BreadcrumbList\",\"@id\":\"https:\/\/sigma.sanok.pl\/uk\/zgloszenie-reklamacyjne-serwisowe\/#breadcrumb\",\"itemListElement\":[{\"@type\":\"ListItem\",\"position\":1,\"name\":\"Strona g\u0142\u00f3wna\",\"item\":\"https:\/\/sigma.sanok.pl\/uk\/\"},{\"@type\":\"ListItem\",\"position\":2,\"name\":\"\u0417\u0430\u044f\u0432\u043a\u0430 \u043d\u0430 \u0441\u0435\u0440\u0432\u0456\u0441\u043d\u0435 \u043e\u0431\u0441\u043b\u0443\u0433\u043e\u0432\u0443\u0432\u0430\u043d\u043d\u044f \/ \u0413\u0430\u0440\u0430\u043d\u0442\u0456\u0439\u043d\u0435 \u043e\u0431\u0441\u043b\u0443\u0433\u043e\u0432\u0443\u0432\u0430\u043d\u043d\u044f\"}]}]}<\/script>\n<!-- \/ Yoast SEO plugin. -->","yoast_head_json":{"title":"Sigma Systemy Os\u0142onowe &#8211; Producent system\u00f3w przeciws\u0142onecznych &#8211; Producent rolet zewn\u0119trznych, Producent screen\u00f3w &#8211; Screeny, Producent markiz, Produkcja Pergol, Producent plis, Producent rolet wewn\u0119trznych, Producent bram rolowanych | Sanok, Krosno, Rzesz\u00f3w, Podkarpacie","robots":{"index":"index","follow":"follow","max-snippet":"max-snippet:-1","max-image-preview":"max-image-preview:large","max-video-preview":"max-video-preview:-1"},"canonical":"https:\/\/sigma.sanok.pl\/uk\/zgloszenie-reklamacyjne-serwisowe\/","og_locale":"uk_UA","og_type":"article","og_url":"https:\/\/sigma.sanok.pl\/uk\/zgloszenie-reklamacyjne-serwisowe\/","og_site_name":"Sigma Systemy Os\u0142onowe - Producent system\u00f3w przeciws\u0142onecznych - Producent rolet zewn\u0119trznych, Producent screen\u00f3w - Screeny, Producent markiz, Produkcja Pergol, Producent plis, Producent rolet wewn\u0119trznych, Producent bram rolowanych | Sanok, Krosno, Rzesz\u00f3w, Podkarpacie","article_modified_time":"2022-01-17T17:33:19+00:00","twitter_card":"summary_large_image","schema":{"@context":"https:\/\/schema.org","@graph":[{"@type":"Organization","@id":"https:\/\/sigma.sanok.pl\/uk\/#organization","name":"Sigma Systemy Os\u0142onowe","url":"https:\/\/sigma.sanok.pl\/uk\/","sameAs":[],"logo":{"@type":"ImageObject","@id":"https:\/\/sigma.sanok.pl\/uk\/#logo","inLanguage":"uk","url":"https:\/\/sigma.sanok.pl\/wp-content\/uploads\/2019\/12\/logo_sigma-loader.png","contentUrl":"https:\/\/sigma.sanok.pl\/wp-content\/uploads\/2019\/12\/logo_sigma-loader.png","width":120,"height":120,"caption":"Sigma Systemy Os\u0142onowe"},"image":{"@id":"https:\/\/sigma.sanok.pl\/uk\/#logo"}},{"@type":"WebSite","@id":"https:\/\/sigma.sanok.pl\/uk\/#website","url":"https:\/\/sigma.sanok.pl\/uk\/","name":"Sigma Systemy Os\u0142onowe - Producent system\u00f3w przeciws\u0142onecznych - rolet zewn\u0119trznych, screen\u00f3w, markiz, plis, rolet wewn\u0119trznych oraz bram rolowanych","description":"Producent Markizy, Pergole - Producent,  \u017baluzje fasadowe, Producent Rolety zewn\u0119trzne, Rolety wewn\u0119trzne - Producent, Producent Screeny, Plisy - Producent, Bramy gara\u017cowe, Bramy przemys\u0142owe, Bramy rolowane,Nap\u0119dy, Automatyka | Podkarpacie, Rzesz\u00f3w , Sanok,  Krosno, Lesko, Brzoz\u00f3w, Ustrzyki","publisher":{"@id":"https:\/\/sigma.sanok.pl\/uk\/#organization"},"potentialAction":[{"@type":"SearchAction","target":{"@type":"EntryPoint","urlTemplate":"https:\/\/sigma.sanok.pl\/uk\/?s={search_term_string}"},"query-input":"required name=search_term_string"}],"inLanguage":"uk"},{"@type":"WebPage","@id":"https:\/\/sigma.sanok.pl\/uk\/zgloszenie-reklamacyjne-serwisowe\/#webpage","url":"https:\/\/sigma.sanok.pl\/uk\/zgloszenie-reklamacyjne-serwisowe\/","name":"\u0417\u0430\u044f\u0432\u043a\u0430 \u043d\u0430 \u0441\u0435\u0440\u0432\u0456\u0441\u043d\u0435 \u043e\u0431\u0441\u043b\u0443\u0433\u043e\u0432\u0443\u0432\u0430\u043d\u043d\u044f \/ \u0413\u0430\u0440\u0430\u043d\u0442\u0456\u0439\u043d\u0435 \u043e\u0431\u0441\u043b\u0443\u0433\u043e\u0432\u0443\u0432\u0430\u043d\u043d\u044f - Sigma Systemy Os\u0142onowe - Producent system\u00f3w przeciws\u0142onecznych - Producent rolet zewn\u0119trznych, Producent screen\u00f3w - Screeny, Producent markiz, Produkcja Pergol, Producent plis, Producent rolet wewn\u0119trznych, Producent bram rolowanych | Sanok, Krosno, Rzesz\u00f3w, Podkarpacie","isPartOf":{"@id":"https:\/\/sigma.sanok.pl\/uk\/#website"},"datePublished":"2018-09-06T20:50:11+00:00","dateModified":"2022-01-17T17:33:19+00:00","breadcrumb":{"@id":"https:\/\/sigma.sanok.pl\/uk\/zgloszenie-reklamacyjne-serwisowe\/#breadcrumb"},"inLanguage":"uk","potentialAction":[{"@type":"ReadAction","target":["https:\/\/sigma.sanok.pl\/uk\/zgloszenie-reklamacyjne-serwisowe\/"]}]},{"@type":"BreadcrumbList","@id":"https:\/\/sigma.sanok.pl\/uk\/zgloszenie-reklamacyjne-serwisowe\/#breadcrumb","itemListElement":[{"@type":"ListItem","position":1,"name":"Strona g\u0142\u00f3wna","item":"https:\/\/sigma.sanok.pl\/uk\/"},{"@type":"ListItem","position":2,"name":"\u0417\u0430\u044f\u0432\u043a\u0430 \u043d\u0430 \u0441\u0435\u0440\u0432\u0456\u0441\u043d\u0435 \u043e\u0431\u0441\u043b\u0443\u0433\u043e\u0432\u0443\u0432\u0430\u043d\u043d\u044f \/ \u0413\u0430\u0440\u0430\u043d\u0442\u0456\u0439\u043d\u0435 \u043e\u0431\u0441\u043b\u0443\u0433\u043e\u0432\u0443\u0432\u0430\u043d\u043d\u044f"}]}]}},"_links":{"self":[{"href":"https:\/\/sigma.sanok.pl\/uk\/wp-json\/wp\/v2\/pages\/15039","targetHints":{"allow":["GET"]}}],"collection":[{"href":"https:\/\/sigma.sanok.pl\/uk\/wp-json\/wp\/v2\/pages"}],"about":[{"href":"https:\/\/sigma.sanok.pl\/uk\/wp-json\/wp\/v2\/types\/page"}],"author":[{"embeddable":true,"href":"https:\/\/sigma.sanok.pl\/uk\/wp-json\/wp\/v2\/users\/1"}],"replies":[{"embeddable":true,"href":"https:\/\/sigma.sanok.pl\/uk\/wp-json\/wp\/v2\/comments?post=15039"}],"version-history":[{"count":3,"href":"https:\/\/sigma.sanok.pl\/uk\/wp-json\/wp\/v2\/pages\/15039\/revisions"}],"predecessor-version":[{"id":25356,"href":"https:\/\/sigma.sanok.pl\/uk\/wp-json\/wp\/v2\/pages\/15039\/revisions\/25356"}],"wp:attachment":[{"href":"https:\/\/sigma.sanok.pl\/uk\/wp-json\/wp\/v2\/media?parent=15039"}],"curies":[{"name":"wp","href":"https:\/\/api.w.org\/{rel}","templated":true}]}}