{"id":9941,"date":"2021-05-30T09:03:51","date_gmt":"2021-05-30T07:03:51","guid":{"rendered":"https:\/\/sigma.sanok.pl\/client-zone\/"},"modified":"2021-12-22T14:03:12","modified_gmt":"2021-12-22T13:03:12","slug":"client-zone","status":"publish","type":"page","link":"https:\/\/sigma.sanok.pl\/en\/client-zone\/","title":{"rendered":"Client zone"},"content":{"rendered":"","protected":true},"excerpt":{"rendered":"","protected":true},"author":1,"featured_media":0,"parent":0,"menu_order":0,"comment_status":"closed","ping_status":"closed","template":"page-pagebuilder-title.php","meta":{"inline_featured_image":false,"footnotes":""},"class_list":["post-9941","page","type-page","status-publish","post-password-required"],"yoast_head":"<!-- This site is optimized with the Yoast SEO plugin v18.4.1 - https:\/\/yoast.com\/wordpress\/plugins\/seo\/ -->\n<title>Sigma Systemy Os\u0142onowe &#8211; Producent system\u00f3w przeciws\u0142onecznych &#8211; Producent rolet zewn\u0119trznych, Producent screen\u00f3w &#8211; Screeny, Producent markiz, Produkcja Pergol, Producent plis, Producent rolet wewn\u0119trznych, Producent bram rolowanych | Sanok, Krosno, Rzesz\u00f3w, Podkarpacie<\/title>\n<meta name=\"robots\" content=\"index, follow, max-snippet:-1, max-image-preview:large, max-video-preview:-1\" \/>\n<link rel=\"canonical\" href=\"https:\/\/sigma.sanok.pl\/en\/client-zone\/\" \/>\n<meta property=\"og:locale\" content=\"en_US\" \/>\n<meta property=\"og:type\" content=\"article\" \/>\n<meta property=\"og:url\" content=\"https:\/\/sigma.sanok.pl\/en\/client-zone\/\" \/>\n<meta property=\"og:site_name\" content=\"Sigma Systemy Os\u0142onowe - Producent system\u00f3w przeciws\u0142onecznych - Producent rolet zewn\u0119trznych, Producent screen\u00f3w - Screeny, Producent markiz, Produkcja Pergol, Producent plis, Producent rolet wewn\u0119trznych, Producent bram rolowanych | Sanok, Krosno, Rzesz\u00f3w, Podkarpacie\" \/>\n<meta property=\"article:modified_time\" content=\"2021-12-22T13:03:12+00:00\" \/>\n<meta name=\"twitter:card\" content=\"summary_large_image\" \/>\n<meta name=\"twitter:label1\" content=\"Est. reading time\" \/>\n\t<meta name=\"twitter:data1\" content=\"1 minute\" \/>\n<script type=\"application\/ld+json\" class=\"yoast-schema-graph\">{\"@context\":\"https:\/\/schema.org\",\"@graph\":[{\"@type\":\"Organization\",\"@id\":\"https:\/\/sigma.sanok.pl\/en\/#organization\",\"name\":\"Sigma Systemy Os\u0142onowe\",\"url\":\"https:\/\/sigma.sanok.pl\/en\/\",\"sameAs\":[],\"logo\":{\"@type\":\"ImageObject\",\"@id\":\"https:\/\/sigma.sanok.pl\/en\/#logo\",\"inLanguage\":\"en-US\",\"url\":\"https:\/\/sigma.sanok.pl\/wp-content\/uploads\/2019\/12\/logo_sigma-loader.png\",\"contentUrl\":\"https:\/\/sigma.sanok.pl\/wp-content\/uploads\/2019\/12\/logo_sigma-loader.png\",\"width\":120,\"height\":120,\"caption\":\"Sigma Systemy Os\u0142onowe\"},\"image\":{\"@id\":\"https:\/\/sigma.sanok.pl\/en\/#logo\"}},{\"@type\":\"WebSite\",\"@id\":\"https:\/\/sigma.sanok.pl\/en\/#website\",\"url\":\"https:\/\/sigma.sanok.pl\/en\/\",\"name\":\"Sigma Systemy Os\u0142onowe - Producent system\u00f3w przeciws\u0142onecznych - rolet zewn\u0119trznych, screen\u00f3w, markiz, plis, rolet wewn\u0119trznych oraz bram rolowanych\",\"description\":\"Producent Markizy, Pergole - Producent,  \u017baluzje fasadowe, Producent Rolety zewn\u0119trzne, Rolety wewn\u0119trzne - Producent, Producent Screeny, Plisy - Producent, Bramy gara\u017cowe, Bramy przemys\u0142owe, Bramy rolowane,Nap\u0119dy, Automatyka | Podkarpacie, Rzesz\u00f3w , Sanok,  Krosno, Lesko, Brzoz\u00f3w, Ustrzyki\",\"publisher\":{\"@id\":\"https:\/\/sigma.sanok.pl\/en\/#organization\"},\"potentialAction\":[{\"@type\":\"SearchAction\",\"target\":{\"@type\":\"EntryPoint\",\"urlTemplate\":\"https:\/\/sigma.sanok.pl\/en\/?s={search_term_string}\"},\"query-input\":\"required name=search_term_string\"}],\"inLanguage\":\"en-US\"},{\"@type\":\"WebPage\",\"@id\":\"https:\/\/sigma.sanok.pl\/en\/client-zone\/#webpage\",\"url\":\"https:\/\/sigma.sanok.pl\/en\/client-zone\/\",\"name\":\"Client zone - Sigma Systemy Os\u0142onowe - Producent system\u00f3w przeciws\u0142onecznych - Producent rolet zewn\u0119trznych, Producent screen\u00f3w - Screeny, Producent markiz, Produkcja Pergol, Producent plis, Producent rolet wewn\u0119trznych, Producent bram rolowanych | Sanok, Krosno, Rzesz\u00f3w, Podkarpacie\",\"isPartOf\":{\"@id\":\"https:\/\/sigma.sanok.pl\/en\/#website\"},\"datePublished\":\"2021-05-30T07:03:51+00:00\",\"dateModified\":\"2021-12-22T13:03:12+00:00\",\"breadcrumb\":{\"@id\":\"https:\/\/sigma.sanok.pl\/en\/client-zone\/#breadcrumb\"},\"inLanguage\":\"en-US\"}]}<\/script>\n<!-- \/ Yoast SEO plugin. -->","yoast_head_json":{"title":"Sigma Systemy Os\u0142onowe &#8211; Producent system\u00f3w przeciws\u0142onecznych &#8211; Producent rolet zewn\u0119trznych, Producent screen\u00f3w &#8211; Screeny, Producent markiz, Produkcja Pergol, Producent plis, Producent rolet wewn\u0119trznych, Producent bram rolowanych | Sanok, Krosno, Rzesz\u00f3w, Podkarpacie","robots":{"index":"index","follow":"follow","max-snippet":"max-snippet:-1","max-image-preview":"max-image-preview:large","max-video-preview":"max-video-preview:-1"},"canonical":"https:\/\/sigma.sanok.pl\/en\/client-zone\/","og_locale":"en_US","og_type":"article","og_url":"https:\/\/sigma.sanok.pl\/en\/client-zone\/","og_site_name":"Sigma Systemy Os\u0142onowe - Producent system\u00f3w przeciws\u0142onecznych - Producent rolet zewn\u0119trznych, Producent screen\u00f3w - Screeny, Producent markiz, Produkcja Pergol, Producent plis, Producent rolet wewn\u0119trznych, Producent bram rolowanych | Sanok, Krosno, Rzesz\u00f3w, Podkarpacie","article_modified_time":"2021-12-22T13:03:12+00:00","twitter_card":"summary_large_image","twitter_misc":{"Est. reading time":"1 minute"},"schema":{"@context":"https:\/\/schema.org","@graph":[{"@type":"Organization","@id":"https:\/\/sigma.sanok.pl\/en\/#organization","name":"Sigma Systemy Os\u0142onowe","url":"https:\/\/sigma.sanok.pl\/en\/","sameAs":[],"logo":{"@type":"ImageObject","@id":"https:\/\/sigma.sanok.pl\/en\/#logo","inLanguage":"en-US","url":"https:\/\/sigma.sanok.pl\/wp-content\/uploads\/2019\/12\/logo_sigma-loader.png","contentUrl":"https:\/\/sigma.sanok.pl\/wp-content\/uploads\/2019\/12\/logo_sigma-loader.png","width":120,"height":120,"caption":"Sigma Systemy Os\u0142onowe"},"image":{"@id":"https:\/\/sigma.sanok.pl\/en\/#logo"}},{"@type":"WebSite","@id":"https:\/\/sigma.sanok.pl\/en\/#website","url":"https:\/\/sigma.sanok.pl\/en\/","name":"Sigma Systemy Os\u0142onowe - Producent system\u00f3w przeciws\u0142onecznych - rolet zewn\u0119trznych, screen\u00f3w, markiz, plis, rolet wewn\u0119trznych oraz bram rolowanych","description":"Producent Markizy, Pergole - Producent,  \u017baluzje fasadowe, Producent Rolety zewn\u0119trzne, Rolety wewn\u0119trzne - Producent, Producent Screeny, Plisy - Producent, Bramy gara\u017cowe, Bramy przemys\u0142owe, Bramy rolowane,Nap\u0119dy, Automatyka | Podkarpacie, Rzesz\u00f3w , Sanok,  Krosno, Lesko, Brzoz\u00f3w, Ustrzyki","publisher":{"@id":"https:\/\/sigma.sanok.pl\/en\/#organization"},"potentialAction":[{"@type":"SearchAction","target":{"@type":"EntryPoint","urlTemplate":"https:\/\/sigma.sanok.pl\/en\/?s={search_term_string}"},"query-input":"required name=search_term_string"}],"inLanguage":"en-US"},{"@type":"WebPage","@id":"https:\/\/sigma.sanok.pl\/en\/client-zone\/#webpage","url":"https:\/\/sigma.sanok.pl\/en\/client-zone\/","name":"Client zone - Sigma Systemy Os\u0142onowe - Producent system\u00f3w przeciws\u0142onecznych - Producent rolet zewn\u0119trznych, Producent screen\u00f3w - Screeny, Producent markiz, Produkcja Pergol, Producent plis, Producent rolet wewn\u0119trznych, Producent bram rolowanych | Sanok, Krosno, Rzesz\u00f3w, Podkarpacie","isPartOf":{"@id":"https:\/\/sigma.sanok.pl\/en\/#website"},"datePublished":"2021-05-30T07:03:51+00:00","dateModified":"2021-12-22T13:03:12+00:00","breadcrumb":{"@id":"https:\/\/sigma.sanok.pl\/en\/client-zone\/#breadcrumb"},"inLanguage":"en-US"}]}},"_links":{"self":[{"href":"https:\/\/sigma.sanok.pl\/en\/wp-json\/wp\/v2\/pages\/9941","targetHints":{"allow":["GET"]}}],"collection":[{"href":"https:\/\/sigma.sanok.pl\/en\/wp-json\/wp\/v2\/pages"}],"about":[{"href":"https:\/\/sigma.sanok.pl\/en\/wp-json\/wp\/v2\/types\/page"}],"author":[{"embeddable":true,"href":"https:\/\/sigma.sanok.pl\/en\/wp-json\/wp\/v2\/users\/1"}],"replies":[{"embeddable":true,"href":"https:\/\/sigma.sanok.pl\/en\/wp-json\/wp\/v2\/comments?post=9941"}],"version-history":[{"count":0,"href":"https:\/\/sigma.sanok.pl\/en\/wp-json\/wp\/v2\/pages\/9941\/revisions"}],"wp:attachment":[{"href":"https:\/\/sigma.sanok.pl\/en\/wp-json\/wp\/v2\/media?parent=9941"}],"curies":[{"name":"wp","href":"https:\/\/api.w.org\/{rel}","templated":true}]}}