{"id":14421,"date":"2019-12-25T13:04:42","date_gmt":"2019-12-25T12:04:42","guid":{"rendered":"https:\/\/sigma.sanok.pl\/awnings-fabrics\/"},"modified":"2022-01-17T18:35:03","modified_gmt":"2022-01-17T17:35:03","slug":"awnings-fabrics","status":"publish","type":"page","link":"https:\/\/sigma.sanok.pl\/en\/awnings-fabrics\/","title":{"rendered":"Awning fabrics"},"content":{"rendered":"<div id=\"tdi_1\" class=\"tdc-row\"><div class=\"vc_row tdi_2  wpb_row td-pb-row\" >\n<style scoped>\n\/* custom css - generated by TagDiv Composer *\/\n\n\/* custom css - generated by TagDiv Composer *\/\n\/* custom css - generated by TagDiv Composer *\/\n.tdi_2,\r\n                .tdi_2 .tdc-columns{\r\n                    min-height: 0;\r\n                }.tdi_2,\r\n\t\t\t\t.tdi_2 .tdc-columns{\r\n\t\t\t\t    display: block;\r\n\t\t\t\t}.tdi_2 .tdc-columns{\r\n\t\t\t\t    width: 100%;\r\n\t\t\t\t}\n<\/style><div class=\"vc_column tdi_4  wpb_column vc_column_container tdc-column td-pb-span12\">\n<style scoped>\n\/* custom css - generated by TagDiv Composer *\/\n\n\/* custom css - generated by TagDiv Composer *\/\n\/* custom css - generated by TagDiv Composer *\/\n.tdi_4{\r\n                    vertical-align: baseline;\r\n                }.tdi_4 > .wpb_wrapper,\r\n\t\t\t\t.tdi_4 > .wpb_wrapper > .tdc-elements{\r\n\t\t\t\t    display: block;\r\n\t\t\t\t}.tdi_4 > .wpb_wrapper > .tdc-elements{\r\n\t\t\t\t    width: 100%;\r\n\t\t\t\t}.tdi_4 > .wpb_wrapper > .vc_row_inner{\r\n\t\t\t\t    width: auto;\r\n\t\t\t\t}.tdi_4 > .wpb_wrapper{\r\n\t\t\t\t    width: auto;\r\n\t\t\t\t    height: auto;\r\n\t\t\t\t}\n<\/style><div class=\"wpb_wrapper\" >[vc_column_text]<strong>We use the highest quality components for awnings production.<\/strong><\/p>\n<p>If fabric is durable and don&#8217;t lose color contrasts, such an awning will serve our customers for many seasons. Fabrics used by us, are produced by French company <strong>Dickson<\/strong>, which is a world leader in specialized fabrics production. The highest quality acrylic fibers are used for production of such fabrics. Fabric, called dralon, is: tear-resistant, water-repellent, UV-resistant, and don&#8217;t lose color contrasts.<\/p>\n<p>We offer a full collection of Dickson fabrics. From wide range of patterns and colors, you can choose fabric color to object. All available patterns and colors in fabric configurator.<\/p>\n<p>Latest technology fabric is also available &#8211; self-cleaning and waterproof from Orchestra Max collection. <strong><\/strong><\/p>\n<p>Fabric from <strong>Orchestra Max<\/strong> collection has a <strong>Permaclean<\/strong> finish. It has a microstructure, which provides extreme protection against dirt and rain. Rain or wetness is enough to clean fabric surface. Additionally, fabric is covered with acrylic finish, which strengthens its waterproof properties. Thanks to this, it can be used all year round. Fabric is particularly recommended for permanent constructions exposed to high weather changes and pollution.<br>\nOrchestra Max fabric is certified <strong>&#8220;Self-Cleaning, inspired by nature&#8221;<\/strong> by ITV laboratory in Denkendorf, Germany.<\/p>\n<p>Characteristics of <strong>Dickson&#8217;s<\/strong> fabrics from the <strong>Orchestra<\/strong> collection<\/p>\n<p>1. Excellent waterproof properties &#8211; awning fabrics are equipped with a new generation of <strong>Cleangard<\/strong> N impregnation. It protects fabric against dirt absorption and prevents from losing stiffness. It&#8217;s possible thanks to the use of <strong>Nanotechnology Protection Process N<\/strong> (Nanotechnology Protection Process) technology. NPP uses a set of compacted nanomolecules to create a barrier against water, thus protecting it from dirt. Cleangard impregnation ensures complete water resistance (5\/5 in spray test) and water tightness (350 mm per water column).<\/p>\n<p>2. Protection against heat &#8211; fabric from which awning is made, absorbs up to 95% of heat, protects against blinding sun rays.<\/p>\n<p>3. Durability and strength of color &#8211; <strong>Sunacryl<\/strong> acrylic fiber, dyed in chemical mass, is used in offered awnings. Due to high UV resistance factor (7 to 8\/8), it protects fabric against color loss. Dickson Constant fiber, used in these fabrics gives them following properties: color fastness, air permeability, water resistance. Research shows, that these fabrics keep bright colors, even after 800 hours of extreme weather conditions (alternating sunlight and rainfall).<\/p>\n<p>4. <strong>Oeko-Tex certificate<\/strong> &#8211; it confirms, that awnings fabrics are not toxic, despite use of specialized impregnating programs. Research shows, that fabrics don&#8217;t have unpleasant odors, pesticides, carcinogens or volatile substances<\/p>\n<p>5. <strong>ISO 9001 certificate<\/strong> &#8211; awarded to Dickson Constant in June 2003 confirms high quality of this brand&#8217;s fabrics. This proves, that company is constantly developing, wanting to meet expectations of its clients as much as possible.<\/p>\n<p>We also offer <strong>dedicated maintenance and washing agents for awning covers<\/strong>. Regular fabric cleaning extends awning life.[\/vc_column_text]<\/div><\/div><\/div><\/div><div id=\"tdi_5\" class=\"tdc-row\"><div class=\"vc_row tdi_6  wpb_row td-pb-row\" >\n<style scoped>\n\/* custom css - generated by TagDiv Composer *\/\n\n\/* custom css - generated by TagDiv Composer *\/\n\/* custom css - generated by TagDiv Composer *\/\n.tdi_6,\r\n                .tdi_6 .tdc-columns{\r\n                    min-height: 0;\r\n                }.tdi_6,\r\n\t\t\t\t.tdi_6 .tdc-columns{\r\n\t\t\t\t    display: block;\r\n\t\t\t\t}.tdi_6 .tdc-columns{\r\n\t\t\t\t    width: 100%;\r\n\t\t\t\t}\n<\/style><div class=\"vc_column tdi_8  wpb_column vc_column_container tdc-column td-pb-span12\">\n<style scoped>\n\/* custom css - generated by TagDiv Composer *\/\n\n\/* custom css - generated by TagDiv Composer *\/\n\/* custom css - generated by TagDiv Composer *\/\n.tdi_8{\r\n                    vertical-align: baseline;\r\n                }.tdi_8 > .wpb_wrapper,\r\n\t\t\t\t.tdi_8 > .wpb_wrapper > .tdc-elements{\r\n\t\t\t\t    display: block;\r\n\t\t\t\t}.tdi_8 > .wpb_wrapper > .tdc-elements{\r\n\t\t\t\t    width: 100%;\r\n\t\t\t\t}.tdi_8 > .wpb_wrapper > .vc_row_inner{\r\n\t\t\t\t    width: auto;\r\n\t\t\t\t}.tdi_8 > .wpb_wrapper{\r\n\t\t\t\t    width: auto;\r\n\t\t\t\t    height: auto;\r\n\t\t\t\t}\n<\/style><div class=\"wpb_wrapper\" >[vc_column_text]<\/p>\n          \n\n          <h4>Current Basic Collection<\/h4>\n          \n\n          <p>[\/vc_column_text]<\/div><\/div><\/div><\/div><div id=\"tdi_9\" class=\"tdc-row\"><div class=\"vc_row tdi_10  wpb_row td-pb-row\" >\n<style scoped>\n\/* custom css - generated by TagDiv Composer *\/\n\n\/* custom css - generated by TagDiv Composer *\/\n\/* custom css - generated by TagDiv Composer *\/\n.tdi_10,\r\n                .tdi_10 .tdc-columns{\r\n                    min-height: 0;\r\n                }.tdi_10,\r\n\t\t\t\t.tdi_10 .tdc-columns{\r\n\t\t\t\t    display: block;\r\n\t\t\t\t}.tdi_10 .tdc-columns{\r\n\t\t\t\t    width: 100%;\r\n\t\t\t\t}\n<\/style><div class=\"vc_column tdi_12  wpb_column vc_column_container tdc-column td-pb-span12\">\n<style scoped>\n\/* custom css - generated by TagDiv Composer *\/\n\n\/* custom css - generated by TagDiv Composer *\/\n\/* custom css - generated by TagDiv Composer *\/\n.tdi_12{\r\n                    vertical-align: baseline;\r\n                }.tdi_12 > .wpb_wrapper,\r\n\t\t\t\t.tdi_12 > .wpb_wrapper > .tdc-elements{\r\n\t\t\t\t    display: block;\r\n\t\t\t\t}.tdi_12 > .wpb_wrapper > .tdc-elements{\r\n\t\t\t\t    width: 100%;\r\n\t\t\t\t}.tdi_12 > .wpb_wrapper > .vc_row_inner{\r\n\t\t\t\t    width: auto;\r\n\t\t\t\t}.tdi_12 > .wpb_wrapper{\r\n\t\t\t\t    width: auto;\r\n\t\t\t\t    height: auto;\r\n\t\t\t\t}\n<\/style><div class=\"wpb_wrapper\" >[vc_raw_js]JTNDc2NyaXB0JTIwc3JjJTNEJTIyaHR0cHMlM0ElMkYlMkZhcGkuZGlja3Nvbi1lc2hvcC5jb20lMkZhcGklMkZKOXkzMm1LVDM1Y1BEUSUyQjJGU2FtRFF0cTMwdVR0QXpJa1lORXdUbGIlMkIyRmZaV2YlMkIyQlFrR3ZIMGhoT0pHd2t2R293SEgwdGt2enNuOFQzaiUyQjJCQlBrd0R0M2JWdkdYVmlQYVdTS3VhM1RuN0JYd2xpZnMlMkIzRCUyRmVkaWNrc29uJTJGd2lkZ2V0Y2F0YWxvZ3VlJTIyJTNFJTNDJTJGc2NyaXB0JTNFJTBBJTNDc2NyaXB0JTNFJTBBalF1ZXJ5JTI4ZG9jdW1lbnQlMjkucmVhZHklMjhmdW5jdGlvbiUyOCUyNCUyOSU3QiUwQSUyMCUyMCUyMHZhciUyMHdpZGdldENhdGFsb2d1ZSUyMCUzRCUyMG5ldyUyMERJQ0tTT04uV2lkZ2V0Q2F0YWxvZ3VlJTI4alF1ZXJ5JTI4JTIyJTIzd2lkZ2V0LXNob3dyb29tLWNhdGFsb2d1ZSUyMiUyOSUyQyU3QiUwQSUyMCUyMCUyMCUyMCUyMCUyMCUyMGtleSUzQSUyMCUyMko5eTMybUtUMzVjUERRJTJCMkZTYW1EUXRxMzB1VHRBeklrWU5Fd1RsYiUyQjJGZlpXZiUyQjJCUWtHdkgwaGhPSkd3a3ZHb3dISDB0a3Z6c244VDNqJTJCMkJCUGt3RHQzYlZ2R1hWaVBhV1NLdWEzVG43Qlh3bGlmcyUyQjNEJTIyJTJDJTBBJTIwJTIwJTIwJTIwJTIwJTIwJTIwbGFuZyUzQSUyMCUyMnBsJTIyJTJDJTBBJTIwJTIwJTIwJTIwJTIwJTIwJTIwZGlzcGxheSUzQSU3QiUwQSUyMCUyMCUyMCUyMCUyMCUyMCUyMCUyMCUyMCUyMCUyMHNlYXJjaCUzQSUyMHRydWUlMkMlMEElMjAlMjAlMjAlMjAlMjAlMjAlMjAlMjAlMjAlMjAlMjBmaWx0ZXJzJTNBJTIwdHJ1ZSUyQyUwQSUyMCUyMCUyMCUyMCUyMCUyMCUyMCUyMCUyMCUyMCUyMGZpbHRlcnNfbGlzdCUzQSUyMCU1QiUyMnJhbmdlcyUyMiUyQyUyMmNvbG9ycyUyMiUyQyUyMnVzZXMlMjIlMkMlMjJwYXR0ZXJucyUyMiU1RCUyQyUwQSUyMCUyMCUyMCUyMCUyMCUyMCUyMCUyMCUyMCUyMCUyMHJhbmdlX3RpdGxlJTNBJTIwdHJ1ZSUyQyUwQSUyMCUyMCUyMCUyMCUyMCUyMCUyMCUyMCUyMCUyMCUyMHByb2R1Y3Rfc2hlZXQlM0ElMjB0cnVlJTJDJTBBJTIwJTIwJTIwJTIwJTIwJTIwJTIwJTIwJTIwJTIwJTIwYmxvY3NfcHJvZHVjdCUzQSUyMCU1QiUyMmFwcGxpY2F0aW9ucyUyMiUyQyUyMmRlc2NyaXB0aW9uJTIyJTJDJTIyY2FyYWN0ZXJpc3RpcXVlcyUyMiUyQyUyMmx1bWllcmVfY29uZm9ydCUyMiUyQyUyMmxhYmVscyUyMiUyQyUyMmdhcmFudGllcyUyMiUyQyUyMmZpY2hldGVjaG5pcXVlJTIyJTVEJTJDJTBBJTIwJTIwJTIwJTIwJTIwJTIwJTIwJTIwJTIwJTIwJTIwb3JkZXJfc2FtcGxlJTNBJTIwdHJ1ZSUyQyUwQSUyMCUyMCUyMCUyMCUyMCUyMCUyMCUyMCUyMCUyMCUyMHByZXZpb3VzX3Byb2R1Y3RzJTNBJTIwdHJ1ZSUyQyUwQSUyMCUyMCUyMCUyMCUyMCUyMCUyMCUyMCUyMCUyMCUyMCU3RCUyQyUwQSUyMCUyMCUyMCUyMCUyMCUyMCUyMHN0eWxlJTNBJTdCJTBBJTIwJTIwJTIwJTIwJTIwJTIwJTIwJTIwJTIwJTIwJTIwdGh1bWJuYWlsc193aWR0aCUzQSUyMCUyMnNtYWxsJTIyJTJDJTBBJTIwJTIwJTIwJTIwJTIwJTIwJTIwJTIwJTIwJTIwJTIwdGh1bWJuYWlsc19zdHlsZSUzQSUyMCUyMnN0cm9rZSUyMiUyQyUwQSUyMCUyMCUyMCUyMCUyMCUyMCUyMCUyMCUyMCUyMCUyMHRodW1ibmFpbHNfaG92ZXIlM0ElMjB0cnVlJTJDJTBBJTIwJTIwJTIwJTIwJTIwJTIwJTIwJTIwJTIwJTIwJTIwY29sb3JzJTNBJTdCJTBBJTIwJTIwJTIwJTIwJTIwJTIwJTIwJTIwJTIwJTIwJTIwJTIwJTIwJTIwJTIwd2lkZ2V0X2JrZ19jb2xvciUzQSUyMCUyMiUyM0ZGRiUyMiUyQyUwQSUyMCUyMCUyMCUyMCUyMCUyMCUyMCUyMCUyMCUyMCUyMCUyMCUyMCUyMCUyMHdpZGdldF9jb2xvciUzQSUyMCUyMiUyMzIyMiUyMiUyQyUwQSUyMCUyMCUyMCUyMCUyMCUyMCUyMCUyMCUyMCUyMCUyMCUyMCUyMCUyMCUyMHNlbGVjdGlvbl9ia2dfY29sb3IlM0ElMjAlMjIlMjNGMkYyRjIlMjIlMkMlMEElMjAlMjAlMjAlMjAlMjAlMjAlMjAlMjAlMjAlMjAlMjAlN0QlMkMlMEElMjAlMjAlMjAlMjAlMjAlMjAlMjAlN0QlMkMlMEElMjAlMjAlMjAlN0QlMjklM0IlMEElN0QlMjklM0IlMEElM0MlMkZzY3JpcHQlM0UlMEElM0NkaXYlMjBpZCUzRCUyMndpZGdldC1zaG93cm9vbS1jYXRhbG9ndWUlMjIlM0UlM0MlMkZkaXYlM0UlMjA=[\/vc_raw_js]<\/div><\/div><\/div><\/div>\r\n","protected":false},"excerpt":{"rendered":"[vc_column_text]We use the highest quality components for awnings production. If fabric is durable and don't lose color contrasts, such an awning will serve our customers for many seasons. Fabrics used by us, are produced by French company Dickson, which is a world leader in specialized fabrics production. The highest quality acrylic fibers are used for [...]","protected":false},"author":1,"featured_media":0,"parent":0,"menu_order":0,"comment_status":"closed","ping_status":"closed","template":"page-pagebuilder-title.php","meta":{"inline_featured_image":false,"footnotes":""},"class_list":["post-14421","page","type-page","status-publish"],"yoast_head":"<!-- This site is optimized with the Yoast SEO plugin v18.4.1 - https:\/\/yoast.com\/wordpress\/plugins\/seo\/ -->\n<title>Sigma Systemy Os\u0142onowe &#8211; Producent system\u00f3w przeciws\u0142onecznych &#8211; Producent rolet zewn\u0119trznych, Producent screen\u00f3w &#8211; Screeny, Producent markiz, Produkcja Pergol, Producent plis, Producent rolet wewn\u0119trznych, Producent bram rolowanych | Sanok, Krosno, Rzesz\u00f3w, Podkarpacie<\/title>\n<meta name=\"robots\" content=\"index, follow, max-snippet:-1, max-image-preview:large, max-video-preview:-1\" \/>\n<link rel=\"canonical\" href=\"https:\/\/sigma.sanok.pl\/en\/awnings-fabrics\/\" \/>\n<meta property=\"og:locale\" content=\"en_US\" \/>\n<meta property=\"og:type\" content=\"article\" \/>\n<meta property=\"og:url\" content=\"https:\/\/sigma.sanok.pl\/en\/awnings-fabrics\/\" \/>\n<meta property=\"og:site_name\" content=\"Sigma Systemy Os\u0142onowe - Producent system\u00f3w przeciws\u0142onecznych - Producent rolet zewn\u0119trznych, Producent screen\u00f3w - Screeny, Producent markiz, Produkcja Pergol, Producent plis, Producent rolet wewn\u0119trznych, Producent bram rolowanych | Sanok, Krosno, Rzesz\u00f3w, Podkarpacie\" \/>\n<meta property=\"article:modified_time\" content=\"2022-01-17T17:35:03+00:00\" \/>\n<meta name=\"twitter:card\" content=\"summary_large_image\" \/>\n<meta name=\"twitter:label1\" content=\"Est. reading time\" \/>\n\t<meta name=\"twitter:data1\" content=\"3 minutes\" \/>\n<script type=\"application\/ld+json\" class=\"yoast-schema-graph\">{\"@context\":\"https:\/\/schema.org\",\"@graph\":[{\"@type\":\"Organization\",\"@id\":\"https:\/\/sigma.sanok.pl\/en\/#organization\",\"name\":\"Sigma Systemy Os\u0142onowe\",\"url\":\"https:\/\/sigma.sanok.pl\/en\/\",\"sameAs\":[],\"logo\":{\"@type\":\"ImageObject\",\"@id\":\"https:\/\/sigma.sanok.pl\/en\/#logo\",\"inLanguage\":\"en-US\",\"url\":\"https:\/\/sigma.sanok.pl\/wp-content\/uploads\/2019\/12\/logo_sigma-loader.png\",\"contentUrl\":\"https:\/\/sigma.sanok.pl\/wp-content\/uploads\/2019\/12\/logo_sigma-loader.png\",\"width\":120,\"height\":120,\"caption\":\"Sigma Systemy Os\u0142onowe\"},\"image\":{\"@id\":\"https:\/\/sigma.sanok.pl\/en\/#logo\"}},{\"@type\":\"WebSite\",\"@id\":\"https:\/\/sigma.sanok.pl\/en\/#website\",\"url\":\"https:\/\/sigma.sanok.pl\/en\/\",\"name\":\"Sigma Systemy Os\u0142onowe - Producent system\u00f3w przeciws\u0142onecznych - rolet zewn\u0119trznych, screen\u00f3w, markiz, plis, rolet wewn\u0119trznych oraz bram rolowanych\",\"description\":\"Producent Markizy, Pergole - Producent,  \u017baluzje fasadowe, Producent Rolety zewn\u0119trzne, Rolety wewn\u0119trzne - Producent, Producent Screeny, Plisy - Producent, Bramy gara\u017cowe, Bramy przemys\u0142owe, Bramy rolowane,Nap\u0119dy, Automatyka | Podkarpacie, Rzesz\u00f3w , Sanok,  Krosno, Lesko, Brzoz\u00f3w, Ustrzyki\",\"publisher\":{\"@id\":\"https:\/\/sigma.sanok.pl\/en\/#organization\"},\"potentialAction\":[{\"@type\":\"SearchAction\",\"target\":{\"@type\":\"EntryPoint\",\"urlTemplate\":\"https:\/\/sigma.sanok.pl\/en\/?s={search_term_string}\"},\"query-input\":\"required name=search_term_string\"}],\"inLanguage\":\"en-US\"},{\"@type\":\"WebPage\",\"@id\":\"https:\/\/sigma.sanok.pl\/en\/awnings-fabrics\/#webpage\",\"url\":\"https:\/\/sigma.sanok.pl\/en\/awnings-fabrics\/\",\"name\":\"Awning fabrics - Sigma Systemy Os\u0142onowe - Producent system\u00f3w przeciws\u0142onecznych - Producent rolet zewn\u0119trznych, Producent screen\u00f3w - Screeny, Producent markiz, Produkcja Pergol, Producent plis, Producent rolet wewn\u0119trznych, Producent bram rolowanych | Sanok, Krosno, Rzesz\u00f3w, Podkarpacie\",\"isPartOf\":{\"@id\":\"https:\/\/sigma.sanok.pl\/en\/#website\"},\"datePublished\":\"2019-12-25T12:04:42+00:00\",\"dateModified\":\"2022-01-17T17:35:03+00:00\",\"breadcrumb\":{\"@id\":\"https:\/\/sigma.sanok.pl\/en\/awnings-fabrics\/#breadcrumb\"},\"inLanguage\":\"en-US\",\"potentialAction\":[{\"@type\":\"ReadAction\",\"target\":[\"https:\/\/sigma.sanok.pl\/en\/awnings-fabrics\/\"]}]},{\"@type\":\"BreadcrumbList\",\"@id\":\"https:\/\/sigma.sanok.pl\/en\/awnings-fabrics\/#breadcrumb\",\"itemListElement\":[{\"@type\":\"ListItem\",\"position\":1,\"name\":\"Strona g\u0142\u00f3wna\",\"item\":\"https:\/\/sigma.sanok.pl\/en\/\"},{\"@type\":\"ListItem\",\"position\":2,\"name\":\"Awning fabrics\"}]}]}<\/script>\n<!-- \/ Yoast SEO plugin. -->","yoast_head_json":{"title":"Sigma Systemy Os\u0142onowe &#8211; Producent system\u00f3w przeciws\u0142onecznych &#8211; Producent rolet zewn\u0119trznych, Producent screen\u00f3w &#8211; Screeny, Producent markiz, Produkcja Pergol, Producent plis, Producent rolet wewn\u0119trznych, Producent bram rolowanych | Sanok, Krosno, Rzesz\u00f3w, Podkarpacie","robots":{"index":"index","follow":"follow","max-snippet":"max-snippet:-1","max-image-preview":"max-image-preview:large","max-video-preview":"max-video-preview:-1"},"canonical":"https:\/\/sigma.sanok.pl\/en\/awnings-fabrics\/","og_locale":"en_US","og_type":"article","og_url":"https:\/\/sigma.sanok.pl\/en\/awnings-fabrics\/","og_site_name":"Sigma Systemy Os\u0142onowe - Producent system\u00f3w przeciws\u0142onecznych - Producent rolet zewn\u0119trznych, Producent screen\u00f3w - Screeny, Producent markiz, Produkcja Pergol, Producent plis, Producent rolet wewn\u0119trznych, Producent bram rolowanych | Sanok, Krosno, Rzesz\u00f3w, Podkarpacie","article_modified_time":"2022-01-17T17:35:03+00:00","twitter_card":"summary_large_image","twitter_misc":{"Est. reading time":"3 minutes"},"schema":{"@context":"https:\/\/schema.org","@graph":[{"@type":"Organization","@id":"https:\/\/sigma.sanok.pl\/en\/#organization","name":"Sigma Systemy Os\u0142onowe","url":"https:\/\/sigma.sanok.pl\/en\/","sameAs":[],"logo":{"@type":"ImageObject","@id":"https:\/\/sigma.sanok.pl\/en\/#logo","inLanguage":"en-US","url":"https:\/\/sigma.sanok.pl\/wp-content\/uploads\/2019\/12\/logo_sigma-loader.png","contentUrl":"https:\/\/sigma.sanok.pl\/wp-content\/uploads\/2019\/12\/logo_sigma-loader.png","width":120,"height":120,"caption":"Sigma Systemy Os\u0142onowe"},"image":{"@id":"https:\/\/sigma.sanok.pl\/en\/#logo"}},{"@type":"WebSite","@id":"https:\/\/sigma.sanok.pl\/en\/#website","url":"https:\/\/sigma.sanok.pl\/en\/","name":"Sigma Systemy Os\u0142onowe - Producent system\u00f3w przeciws\u0142onecznych - rolet zewn\u0119trznych, screen\u00f3w, markiz, plis, rolet wewn\u0119trznych oraz bram rolowanych","description":"Producent Markizy, Pergole - Producent,  \u017baluzje fasadowe, Producent Rolety zewn\u0119trzne, Rolety wewn\u0119trzne - Producent, Producent Screeny, Plisy - Producent, Bramy gara\u017cowe, Bramy przemys\u0142owe, Bramy rolowane,Nap\u0119dy, Automatyka | Podkarpacie, Rzesz\u00f3w , Sanok,  Krosno, Lesko, Brzoz\u00f3w, Ustrzyki","publisher":{"@id":"https:\/\/sigma.sanok.pl\/en\/#organization"},"potentialAction":[{"@type":"SearchAction","target":{"@type":"EntryPoint","urlTemplate":"https:\/\/sigma.sanok.pl\/en\/?s={search_term_string}"},"query-input":"required name=search_term_string"}],"inLanguage":"en-US"},{"@type":"WebPage","@id":"https:\/\/sigma.sanok.pl\/en\/awnings-fabrics\/#webpage","url":"https:\/\/sigma.sanok.pl\/en\/awnings-fabrics\/","name":"Awning fabrics - Sigma Systemy Os\u0142onowe - Producent system\u00f3w przeciws\u0142onecznych - Producent rolet zewn\u0119trznych, Producent screen\u00f3w - Screeny, Producent markiz, Produkcja Pergol, Producent plis, Producent rolet wewn\u0119trznych, Producent bram rolowanych | Sanok, Krosno, Rzesz\u00f3w, Podkarpacie","isPartOf":{"@id":"https:\/\/sigma.sanok.pl\/en\/#website"},"datePublished":"2019-12-25T12:04:42+00:00","dateModified":"2022-01-17T17:35:03+00:00","breadcrumb":{"@id":"https:\/\/sigma.sanok.pl\/en\/awnings-fabrics\/#breadcrumb"},"inLanguage":"en-US","potentialAction":[{"@type":"ReadAction","target":["https:\/\/sigma.sanok.pl\/en\/awnings-fabrics\/"]}]},{"@type":"BreadcrumbList","@id":"https:\/\/sigma.sanok.pl\/en\/awnings-fabrics\/#breadcrumb","itemListElement":[{"@type":"ListItem","position":1,"name":"Strona g\u0142\u00f3wna","item":"https:\/\/sigma.sanok.pl\/en\/"},{"@type":"ListItem","position":2,"name":"Awning fabrics"}]}]}},"_links":{"self":[{"href":"https:\/\/sigma.sanok.pl\/en\/wp-json\/wp\/v2\/pages\/14421","targetHints":{"allow":["GET"]}}],"collection":[{"href":"https:\/\/sigma.sanok.pl\/en\/wp-json\/wp\/v2\/pages"}],"about":[{"href":"https:\/\/sigma.sanok.pl\/en\/wp-json\/wp\/v2\/types\/page"}],"author":[{"embeddable":true,"href":"https:\/\/sigma.sanok.pl\/en\/wp-json\/wp\/v2\/users\/1"}],"replies":[{"embeddable":true,"href":"https:\/\/sigma.sanok.pl\/en\/wp-json\/wp\/v2\/comments?post=14421"}],"version-history":[{"count":3,"href":"https:\/\/sigma.sanok.pl\/en\/wp-json\/wp\/v2\/pages\/14421\/revisions"}],"predecessor-version":[{"id":25462,"href":"https:\/\/sigma.sanok.pl\/en\/wp-json\/wp\/v2\/pages\/14421\/revisions\/25462"}],"wp:attachment":[{"href":"https:\/\/sigma.sanok.pl\/en\/wp-json\/wp\/v2\/media?parent=14421"}],"curies":[{"name":"wp","href":"https:\/\/api.w.org\/{rel}","templated":true}]}}