{"id":14388,"date":"2019-12-26T08:35:54","date_gmt":"2019-12-26T07:35:54","guid":{"rendered":"https:\/\/sigma.sanok.pl\/dickson-awning-fabrics-basic-collection\/"},"modified":"2022-01-17T18:35:19","modified_gmt":"2022-01-17T17:35:19","slug":"dickson-awning-fabrics-basic-collection","status":"publish","type":"page","link":"https:\/\/sigma.sanok.pl\/en\/dickson-awning-fabrics-basic-collection\/","title":{"rendered":"Basic collection of awning fabrics &#8211; Dickson"},"content":{"rendered":"<div id=\"tdi_1\" class=\"tdc-row\"><div class=\"vc_row tdi_2  wpb_row td-pb-row\" >\n<style scoped>\n\/* custom css - generated by TagDiv Composer *\/\n\n\/* custom css - generated by TagDiv Composer *\/\n\/* custom css - generated by TagDiv Composer *\/\n.tdi_2,\r\n                .tdi_2 .tdc-columns{\r\n                    min-height: 0;\r\n                }.tdi_2,\r\n\t\t\t\t.tdi_2 .tdc-columns{\r\n\t\t\t\t    display: block;\r\n\t\t\t\t}.tdi_2 .tdc-columns{\r\n\t\t\t\t    width: 100%;\r\n\t\t\t\t}\n<\/style><div class=\"vc_column tdi_4  wpb_column vc_column_container tdc-column td-pb-span12\">\n<style scoped>\n\/* custom css - generated by TagDiv Composer *\/\n\n\/* custom css - generated by TagDiv Composer *\/\n\/* custom css - generated by TagDiv Composer *\/\n.tdi_4{\r\n                    vertical-align: baseline;\r\n                }.tdi_4 > .wpb_wrapper,\r\n\t\t\t\t.tdi_4 > .wpb_wrapper > .tdc-elements{\r\n\t\t\t\t    display: block;\r\n\t\t\t\t}.tdi_4 > .wpb_wrapper > .tdc-elements{\r\n\t\t\t\t    width: 100%;\r\n\t\t\t\t}.tdi_4 > .wpb_wrapper > .vc_row_inner{\r\n\t\t\t\t    width: auto;\r\n\t\t\t\t}.tdi_4 > .wpb_wrapper{\r\n\t\t\t\t    width: auto;\r\n\t\t\t\t    height: auto;\r\n\t\t\t\t}\n<\/style><div class=\"wpb_wrapper\" >[vc_raw_js]JTNDc2NyaXB0JTIwc3JjJTNEJTIyaHR0cHMlM0ElMkYlMkZhcGkuZGlja3Nvbi1lc2hvcC5jb20lMkZhcGklMkZKOXkzMm1LVDM1Y1BEUSUyQjJGU2FtRFF0cTMwdVR0QXpJa1lORXdUbGIlMkIyRmZaV2YlMkIyQlFrR3ZIMGhoT0pHd2t2R293SEgwdGt2enNuOFQzaiUyQjJCQlBrd0R0M2JWdkdYVmlQYVdTS3VhM1RuN0JYd2xpZnMlMkIzRCUyRmVkaWNrc29uJTJGd2lkZ2V0Y2F0YWxvZ3VlJTIyJTNFJTNDJTJGc2NyaXB0JTNFJTBBJTNDc2NyaXB0JTNFJTBBalF1ZXJ5JTI4ZG9jdW1lbnQlMjkucmVhZHklMjhmdW5jdGlvbiUyOCUyNCUyOSU3QiUwQSUyMCUyMCUyMHZhciUyMHdpZGdldENhdGFsb2d1ZSUyMCUzRCUyMG5ldyUyMERJQ0tTT04uV2lkZ2V0Q2F0YWxvZ3VlJTI4alF1ZXJ5JTI4JTIyJTIzd2lkZ2V0LXNob3dyb29tLWNhdGFsb2d1ZSUyMiUyOSUyQyU3QiUwQSUyMCUyMCUyMCUyMCUyMCUyMCUyMGtleSUzQSUyMCUyMko5eTMybUtUMzVjUERRJTJCMkZTYW1EUXRxMzB1VHRBeklrWU5Fd1RsYiUyQjJGZlpXZiUyQjJCUWtHdkgwaGhPSkd3a3ZHb3dISDB0a3Z6c244VDNqJTJCMkJCUGt3RHQzYlZ2R1hWaVBhV1NLdWEzVG43Qlh3bGlmcyUyQjNEJTIyJTJDJTBBJTIwJTIwJTIwJTIwJTIwJTIwJTIwbGFuZyUzQSUyMCUyMnBsJTIyJTJDJTBBJTIwJTIwJTIwJTIwJTIwJTIwJTIwZGlzcGxheSUzQSU3QiUwQSUyMCUyMCUyMCUyMCUyMCUyMCUyMCUyMCUyMCUyMCUyMHNlYXJjaCUzQSUyMHRydWUlMkMlMEElMjAlMjAlMjAlMjAlMjAlMjAlMjAlMjAlMjAlMjAlMjBmaWx0ZXJzJTNBJTIwdHJ1ZSUyQyUwQSUyMCUyMCUyMCUyMCUyMCUyMCUyMCUyMCUyMCUyMCUyMGZpbHRlcnNfbGlzdCUzQSUyMCU1QiUyMnJhbmdlcyUyMiUyQyUyMmNvbG9ycyUyMiUyQyUyMnVzZXMlMjIlMkMlMjJwYXR0ZXJucyUyMiU1RCUyQyUwQSUyMCUyMCUyMCUyMCUyMCUyMCUyMCUyMCUyMCUyMCUyMHJhbmdlX3RpdGxlJTNBJTIwdHJ1ZSUyQyUwQSUyMCUyMCUyMCUyMCUyMCUyMCUyMCUyMCUyMCUyMCUyMHByb2R1Y3Rfc2hlZXQlM0ElMjB0cnVlJTJDJTBBJTIwJTIwJTIwJTIwJTIwJTIwJTIwJTIwJTIwJTIwJTIwYmxvY3NfcHJvZHVjdCUzQSUyMCU1QiUyMmFwcGxpY2F0aW9ucyUyMiUyQyUyMmRlc2NyaXB0aW9uJTIyJTJDJTIyY2FyYWN0ZXJpc3RpcXVlcyUyMiUyQyUyMmx1bWllcmVfY29uZm9ydCUyMiUyQyUyMmxhYmVscyUyMiUyQyUyMmdhcmFudGllcyUyMiUyQyUyMmZpY2hldGVjaG5pcXVlJTIyJTVEJTJDJTBBJTIwJTIwJTIwJTIwJTIwJTIwJTIwJTIwJTIwJTIwJTIwb3JkZXJfc2FtcGxlJTNBJTIwdHJ1ZSUyQyUwQSUyMCUyMCUyMCUyMCUyMCUyMCUyMCUyMCUyMCUyMCUyMHByZXZpb3VzX3Byb2R1Y3RzJTNBJTIwdHJ1ZSUyQyUwQSUyMCUyMCUyMCUyMCUyMCUyMCUyMCUyMCUyMCUyMCUyMCU3RCUyQyUwQSUyMCUyMCUyMCUyMCUyMCUyMCUyMHN0eWxlJTNBJTdCJTBBJTIwJTIwJTIwJTIwJTIwJTIwJTIwJTIwJTIwJTIwJTIwdGh1bWJuYWlsc193aWR0aCUzQSUyMCUyMnNtYWxsJTIyJTJDJTBBJTIwJTIwJTIwJTIwJTIwJTIwJTIwJTIwJTIwJTIwJTIwdGh1bWJuYWlsc19zdHlsZSUzQSUyMCUyMnN0cm9rZSUyMiUyQyUwQSUyMCUyMCUyMCUyMCUyMCUyMCUyMCUyMCUyMCUyMCUyMHRodW1ibmFpbHNfaG92ZXIlM0ElMjB0cnVlJTJDJTBBJTIwJTIwJTIwJTIwJTIwJTIwJTIwJTIwJTIwJTIwJTIwY29sb3JzJTNBJTdCJTBBJTIwJTIwJTIwJTIwJTIwJTIwJTIwJTIwJTIwJTIwJTIwJTIwJTIwJTIwJTIwd2lkZ2V0X2JrZ19jb2xvciUzQSUyMCUyMiUyM0ZGRiUyMiUyQyUwQSUyMCUyMCUyMCUyMCUyMCUyMCUyMCUyMCUyMCUyMCUyMCUyMCUyMCUyMCUyMHdpZGdldF9jb2xvciUzQSUyMCUyMiUyMzIyMiUyMiUyQyUwQSUyMCUyMCUyMCUyMCUyMCUyMCUyMCUyMCUyMCUyMCUyMCUyMCUyMCUyMCUyMHNlbGVjdGlvbl9ia2dfY29sb3IlM0ElMjAlMjIlMjNGMkYyRjIlMjIlMkMlMEElMjAlMjAlMjAlMjAlMjAlMjAlMjAlMjAlMjAlMjAlMjAlN0QlMkMlMEElMjAlMjAlMjAlMjAlMjAlMjAlMjAlN0QlMkMlMEElMjAlMjAlMjAlN0QlMjklM0IlMEElN0QlMjklM0IlMEElM0MlMkZzY3JpcHQlM0UlMEElM0NkaXYlMjBpZCUzRCUyMndpZGdldC1zaG93cm9vbS1jYXRhbG9ndWUlMjIlM0UlM0MlMkZkaXYlM0UlMjA=[\/vc_raw_js]<\/div><\/div><\/div><\/div>\n","protected":false},"excerpt":{"rendered":"[vc_raw_js]JTNDc2NyaXB0JTIwc3JjJTNEJTIyaHR0cHMlM0ElMkYlMkZhcGkuZGlja3Nvbi1lc2hvcC5jb20lMkZhcGklMkZKOXkzMm1LVDM1Y1BEUSUyQjJGU2FtRFF0cTMwdVR0QXpJa1lORXdUbGIlMkIyRmZaV2YlMkIyQlFrR3ZIMGhoT0pHd2t2R293SEgwdGt2enNuOFQzaiUyQjJCQlBrd0R0M2JWdkdYVmlQYVdTS3VhM1RuN0JYd2xpZnMlMkIzRCUyRmVkaWNrc29uJTJGd2lkZ2V0Y2F0YWxvZ3VlJTIyJTNFJTNDJTJGc2NyaXB0JTNFJTBBJTNDc2NyaXB0JTNFJTBBalF1ZXJ5JTI4ZG9jdW1lbnQlMjkucmVhZHklMjhmdW5jdGlvbiUyOCUyNCUyOSU3QiUwQSUyMCUyMCUyMHZhciUyMHdpZGdldENhdGFsb2d1ZSUyMCUzRCUyMG5ldyUyMERJQ0tTT04uV2lkZ2V0Q2F0YWxvZ3VlJTI4alF1ZXJ5JTI4JTIyJTIzd2lkZ2V0LXNob3dyb29tLWNhdGFsb2d1ZSUyMiUyOSUyQyU3QiUwQSUyMCUyMCUyMCUyMCUyMCUyMCUyMGtleSUzQSUyMCUyMko5eTMybUtUMzVjUERRJTJCMkZTYW1EUXRxMzB1VHRBeklrWU5Fd1RsYiUyQjJGZlpXZiUyQjJCUWtHdkgwaGhPSkd3a3ZHb3dISDB0a3Z6c244VDNqJTJCMkJCUGt3RHQzYlZ2R1hWaVBhV1NLdWEzVG43Qlh3bGlmcyUyQjNEJTIyJTJDJTBBJTIwJTIwJTIwJTIwJTIwJTIwJTIwbGFuZyUzQSUyMCUyMnBsJTIyJTJDJTBBJTIwJTIwJTIwJTIwJTIwJTIwJTIwZGlzcGxheSUzQSU3QiUwQSUyMCUyMCUyMCUyMCUyMCUyMCUyMCUyMCUyMCUyMCUyMHNlYXJjaCUzQSUyMHRydWUlMkMlMEElMjAlMjAlMjAlMjAlMjAlMjAlMjAlMjAlMjAlMjAlMjBmaWx0ZXJzJTNBJTIwdHJ1ZSUyQyUwQSUyMCUyMCUyMCUyMCUyMCUyMCUyMCUyMCUyMCUyMCUyMGZpbHRlcnNfbGlzdCUzQSUyMCU1QiUyMnJhbmdlcyUyMiUyQyUyMmNvbG9ycyUyMiUyQyUyMnVzZXMlMjIlMkMlMjJwYXR0ZXJucyUyMiU1RCUyQyUwQSUyMCUyMCUyMCUyMCUyMCUyMCUyMCUyMCUyMCUyMCUyMHJhbmdlX3RpdGxlJTNBJTIwdHJ1ZSUyQyUwQSUyMCUyMCUyMCUyMCUyMCUyMCUyMCUyMCUyMCUyMCUyMHByb2R1Y3Rfc2hlZXQlM0ElMjB0cnVlJTJDJTBBJTIwJTIwJTIwJTIwJTIwJTIwJTIwJTIwJTIwJTIwJTIwYmxvY3NfcHJvZHVjdCUzQSUyMCU1QiUyMmFwcGxpY2F0aW9ucyUyMiUyQyUyMmRlc2NyaXB0aW9uJTIyJTJDJTIyY2FyYWN0ZXJpc3RpcXVlcyUyMiUyQyUyMmx1bWllcmVfY29uZm9ydCUyMiUyQyUyMmxhYmVscyUyMiUyQyUyMmdhcmFudGllcyUyMiUyQyUyMmZpY2hldGVjaG5pcXVlJTIyJTVEJTJDJTBBJTIwJTIwJTIwJTIwJTIwJTIwJTIwJTIwJTIwJTIwJTIwb3JkZXJfc2FtcGxlJTNBJTIwdHJ1ZSUyQyUwQSUyMCUyMCUyMCUyMCUyMCUyMCUyMCUyMCUyMCUyMCUyMHByZXZpb3VzX3Byb2R1Y3RzJTNBJTIwdHJ1ZSUyQyUwQSUyMCUyMCUyMCUyMCUyMCUyMCUyMCUyMCUyMCUyMCUyMCU3RCUyQyUwQSUyMCUyMCUyMCUyMCUyMCUyMCUyMHN0eWxlJTNBJTdCJTBBJTIwJTIwJTIwJTIwJTIwJTIwJTIwJTIwJTIwJTIwJTIwdGh1bWJuYWlsc193aWR0aCUzQSUyMCUyMnNtYWxsJTIyJTJDJTBBJTIwJTIwJTIwJTIwJTIwJTIwJTIwJTIwJTIwJTIwJTIwdGh1bWJuYWlsc19zdHlsZSUzQSUyMCUyMnN0cm9rZSUyMiUyQyUwQSUyMCUyMCUyMCUyMCUyMCUyMCUyMCUyMCUyMCUyMCUyMHRodW1ibmFpbHNfaG92ZXIlM0ElMjB0cnVlJTJDJTBBJTIwJTIwJTIwJTIwJTIwJTIwJTIwJTIwJTIwJTIwJTIwY29sb3JzJTNBJTdCJTBBJTIwJTIwJTIwJTIwJTIwJTIwJTIwJTIwJTIwJTIwJTIwJTIwJTIwJTIwJTIwd2lkZ2V0X2JrZ19jb2xvciUzQSUyMCUyMiUyM0ZGRiUyMiUyQyUwQSUyMCUyMCUyMCUyMCUyMCUyMCUyMCUyMCUyMCUyMCUyMCUyMCUyMCUyMCUyMHdpZGdldF9jb2xvciUzQSUyMCUyMiUyMzIyMiUyMiUyQyUwQSUyMCUyMCUyMCUyMCUyMCUyMCUyMCUyMCUyMCUyMCUyMCUyMCUyMCUyMCUyMHNlbGVjdGlvbl9ia2dfY29sb3IlM0ElMjAlMjIlMjNGMkYyRjIlMjIlMkMlMEElMjAlMjAlMjAlMjAlMjAlMjAlMjAlMjAlMjAlMjAlMjAlN0QlMkMlMEElMjAlMjAlMjAlMjAlMjAlMjAlMjAlN0QlMkMlMEElMjAlMjAlMjAlN0QlMjklM0IlMEElN0QlMjklM0IlMEElM0MlMkZzY3JpcHQlM0UlMEElM0NkaXYlMjBpZCUzRCUyMndpZGdldC1zaG93cm9vbS1jYXRhbG9ndWUlMjIlM0UlM0MlMkZkaXYlM0UlMjA=[\/vc_raw_js]","protected":false},"author":1,"featured_media":14390,"parent":0,"menu_order":0,"comment_status":"closed","ping_status":"closed","template":"page-pagebuilder-title.php","meta":{"inline_featured_image":false,"footnotes":""},"class_list":["post-14388","page","type-page","status-publish","has-post-thumbnail"],"yoast_head":"<!-- This site is optimized with the Yoast SEO plugin v18.4.1 - https:\/\/yoast.com\/wordpress\/plugins\/seo\/ -->\n<title>Sigma Systemy Os\u0142onowe &#8211; Producent system\u00f3w przeciws\u0142onecznych &#8211; Producent rolet zewn\u0119trznych, Producent screen\u00f3w &#8211; Screeny, Producent markiz, Produkcja Pergol, Producent plis, Producent rolet wewn\u0119trznych, Producent bram rolowanych | Sanok, Krosno, Rzesz\u00f3w, Podkarpacie<\/title>\n<meta name=\"robots\" content=\"index, follow, max-snippet:-1, max-image-preview:large, max-video-preview:-1\" \/>\n<link rel=\"canonical\" href=\"https:\/\/sigma.sanok.pl\/en\/dickson-awning-fabrics-basic-collection\/\" \/>\n<meta property=\"og:locale\" content=\"en_US\" \/>\n<meta property=\"og:type\" content=\"article\" \/>\n<meta property=\"og:url\" content=\"https:\/\/sigma.sanok.pl\/en\/dickson-awning-fabrics-basic-collection\/\" \/>\n<meta property=\"og:site_name\" content=\"Sigma Systemy Os\u0142onowe - Producent system\u00f3w przeciws\u0142onecznych - Producent rolet zewn\u0119trznych, Producent screen\u00f3w - Screeny, Producent markiz, Produkcja Pergol, Producent plis, Producent rolet wewn\u0119trznych, Producent bram rolowanych | Sanok, Krosno, Rzesz\u00f3w, Podkarpacie\" \/>\n<meta property=\"article:modified_time\" content=\"2022-01-17T17:35:19+00:00\" \/>\n<meta property=\"og:image\" content=\"https:\/\/sigma.sanok.pl\/wp-content\/uploads\/2019\/12\/Aran\u017cacje_Markizy_Somfy1.jpg\" \/>\n\t<meta property=\"og:image:width\" content=\"1200\" \/>\n\t<meta property=\"og:image:height\" content=\"800\" \/>\n\t<meta property=\"og:image:type\" content=\"image\/jpeg\" \/>\n<meta name=\"twitter:card\" content=\"summary_large_image\" \/>\n<meta name=\"twitter:label1\" content=\"Est. reading time\" \/>\n\t<meta name=\"twitter:data1\" content=\"1 minute\" \/>\n<script type=\"application\/ld+json\" class=\"yoast-schema-graph\">{\"@context\":\"https:\/\/schema.org\",\"@graph\":[{\"@type\":\"Organization\",\"@id\":\"https:\/\/sigma.sanok.pl\/en\/#organization\",\"name\":\"Sigma Systemy Os\u0142onowe\",\"url\":\"https:\/\/sigma.sanok.pl\/en\/\",\"sameAs\":[],\"logo\":{\"@type\":\"ImageObject\",\"@id\":\"https:\/\/sigma.sanok.pl\/en\/#logo\",\"inLanguage\":\"en-US\",\"url\":\"https:\/\/sigma.sanok.pl\/wp-content\/uploads\/2019\/12\/logo_sigma-loader.png\",\"contentUrl\":\"https:\/\/sigma.sanok.pl\/wp-content\/uploads\/2019\/12\/logo_sigma-loader.png\",\"width\":120,\"height\":120,\"caption\":\"Sigma Systemy Os\u0142onowe\"},\"image\":{\"@id\":\"https:\/\/sigma.sanok.pl\/en\/#logo\"}},{\"@type\":\"WebSite\",\"@id\":\"https:\/\/sigma.sanok.pl\/en\/#website\",\"url\":\"https:\/\/sigma.sanok.pl\/en\/\",\"name\":\"Sigma Systemy Os\u0142onowe - Producent system\u00f3w przeciws\u0142onecznych - rolet zewn\u0119trznych, screen\u00f3w, markiz, plis, rolet wewn\u0119trznych oraz bram rolowanych\",\"description\":\"Producent Markizy, Pergole - Producent,  \u017baluzje fasadowe, Producent Rolety zewn\u0119trzne, Rolety wewn\u0119trzne - Producent, Producent Screeny, Plisy - Producent, Bramy gara\u017cowe, Bramy przemys\u0142owe, Bramy rolowane,Nap\u0119dy, Automatyka | Podkarpacie, Rzesz\u00f3w , Sanok,  Krosno, Lesko, Brzoz\u00f3w, Ustrzyki\",\"publisher\":{\"@id\":\"https:\/\/sigma.sanok.pl\/en\/#organization\"},\"potentialAction\":[{\"@type\":\"SearchAction\",\"target\":{\"@type\":\"EntryPoint\",\"urlTemplate\":\"https:\/\/sigma.sanok.pl\/en\/?s={search_term_string}\"},\"query-input\":\"required name=search_term_string\"}],\"inLanguage\":\"en-US\"},{\"@type\":\"ImageObject\",\"@id\":\"https:\/\/sigma.sanok.pl\/en\/dickson-awning-fabrics-basic-collection\/#primaryimage\",\"inLanguage\":\"en-US\",\"url\":\"https:\/\/sigma.sanok.pl\/wp-content\/uploads\/2019\/12\/Aran\u017cacje_Markizy_Somfy1.jpg\",\"contentUrl\":\"https:\/\/sigma.sanok.pl\/wp-content\/uploads\/2019\/12\/Aran\u017cacje_Markizy_Somfy1.jpg\",\"width\":1200,\"height\":800},{\"@type\":\"WebPage\",\"@id\":\"https:\/\/sigma.sanok.pl\/en\/dickson-awning-fabrics-basic-collection\/#webpage\",\"url\":\"https:\/\/sigma.sanok.pl\/en\/dickson-awning-fabrics-basic-collection\/\",\"name\":\"Basic collection of awning fabrics - Dickson - Sigma Systemy Os\u0142onowe - Producent system\u00f3w przeciws\u0142onecznych - Producent rolet zewn\u0119trznych, Producent screen\u00f3w - Screeny, Producent markiz, Produkcja Pergol, Producent plis, Producent rolet wewn\u0119trznych, Producent bram rolowanych | Sanok, Krosno, Rzesz\u00f3w, Podkarpacie\",\"isPartOf\":{\"@id\":\"https:\/\/sigma.sanok.pl\/en\/#website\"},\"primaryImageOfPage\":{\"@id\":\"https:\/\/sigma.sanok.pl\/en\/dickson-awning-fabrics-basic-collection\/#primaryimage\"},\"datePublished\":\"2019-12-26T07:35:54+00:00\",\"dateModified\":\"2022-01-17T17:35:19+00:00\",\"description\":\"Fabrics used by our company are produced by French company Dickson, which is a world leader in production of specialized fabrics. The highest quality acrylic fibers are used in the production of such fabrics.\",\"breadcrumb\":{\"@id\":\"https:\/\/sigma.sanok.pl\/en\/dickson-awning-fabrics-basic-collection\/#breadcrumb\"},\"inLanguage\":\"en-US\",\"potentialAction\":[{\"@type\":\"ReadAction\",\"target\":[\"https:\/\/sigma.sanok.pl\/en\/dickson-awning-fabrics-basic-collection\/\"]}]},{\"@type\":\"BreadcrumbList\",\"@id\":\"https:\/\/sigma.sanok.pl\/en\/dickson-awning-fabrics-basic-collection\/#breadcrumb\",\"itemListElement\":[{\"@type\":\"ListItem\",\"position\":1,\"name\":\"Strona g\u0142\u00f3wna\",\"item\":\"https:\/\/sigma.sanok.pl\/en\/\"},{\"@type\":\"ListItem\",\"position\":2,\"name\":\"Basic collection of awning fabrics &#8211; Dickson\"}]}]}<\/script>\n<!-- \/ Yoast SEO plugin. -->","yoast_head_json":{"title":"Sigma Systemy Os\u0142onowe &#8211; Producent system\u00f3w przeciws\u0142onecznych &#8211; Producent rolet zewn\u0119trznych, Producent screen\u00f3w &#8211; Screeny, Producent markiz, Produkcja Pergol, Producent plis, Producent rolet wewn\u0119trznych, Producent bram rolowanych | Sanok, Krosno, Rzesz\u00f3w, Podkarpacie","robots":{"index":"index","follow":"follow","max-snippet":"max-snippet:-1","max-image-preview":"max-image-preview:large","max-video-preview":"max-video-preview:-1"},"canonical":"https:\/\/sigma.sanok.pl\/en\/dickson-awning-fabrics-basic-collection\/","og_locale":"en_US","og_type":"article","og_url":"https:\/\/sigma.sanok.pl\/en\/dickson-awning-fabrics-basic-collection\/","og_site_name":"Sigma Systemy Os\u0142onowe - Producent system\u00f3w przeciws\u0142onecznych - Producent rolet zewn\u0119trznych, Producent screen\u00f3w - Screeny, Producent markiz, Produkcja Pergol, Producent plis, Producent rolet wewn\u0119trznych, Producent bram rolowanych | Sanok, Krosno, Rzesz\u00f3w, Podkarpacie","article_modified_time":"2022-01-17T17:35:19+00:00","og_image":[{"width":1200,"height":800,"url":"https:\/\/sigma.sanok.pl\/wp-content\/uploads\/2019\/12\/Aran\u017cacje_Markizy_Somfy1.jpg","type":"image\/jpeg"}],"twitter_card":"summary_large_image","twitter_misc":{"Est. reading time":"1 minute"},"schema":{"@context":"https:\/\/schema.org","@graph":[{"@type":"Organization","@id":"https:\/\/sigma.sanok.pl\/en\/#organization","name":"Sigma Systemy Os\u0142onowe","url":"https:\/\/sigma.sanok.pl\/en\/","sameAs":[],"logo":{"@type":"ImageObject","@id":"https:\/\/sigma.sanok.pl\/en\/#logo","inLanguage":"en-US","url":"https:\/\/sigma.sanok.pl\/wp-content\/uploads\/2019\/12\/logo_sigma-loader.png","contentUrl":"https:\/\/sigma.sanok.pl\/wp-content\/uploads\/2019\/12\/logo_sigma-loader.png","width":120,"height":120,"caption":"Sigma Systemy Os\u0142onowe"},"image":{"@id":"https:\/\/sigma.sanok.pl\/en\/#logo"}},{"@type":"WebSite","@id":"https:\/\/sigma.sanok.pl\/en\/#website","url":"https:\/\/sigma.sanok.pl\/en\/","name":"Sigma Systemy Os\u0142onowe - Producent system\u00f3w przeciws\u0142onecznych - rolet zewn\u0119trznych, screen\u00f3w, markiz, plis, rolet wewn\u0119trznych oraz bram rolowanych","description":"Producent Markizy, Pergole - Producent,  \u017baluzje fasadowe, Producent Rolety zewn\u0119trzne, Rolety wewn\u0119trzne - Producent, Producent Screeny, Plisy - Producent, Bramy gara\u017cowe, Bramy przemys\u0142owe, Bramy rolowane,Nap\u0119dy, Automatyka | Podkarpacie, Rzesz\u00f3w , Sanok,  Krosno, Lesko, Brzoz\u00f3w, Ustrzyki","publisher":{"@id":"https:\/\/sigma.sanok.pl\/en\/#organization"},"potentialAction":[{"@type":"SearchAction","target":{"@type":"EntryPoint","urlTemplate":"https:\/\/sigma.sanok.pl\/en\/?s={search_term_string}"},"query-input":"required name=search_term_string"}],"inLanguage":"en-US"},{"@type":"ImageObject","@id":"https:\/\/sigma.sanok.pl\/en\/dickson-awning-fabrics-basic-collection\/#primaryimage","inLanguage":"en-US","url":"https:\/\/sigma.sanok.pl\/wp-content\/uploads\/2019\/12\/Aran\u017cacje_Markizy_Somfy1.jpg","contentUrl":"https:\/\/sigma.sanok.pl\/wp-content\/uploads\/2019\/12\/Aran\u017cacje_Markizy_Somfy1.jpg","width":1200,"height":800},{"@type":"WebPage","@id":"https:\/\/sigma.sanok.pl\/en\/dickson-awning-fabrics-basic-collection\/#webpage","url":"https:\/\/sigma.sanok.pl\/en\/dickson-awning-fabrics-basic-collection\/","name":"Basic collection of awning fabrics - Dickson - Sigma Systemy Os\u0142onowe - Producent system\u00f3w przeciws\u0142onecznych - Producent rolet zewn\u0119trznych, Producent screen\u00f3w - Screeny, Producent markiz, Produkcja Pergol, Producent plis, Producent rolet wewn\u0119trznych, Producent bram rolowanych | Sanok, Krosno, Rzesz\u00f3w, Podkarpacie","isPartOf":{"@id":"https:\/\/sigma.sanok.pl\/en\/#website"},"primaryImageOfPage":{"@id":"https:\/\/sigma.sanok.pl\/en\/dickson-awning-fabrics-basic-collection\/#primaryimage"},"datePublished":"2019-12-26T07:35:54+00:00","dateModified":"2022-01-17T17:35:19+00:00","description":"Fabrics used by our company are produced by French company Dickson, which is a world leader in production of specialized fabrics. The highest quality acrylic fibers are used in the production of such fabrics.","breadcrumb":{"@id":"https:\/\/sigma.sanok.pl\/en\/dickson-awning-fabrics-basic-collection\/#breadcrumb"},"inLanguage":"en-US","potentialAction":[{"@type":"ReadAction","target":["https:\/\/sigma.sanok.pl\/en\/dickson-awning-fabrics-basic-collection\/"]}]},{"@type":"BreadcrumbList","@id":"https:\/\/sigma.sanok.pl\/en\/dickson-awning-fabrics-basic-collection\/#breadcrumb","itemListElement":[{"@type":"ListItem","position":1,"name":"Strona g\u0142\u00f3wna","item":"https:\/\/sigma.sanok.pl\/en\/"},{"@type":"ListItem","position":2,"name":"Basic collection of awning fabrics &#8211; Dickson"}]}]}},"_links":{"self":[{"href":"https:\/\/sigma.sanok.pl\/en\/wp-json\/wp\/v2\/pages\/14388","targetHints":{"allow":["GET"]}}],"collection":[{"href":"https:\/\/sigma.sanok.pl\/en\/wp-json\/wp\/v2\/pages"}],"about":[{"href":"https:\/\/sigma.sanok.pl\/en\/wp-json\/wp\/v2\/types\/page"}],"author":[{"embeddable":true,"href":"https:\/\/sigma.sanok.pl\/en\/wp-json\/wp\/v2\/users\/1"}],"replies":[{"embeddable":true,"href":"https:\/\/sigma.sanok.pl\/en\/wp-json\/wp\/v2\/comments?post=14388"}],"version-history":[{"count":1,"href":"https:\/\/sigma.sanok.pl\/en\/wp-json\/wp\/v2\/pages\/14388\/revisions"}],"predecessor-version":[{"id":25486,"href":"https:\/\/sigma.sanok.pl\/en\/wp-json\/wp\/v2\/pages\/14388\/revisions\/25486"}],"wp:featuredmedia":[{"embeddable":true,"href":"https:\/\/sigma.sanok.pl\/en\/wp-json\/wp\/v2\/media\/14390"}],"wp:attachment":[{"href":"https:\/\/sigma.sanok.pl\/en\/wp-json\/wp\/v2\/media?parent=14388"}],"curies":[{"name":"wp","href":"https:\/\/api.w.org\/{rel}","templated":true}]}}