{"id":14047,"date":"2018-08-24T11:17:56","date_gmt":"2018-08-24T09:17:56","guid":{"rendered":"https:\/\/sigma.sanok.pl\/media\/"},"modified":"2022-02-20T09:35:15","modified_gmt":"2022-02-20T08:35:15","slug":"media","status":"publish","type":"page","link":"https:\/\/sigma.sanok.pl\/en\/media\/","title":{"rendered":"Media"},"content":{"rendered":"<div id=\"tdi_1\" class=\"tdc-row\"><div class=\"vc_row tdi_2  wpb_row td-pb-row\" >\n<style scoped>\n\/* custom css - generated by TagDiv Composer *\/\n\n\/* custom css - generated by TagDiv Composer *\/\n\/* custom css - generated by TagDiv Composer *\/\n.tdi_2,\r\n                .tdi_2 .tdc-columns{\r\n                    min-height: 0;\r\n                }.tdi_2,\r\n\t\t\t\t.tdi_2 .tdc-columns{\r\n\t\t\t\t    display: block;\r\n\t\t\t\t}.tdi_2 .tdc-columns{\r\n\t\t\t\t    width: 100%;\r\n\t\t\t\t}\n<\/style><div class=\"vc_column tdi_4  wpb_column vc_column_container tdc-column td-pb-span3\">\n<style scoped>\n\/* custom css - generated by TagDiv Composer *\/\n\n\/* custom css - generated by TagDiv Composer *\/\n\/* custom css - generated by TagDiv Composer *\/\n.tdi_4{\r\n                    vertical-align: baseline;\r\n                }.tdi_4 > .wpb_wrapper,\r\n\t\t\t\t.tdi_4 > .wpb_wrapper > .tdc-elements{\r\n\t\t\t\t    display: block;\r\n\t\t\t\t}.tdi_4 > .wpb_wrapper > .tdc-elements{\r\n\t\t\t\t    width: 100%;\r\n\t\t\t\t}.tdi_4 > .wpb_wrapper > .vc_row_inner{\r\n\t\t\t\t    width: auto;\r\n\t\t\t\t}.tdi_4 > .wpb_wrapper{\r\n\t\t\t\t    width: auto;\r\n\t\t\t\t    height: auto;\r\n\t\t\t\t}\n<\/style><div class=\"wpb_wrapper\" >[vc_column_text css_animation=&#8221;none&#8221; css=&#8221;.vc_custom_1645346085323{margin-top: 0px !important;margin-bottom: 0px !important;border-right-width: 1px !important;border-right-color: #e0e0e0 !important;}&#8221;]\r\n<div class=\"linki_menu\">\r\n<h5>Realizations<\/h5>\r\n<a href=\"https:\/\/sigma.sanok.pl\/en\/realizations\/\">Realizations<\/a>\r\n\r\n<\/div>\r\n[\/vc_column_text]<\/div><\/div><div class=\"vc_column tdi_6  wpb_column vc_column_container tdc-column td-pb-span3\">\n<style scoped>\n\/* custom css - generated by TagDiv Composer *\/\n\n\/* custom css - generated by TagDiv Composer *\/\n\/* custom css - generated by TagDiv Composer *\/\n.tdi_6{\r\n                    vertical-align: baseline;\r\n                }.tdi_6 > .wpb_wrapper,\r\n\t\t\t\t.tdi_6 > .wpb_wrapper > .tdc-elements{\r\n\t\t\t\t    display: block;\r\n\t\t\t\t}.tdi_6 > .wpb_wrapper > .tdc-elements{\r\n\t\t\t\t    width: 100%;\r\n\t\t\t\t}.tdi_6 > .wpb_wrapper > .vc_row_inner{\r\n\t\t\t\t    width: auto;\r\n\t\t\t\t}.tdi_6 > .wpb_wrapper{\r\n\t\t\t\t    width: auto;\r\n\t\t\t\t    height: auto;\r\n\t\t\t\t}\n<\/style><div class=\"wpb_wrapper\" >[vc_column_text css_animation=&#8221;none&#8221; css=&#8221;.vc_custom_1645346077211{margin-top: 0px !important;margin-bottom: 0px !important;border-right-width: 1px !important;border-right-color: #e0e0e0 !important;}&#8221;]\r\n<div class=\"linki_menu\">\r\n<h5>Arrangements<\/h5>\r\n<a href=\"https:\/\/sigma.sanok.pl\/en\/arrangements-external-systems\/\">External systems<\/a>\r\n<a href=\"https:\/\/sigma.sanok.pl\/en\/arrangements-internal-systems\/\">Internal systems<\/a>\r\n<a href=\"https:\/\/sigma.sanok.pl\/en\/arrangements-pleated-blinds\/\">Pleated blinds<\/a>\r\n\r\n<\/div>\r\n[\/vc_column_text]<\/div><\/div><div class=\"vc_column tdi_8  wpb_column vc_column_container tdc-column td-pb-span3\">\n<style scoped>\n\/* custom css - generated by TagDiv Composer *\/\n\n\/* custom css - generated by TagDiv Composer *\/\n\/* custom css - generated by TagDiv Composer *\/\n.tdi_8{\r\n                    vertical-align: baseline;\r\n                }.tdi_8 > .wpb_wrapper,\r\n\t\t\t\t.tdi_8 > .wpb_wrapper > .tdc-elements{\r\n\t\t\t\t    display: block;\r\n\t\t\t\t}.tdi_8 > .wpb_wrapper > .tdc-elements{\r\n\t\t\t\t    width: 100%;\r\n\t\t\t\t}.tdi_8 > .wpb_wrapper > .vc_row_inner{\r\n\t\t\t\t    width: auto;\r\n\t\t\t\t}.tdi_8 > .wpb_wrapper{\r\n\t\t\t\t    width: auto;\r\n\t\t\t\t    height: auto;\r\n\t\t\t\t}\n<\/style><div class=\"wpb_wrapper\" >[vc_column_text css_animation=&#8221;none&#8221; css=&#8221;.vc_custom_1645346101678{margin-top: 0px !important;margin-bottom: 0px !important;border-right-width: 1px !important;border-right-color: #e0e0e0 !important;}&#8221;]\r\n<div class=\"linki_menu\">\r\n<h5>Files<\/h5>\r\n<a href=\"https:\/\/sigma.sanok.pl\/en\/karty-katalogowe-instrukcje-pomiaru\/\">Data sheets &#8211; measurement instructions<\/a>\r\n<a href=\"https:\/\/sigma.sanok.pl\/en\/formularze-zamowien\/\">Order forms<\/a>\r\n<a href=\"https:\/\/sigma.sanok.pl\/en\/assembly-instructions\/\">Assembly instructions<\/a>\r\n<a href=\"https:\/\/sigma.sanok.pl\/en\/automation-instructions\/\">Automation instructions<\/a>\r\n<a href=\"https:\/\/sigma.sanok.pl\/en\/cad-file-library\/\">CAD<\/a>\r\n\r\n<\/div>\r\n[\/vc_column_text]<\/div><\/div><div class=\"vc_column tdi_10  wpb_column vc_column_container tdc-column td-pb-span3\">\n<style scoped>\n\/* custom css - generated by TagDiv Composer *\/\n\n\/* custom css - generated by TagDiv Composer *\/\n\/* custom css - generated by TagDiv Composer *\/\n.tdi_10{\r\n                    vertical-align: baseline;\r\n                }.tdi_10 > .wpb_wrapper,\r\n\t\t\t\t.tdi_10 > .wpb_wrapper > .tdc-elements{\r\n\t\t\t\t    display: block;\r\n\t\t\t\t}.tdi_10 > .wpb_wrapper > .tdc-elements{\r\n\t\t\t\t    width: 100%;\r\n\t\t\t\t}.tdi_10 > .wpb_wrapper > .vc_row_inner{\r\n\t\t\t\t    width: auto;\r\n\t\t\t\t}.tdi_10 > .wpb_wrapper{\r\n\t\t\t\t    width: auto;\r\n\t\t\t\t    height: auto;\r\n\t\t\t\t}\n<\/style><div class=\"wpb_wrapper\" >[vc_column_text css_animation=&#8221;none&#8221; css=&#8221;.vc_custom_1645346109088{margin-top: 0px !important;margin-bottom: 0px !important;border-right-width: 1px !important;border-right-color: #e0e0e0 !important;}&#8221;]\r\n<div class=\"linki_menu\">\r\n<h5>Catalogs \/ Price lists<\/h5>\r\n<a href=\"https:\/\/sigma.sanok.pl\/en\/kolekcja-tkanin-roletowych\/\">Roller blind fabrics &#8211; catalog<\/a>\r\n<a href=\"https:\/\/sigma.sanok.pl\/en\/dickson-awning-fabrics-basic-collection\/\">Awning fabrics &#8211; Dickson<\/a>\r\n\r\n<\/div>\r\n[\/vc_column_text]<\/div><\/div><\/div><\/div>","protected":false},"excerpt":{"rendered":"[vc_column_text css_animation=\"none\" css=\".vc_custom_1645346085323{margin-top: 0px !important;margin-bottom: 0px !important;border-right-width: 1px !important;border-right-color: #e0e0e0 !important;}\"] Realizations Realizations [\/vc_column_text] [vc_column_text css_animation=\"none\" css=\".vc_custom_1645346077211{margin-top: 0px !important;margin-bottom: 0px !important;border-right-width: 1px !important;border-right-color: #e0e0e0 !important;}\"] Arrangements External systems Internal systems Pleated blinds [\/vc_column_text] [vc_column_text css_animation=\"none\" css=\".vc_custom_1645346101678{margin-top: 0px !important;margin-bottom: 0px !important;border-right-width: 1px !important;border-right-color: #e0e0e0 !important;}\"] Files Data sheets - measurement instructions Order forms Assembly instructions Automation [...]","protected":false},"author":1,"featured_media":0,"parent":0,"menu_order":9,"comment_status":"closed","ping_status":"closed","template":"page-pagebuilder-title.php","meta":{"inline_featured_image":false,"footnotes":""},"class_list":["post-14047","page","type-page","status-publish"],"yoast_head":"<!-- This site is optimized with the Yoast SEO plugin v18.4.1 - https:\/\/yoast.com\/wordpress\/plugins\/seo\/ -->\n<title>Sigma Systemy Os\u0142onowe &#8211; Producent system\u00f3w przeciws\u0142onecznych &#8211; Producent rolet zewn\u0119trznych, Producent screen\u00f3w &#8211; Screeny, Producent markiz, Produkcja Pergol, Producent plis, Producent rolet wewn\u0119trznych, Producent bram rolowanych | Sanok, Krosno, Rzesz\u00f3w, Podkarpacie<\/title>\n<meta name=\"robots\" content=\"index, follow, max-snippet:-1, max-image-preview:large, max-video-preview:-1\" \/>\n<link rel=\"canonical\" href=\"https:\/\/sigma.sanok.pl\/en\/media\/\" \/>\n<meta property=\"og:locale\" content=\"en_US\" \/>\n<meta property=\"og:type\" content=\"article\" \/>\n<meta property=\"og:url\" content=\"https:\/\/sigma.sanok.pl\/en\/media\/\" \/>\n<meta property=\"og:site_name\" content=\"Sigma Systemy Os\u0142onowe - Producent system\u00f3w przeciws\u0142onecznych - Producent rolet zewn\u0119trznych, Producent screen\u00f3w - Screeny, Producent markiz, Produkcja Pergol, Producent plis, Producent rolet wewn\u0119trznych, Producent bram rolowanych | Sanok, Krosno, Rzesz\u00f3w, Podkarpacie\" \/>\n<meta property=\"article:modified_time\" content=\"2022-02-20T08:35:15+00:00\" \/>\n<meta name=\"twitter:card\" content=\"summary_large_image\" \/>\n<meta name=\"twitter:label1\" content=\"Est. reading time\" \/>\n\t<meta name=\"twitter:data1\" content=\"1 minute\" \/>\n<script type=\"application\/ld+json\" class=\"yoast-schema-graph\">{\"@context\":\"https:\/\/schema.org\",\"@graph\":[{\"@type\":\"Organization\",\"@id\":\"https:\/\/sigma.sanok.pl\/en\/#organization\",\"name\":\"Sigma Systemy Os\u0142onowe\",\"url\":\"https:\/\/sigma.sanok.pl\/en\/\",\"sameAs\":[],\"logo\":{\"@type\":\"ImageObject\",\"@id\":\"https:\/\/sigma.sanok.pl\/en\/#logo\",\"inLanguage\":\"en-US\",\"url\":\"https:\/\/sigma.sanok.pl\/wp-content\/uploads\/2019\/12\/logo_sigma-loader.png\",\"contentUrl\":\"https:\/\/sigma.sanok.pl\/wp-content\/uploads\/2019\/12\/logo_sigma-loader.png\",\"width\":120,\"height\":120,\"caption\":\"Sigma Systemy Os\u0142onowe\"},\"image\":{\"@id\":\"https:\/\/sigma.sanok.pl\/en\/#logo\"}},{\"@type\":\"WebSite\",\"@id\":\"https:\/\/sigma.sanok.pl\/en\/#website\",\"url\":\"https:\/\/sigma.sanok.pl\/en\/\",\"name\":\"Sigma Systemy Os\u0142onowe - Producent system\u00f3w przeciws\u0142onecznych - rolet zewn\u0119trznych, screen\u00f3w, markiz, plis, rolet wewn\u0119trznych oraz bram rolowanych\",\"description\":\"Producent Markizy, Pergole - Producent,  \u017baluzje fasadowe, Producent Rolety zewn\u0119trzne, Rolety wewn\u0119trzne - Producent, Producent Screeny, Plisy - Producent, Bramy gara\u017cowe, Bramy przemys\u0142owe, Bramy rolowane,Nap\u0119dy, Automatyka | Podkarpacie, Rzesz\u00f3w , Sanok,  Krosno, Lesko, Brzoz\u00f3w, Ustrzyki\",\"publisher\":{\"@id\":\"https:\/\/sigma.sanok.pl\/en\/#organization\"},\"potentialAction\":[{\"@type\":\"SearchAction\",\"target\":{\"@type\":\"EntryPoint\",\"urlTemplate\":\"https:\/\/sigma.sanok.pl\/en\/?s={search_term_string}\"},\"query-input\":\"required name=search_term_string\"}],\"inLanguage\":\"en-US\"},{\"@type\":\"WebPage\",\"@id\":\"https:\/\/sigma.sanok.pl\/en\/media\/#webpage\",\"url\":\"https:\/\/sigma.sanok.pl\/en\/media\/\",\"name\":\"Media - Sigma Systemy Os\u0142onowe - Producent system\u00f3w przeciws\u0142onecznych - Producent rolet zewn\u0119trznych, Producent screen\u00f3w - Screeny, Producent markiz, Produkcja Pergol, Producent plis, Producent rolet wewn\u0119trznych, Producent bram rolowanych | Sanok, Krosno, Rzesz\u00f3w, Podkarpacie\",\"isPartOf\":{\"@id\":\"https:\/\/sigma.sanok.pl\/en\/#website\"},\"datePublished\":\"2018-08-24T09:17:56+00:00\",\"dateModified\":\"2022-02-20T08:35:15+00:00\",\"breadcrumb\":{\"@id\":\"https:\/\/sigma.sanok.pl\/en\/media\/#breadcrumb\"},\"inLanguage\":\"en-US\",\"potentialAction\":[{\"@type\":\"ReadAction\",\"target\":[\"https:\/\/sigma.sanok.pl\/en\/media\/\"]}]},{\"@type\":\"BreadcrumbList\",\"@id\":\"https:\/\/sigma.sanok.pl\/en\/media\/#breadcrumb\",\"itemListElement\":[{\"@type\":\"ListItem\",\"position\":1,\"name\":\"Strona g\u0142\u00f3wna\",\"item\":\"https:\/\/sigma.sanok.pl\/en\/\"},{\"@type\":\"ListItem\",\"position\":2,\"name\":\"Media\"}]}]}<\/script>\n<!-- \/ Yoast SEO plugin. -->","yoast_head_json":{"title":"Sigma Systemy Os\u0142onowe &#8211; Producent system\u00f3w przeciws\u0142onecznych &#8211; Producent rolet zewn\u0119trznych, Producent screen\u00f3w &#8211; Screeny, Producent markiz, Produkcja Pergol, Producent plis, Producent rolet wewn\u0119trznych, Producent bram rolowanych | Sanok, Krosno, Rzesz\u00f3w, Podkarpacie","robots":{"index":"index","follow":"follow","max-snippet":"max-snippet:-1","max-image-preview":"max-image-preview:large","max-video-preview":"max-video-preview:-1"},"canonical":"https:\/\/sigma.sanok.pl\/en\/media\/","og_locale":"en_US","og_type":"article","og_url":"https:\/\/sigma.sanok.pl\/en\/media\/","og_site_name":"Sigma Systemy Os\u0142onowe - Producent system\u00f3w przeciws\u0142onecznych - Producent rolet zewn\u0119trznych, Producent screen\u00f3w - Screeny, Producent markiz, Produkcja Pergol, Producent plis, Producent rolet wewn\u0119trznych, Producent bram rolowanych | Sanok, Krosno, Rzesz\u00f3w, Podkarpacie","article_modified_time":"2022-02-20T08:35:15+00:00","twitter_card":"summary_large_image","twitter_misc":{"Est. reading time":"1 minute"},"schema":{"@context":"https:\/\/schema.org","@graph":[{"@type":"Organization","@id":"https:\/\/sigma.sanok.pl\/en\/#organization","name":"Sigma Systemy Os\u0142onowe","url":"https:\/\/sigma.sanok.pl\/en\/","sameAs":[],"logo":{"@type":"ImageObject","@id":"https:\/\/sigma.sanok.pl\/en\/#logo","inLanguage":"en-US","url":"https:\/\/sigma.sanok.pl\/wp-content\/uploads\/2019\/12\/logo_sigma-loader.png","contentUrl":"https:\/\/sigma.sanok.pl\/wp-content\/uploads\/2019\/12\/logo_sigma-loader.png","width":120,"height":120,"caption":"Sigma Systemy Os\u0142onowe"},"image":{"@id":"https:\/\/sigma.sanok.pl\/en\/#logo"}},{"@type":"WebSite","@id":"https:\/\/sigma.sanok.pl\/en\/#website","url":"https:\/\/sigma.sanok.pl\/en\/","name":"Sigma Systemy Os\u0142onowe - Producent system\u00f3w przeciws\u0142onecznych - rolet zewn\u0119trznych, screen\u00f3w, markiz, plis, rolet wewn\u0119trznych oraz bram rolowanych","description":"Producent Markizy, Pergole - Producent,  \u017baluzje fasadowe, Producent Rolety zewn\u0119trzne, Rolety wewn\u0119trzne - Producent, Producent Screeny, Plisy - Producent, Bramy gara\u017cowe, Bramy przemys\u0142owe, Bramy rolowane,Nap\u0119dy, Automatyka | Podkarpacie, Rzesz\u00f3w , Sanok,  Krosno, Lesko, Brzoz\u00f3w, Ustrzyki","publisher":{"@id":"https:\/\/sigma.sanok.pl\/en\/#organization"},"potentialAction":[{"@type":"SearchAction","target":{"@type":"EntryPoint","urlTemplate":"https:\/\/sigma.sanok.pl\/en\/?s={search_term_string}"},"query-input":"required name=search_term_string"}],"inLanguage":"en-US"},{"@type":"WebPage","@id":"https:\/\/sigma.sanok.pl\/en\/media\/#webpage","url":"https:\/\/sigma.sanok.pl\/en\/media\/","name":"Media - Sigma Systemy Os\u0142onowe - Producent system\u00f3w przeciws\u0142onecznych - Producent rolet zewn\u0119trznych, Producent screen\u00f3w - Screeny, Producent markiz, Produkcja Pergol, Producent plis, Producent rolet wewn\u0119trznych, Producent bram rolowanych | Sanok, Krosno, Rzesz\u00f3w, Podkarpacie","isPartOf":{"@id":"https:\/\/sigma.sanok.pl\/en\/#website"},"datePublished":"2018-08-24T09:17:56+00:00","dateModified":"2022-02-20T08:35:15+00:00","breadcrumb":{"@id":"https:\/\/sigma.sanok.pl\/en\/media\/#breadcrumb"},"inLanguage":"en-US","potentialAction":[{"@type":"ReadAction","target":["https:\/\/sigma.sanok.pl\/en\/media\/"]}]},{"@type":"BreadcrumbList","@id":"https:\/\/sigma.sanok.pl\/en\/media\/#breadcrumb","itemListElement":[{"@type":"ListItem","position":1,"name":"Strona g\u0142\u00f3wna","item":"https:\/\/sigma.sanok.pl\/en\/"},{"@type":"ListItem","position":2,"name":"Media"}]}]}},"_links":{"self":[{"href":"https:\/\/sigma.sanok.pl\/en\/wp-json\/wp\/v2\/pages\/14047","targetHints":{"allow":["GET"]}}],"collection":[{"href":"https:\/\/sigma.sanok.pl\/en\/wp-json\/wp\/v2\/pages"}],"about":[{"href":"https:\/\/sigma.sanok.pl\/en\/wp-json\/wp\/v2\/types\/page"}],"author":[{"embeddable":true,"href":"https:\/\/sigma.sanok.pl\/en\/wp-json\/wp\/v2\/users\/1"}],"replies":[{"embeddable":true,"href":"https:\/\/sigma.sanok.pl\/en\/wp-json\/wp\/v2\/comments?post=14047"}],"version-history":[{"count":4,"href":"https:\/\/sigma.sanok.pl\/en\/wp-json\/wp\/v2\/pages\/14047\/revisions"}],"predecessor-version":[{"id":27244,"href":"https:\/\/sigma.sanok.pl\/en\/wp-json\/wp\/v2\/pages\/14047\/revisions\/27244"}],"wp:attachment":[{"href":"https:\/\/sigma.sanok.pl\/en\/wp-json\/wp\/v2\/media?parent=14047"}],"curies":[{"name":"wp","href":"https:\/\/api.w.org\/{rel}","templated":true}]}}