{"id":13058,"date":"2020-02-10T21:52:04","date_gmt":"2020-02-10T20:52:04","guid":{"rendered":"https:\/\/sigma.sanok.pl\/blocks\/"},"modified":"2022-01-17T18:39:10","modified_gmt":"2022-01-17T17:39:10","slug":"blocks","status":"publish","type":"page","link":"https:\/\/sigma.sanok.pl\/en\/blocks\/","title":{"rendered":"blocks"},"content":{"rendered":"<div id=\"tdi_1\" class=\"tdc-zone\"><div class=\"tdc_zone tdi_2  wpb_row td-pb-row\"  >\n<style scoped>\n\/* custom css - generated by TagDiv Composer *\/\n\n\/* custom css - generated by TagDiv Composer *\/\n\/* custom css - generated by TagDiv Composer *\/\n.tdi_2{\r\n                    min-height: 0;\r\n                }\n<\/style><div id=\"tdi_3\" class=\"tdc-row\"><div class=\"vc_row tdi_4  wpb_row td-pb-row\" >\n<style scoped>\n\/* custom css - generated by TagDiv Composer *\/\n\n\/* custom css - generated by TagDiv Composer *\/\n\/* custom css - generated by TagDiv Composer *\/\n.tdi_4,\r\n                .tdi_4 .tdc-columns{\r\n                    min-height: 0;\r\n                }.tdi_4,\r\n\t\t\t\t.tdi_4 .tdc-columns{\r\n\t\t\t\t    display: block;\r\n\t\t\t\t}.tdi_4 .tdc-columns{\r\n\t\t\t\t    width: 100%;\r\n\t\t\t\t}\n<\/style><div class=\"vc_column tdi_6  wpb_column vc_column_container tdc-column td-pb-span12\">\n<style scoped>\n\/* custom css - generated by TagDiv Composer *\/\n\n\/* custom css - generated by TagDiv Composer *\/\n\/* custom css - generated by TagDiv Composer *\/\n.tdi_6{\r\n                    vertical-align: baseline;\r\n                }.tdi_6 > .wpb_wrapper,\r\n\t\t\t\t.tdi_6 > .wpb_wrapper > .tdc-elements{\r\n\t\t\t\t    display: block;\r\n\t\t\t\t}.tdi_6 > .wpb_wrapper > .tdc-elements{\r\n\t\t\t\t    width: 100%;\r\n\t\t\t\t}.tdi_6 > .wpb_wrapper > .vc_row_inner{\r\n\t\t\t\t    width: auto;\r\n\t\t\t\t}.tdi_6 > .wpb_wrapper{\r\n\t\t\t\t    width: auto;\r\n\t\t\t\t    height: auto;\r\n\t\t\t\t}\n<\/style><div class=\"wpb_wrapper\" ><div class=\"tdm_block td_block_wrap tdm_block_icon_box tdi_7 tdm-content-horiz-center tds_icon_box4_wrap td-pb-border-top td_block_template_9\"  data-td-block-uid=\"tdi_7\" >\n<style>\n\n\/* inline tdc_css att - generated by TagDiv Composer *\/\n\n.tdi_7{\nwidth:100% !important;\n}\n\n\/* desktop *\/ @media(min-width: 1141px) { .tdi_7 { \ndisplay:inline-block !important;\n} }\n\n\/* landscape *\/\n@media (min-width: 1019px) and (max-width: 1140px)\n{\n.tdi_7{\ndisplay:inline-block !important;\n}\n}\n\n\/* portrait *\/\n@media (min-width: 768px) and (max-width: 1018px)\n{\n.tdi_7{\ndisplay:inline-block !important;\n}\n}\n\n\/* phone *\/\n@media (max-width: 767px)\n{\n.tdi_7{\nmargin-bottom:60px !important;\nwidth:auto !important;\n}\n}\n\n<\/style>\n<style>\n\/* custom css - generated by TagDiv Composer *\/\n\/* custom css - generated by TagDiv Composer *\/\n.tds_icon_box4_wrap{\r\n                  height: 300px;\r\n                  -webkit-transition: all 0.3s ease;\r\n                  transition: all 0.3s ease;\r\n                }.tds_icon_box4_wrap:after{\r\n                  content: '';\r\n                  position: absolute;\r\n                  width: 100%;\r\n                  height: 100%;\r\n                  top: 0;\r\n                  left: 0;\r\n                  -webkit-transition: all 0.3s ease;\r\n                  transition: all 0.3s ease;\r\n                }.tds_icon_box4_wrap .tds-icon-box4{\r\n                  position: absolute;\r\n                  display: block;\r\n                  top: 50%;\r\n                  left: 50%;\r\n                  width: 80%;\r\n                  -webkit-transform: translate(-50%, -50%);\r\n                  transform: translate(-50%, -50%);\r\n                  z-index: 1;\r\n                }.tds_icon_box4_wrap .icon_box_url_wrap{\r\n                  display: block;\r\n                  position: absolute;\r\n                  top: 0;\r\n                  left: 0;\r\n                  width: 100%;\r\n                  height: 100%;\r\n                }.tds_icon_box4_wrap:before{\r\n                  content: '';\r\n                  position: absolute;\r\n                  left: 0;\r\n                  bottom: 0;\r\n                  width: 100%;\r\n                  z-index: 1;\r\n                }.tds_icon_box4_wrap:hover{\r\n                  -webkit-transform: translateY(-10px);\r\n                  transform: translateY(-10px);\r\n                }.tdi_7{\r\n\t\t\t\t    height: 250px;\r\n\t\t\t\t}.tdi_8 .tds-title{\r\n\t\t\t\t    margin-top: 10px;\r\n\t\t\t\t\r\n\t\t\t\t    margin-bottom: 10px;\r\n\t\t\t\t}.tdi_8 .tdm-descr{\r\n\t\t\t\t    margin-bottom: 30px;\r\n\t\t\t\t\r\n\t\t\t\t    color: #ffffff;\t\t\t  \r\n\t\t\t\t}.tdi_7:before{\r\n\t\t\t\t    height: 2px;\r\n\t\t\t\t\r\n\t\t\t\t    background-color: #ededed;\r\n\t\t\t\t}.tdi_7:after{\r\n\t\t\t\t    background-color: #ff9800;\r\n\t\t\t\t}.tdi_7 .tdm-descr{\r\n\t\t\t\t\tfont-family:Montserrat !important;font-size:12px !important;\r\n\t\t\t\t}\n<\/style><div class=\"tds-icon-box tds-icon-box4 td-fix-index tdi_8\">\n<style>\n\/* custom css - generated by TagDiv Composer *\/\n\/* custom css - generated by TagDiv Composer *\/\n.tdi_9{\r\n\t\t\t\t    -webkit-transition: all 0.2s ease;\r\n                    -moz-transition: all 0.2s ease;\r\n                    -o-transition: all 0.2s ease;\r\n                    transition: all 0.2s ease;\r\n\t\t\t\t}.tdi_9:before{\r\n\t\t\t\t    -webkit-transition: all 0.2s ease;\r\n                    -moz-transition: all 0.2s ease;\r\n                    -o-transition: all 0.2s ease;\r\n                    transition: all 0.2s ease;\r\n\t\t\t\t\r\n\t\t\t\t\tcolor: #ffffff;\r\n\t\t\t\t}.tdi_9 svg{\r\n\t\t\t\t    fill: #ffffff;\r\n\t\t\t\t}.tdi_9 svg *{\r\n\t\t\t\t    fill: inherit;\r\n\t\t\t\t}body .tdi_7:hover .tdi_9:before{\r\n\t\t\t\t\t-webkit-text-fill-color: unset;\r\n\t\t\t\t\tbackground: transparent;\r\n\t\t\t\t\ttransition: none;\r\n\t\t\t\t}body .tdi_7:hover .tdi_9 svg{\r\n\t\t\t\t    fill: @text_hover_color;\r\n\t\t\t\t}body .tdi_7:hover .tdi_9 svg *{\r\n\t\t\t\t    fill: inherit;\r\n\t\t\t\t}.tdi_7:hover .tdi_9:before{\r\n\t\t\t\t    color: #ffffff;\r\n\t\t\t\t}.tdi_7:hover .tdi_9 svg{\r\n\t\t\t\t    fill: #ffffff;\r\n\t\t\t\t}.tdi_7:hover .tdi_9 svg *{\r\n\t\t\t\t    fill: inherit;\r\n\t\t\t\t}.tdi_9{\r\n\t\t\t\t    border: 0px solid #ffffff;\r\n\t\t\t\t}\n\n\/* landscape *\/\n@media (min-width: 1019px) and (max-width: 1140px){\n\/* custom css - generated by TagDiv Composer *\/\n.tdi_9{\r\n\t\t\t\t    border: 0px solid #ffffff;\r\n\t\t\t\t}\n}\n\n\/* portrait *\/\n@media (min-width: 768px) and (max-width: 1018px){\n\/* custom css - generated by TagDiv Composer *\/\n.tdi_9{\r\n\t\t\t\t    border: 0px solid #ffffff;\r\n\t\t\t\t}\n}\n\n\/* phone *\/\n@media (max-width: 767px){\n\/* custom css - generated by TagDiv Composer *\/\n.tdi_9{\r\n\t\t\t\t    border: 0px solid #ffffff;\r\n\t\t\t\t}\n}\n<\/style><i class=\"tds-icon tdc-font-tdmp tdc-font-tdmp-shield tdi_9 td-fix-index \"><\/i>\n<style>\n\/* custom css - generated by TagDiv Composer *\/\n\/* custom css - generated by TagDiv Composer *\/\nbody .tdi_10 .tdm-title{\r\n\t\t\t\t\tcolor: #ffffff;\r\n\t\t\t\t}.tdi_10 .tdm-title{\r\n\t\t\t\t\tfont-family:Montserrat !important;font-size:24px !important;line-height:30px !important;font-weight:300 !important;text-transform:uppercase !important;\r\n\t\t\t\t}\n\n\/* portrait *\/\n@media (min-width: 768px) and (max-width: 1018px){\n\/* custom css - generated by TagDiv Composer *\/\n.tdi_10 .tdm-title{\r\n\t\t\t\t\tfont-size:14px !important;line-height:22px !important;\r\n\t\t\t\t}\n}\n\n\/* phone *\/\n@media (max-width: 767px){\n\/* custom css - generated by TagDiv Composer *\/\n.tdi_10 .tdm-title{\r\n\t\t\t\t\tfont-size:14px !important;line-height:22px !important;\r\n\t\t\t\t}\n}\n<\/style><div class=\"tds-title tds-title1 td-fix-index tdi_10 \"><h3 class=\"tdm-title tdm-title-xsm\">JAKO\u015a\u0106<\/h3><\/div><p class=\"tdm-descr\">DOK\u0141ADNIE KONTROLUJEMY JAKO\u015a\u0106 PRODUKOWANYCH PRZEZ NAS PRODUKT\u00d3W<\/p><\/div><style>\/* custom css - generated by TagDiv Composer *\/\n.tdm_block_icon_box .tds-icon-svg svg{\r\n\t\t\t        display: block;\r\n\t\t\t    }.tdm_block_icon_box .tdm-descr{\r\n                  font-size: 14px;\r\n                  line-height: 24px;\r\n                  -webkit-transition: color 0.2s ease;\r\n                  transition: color 0.2s ease;\r\n                }.tdi_7 .tds-icon-box .tds-icon{\r\n\t\t\t\t    font-size: 45px;\r\n\t\t\t\t    text-align: center;\r\n\t\t\t\t\r\n\t\t\t\t    width: 45px;\r\n\t\t\t\t    height: 45px;\r\n\t\t\t\t    line-height: 45px;\r\n\t\t\t\t}.tdi_7 .tds-icon-svg-wrap{\r\n\t\t\t\t    margin: 0 auto;\r\n\t\t\t\t}<\/style><\/div><\/div><\/div><\/div><\/div><\/div><\/div>\n","protected":false},"excerpt":{"rendered":"JAKO\u015a\u0106DOK\u0141ADNIE KONTROLUJEMY JAKO\u015a\u0106 PRODUKOWANYCH PRZEZ NAS PRODUKT\u00d3W","protected":false},"author":1,"featured_media":0,"parent":0,"menu_order":0,"comment_status":"closed","ping_status":"closed","template":"","meta":{"inline_featured_image":false,"footnotes":""},"class_list":["post-13058","page","type-page","status-publish"],"yoast_head":"<!-- This site is optimized with the Yoast SEO plugin v18.4.1 - https:\/\/yoast.com\/wordpress\/plugins\/seo\/ -->\n<title>Sigma Systemy Os\u0142onowe &#8211; Producent system\u00f3w przeciws\u0142onecznych &#8211; Producent rolet zewn\u0119trznych, Producent screen\u00f3w &#8211; Screeny, Producent markiz, Produkcja Pergol, Producent plis, Producent rolet wewn\u0119trznych, Producent bram rolowanych | Sanok, Krosno, Rzesz\u00f3w, Podkarpacie<\/title>\n<meta name=\"robots\" content=\"index, follow, max-snippet:-1, max-image-preview:large, max-video-preview:-1\" \/>\n<link rel=\"canonical\" href=\"https:\/\/sigma.sanok.pl\/en\/blocks\/\" \/>\n<meta property=\"og:locale\" content=\"en_US\" \/>\n<meta property=\"og:type\" content=\"article\" \/>\n<meta property=\"og:url\" content=\"https:\/\/sigma.sanok.pl\/en\/blocks\/\" \/>\n<meta property=\"og:site_name\" content=\"Sigma Systemy Os\u0142onowe - Producent system\u00f3w przeciws\u0142onecznych - Producent rolet zewn\u0119trznych, Producent screen\u00f3w - Screeny, Producent markiz, Produkcja Pergol, Producent plis, Producent rolet wewn\u0119trznych, Producent bram rolowanych | Sanok, Krosno, Rzesz\u00f3w, Podkarpacie\" \/>\n<meta property=\"article:modified_time\" content=\"2022-01-17T17:39:10+00:00\" \/>\n<meta name=\"twitter:card\" content=\"summary_large_image\" \/>\n<meta name=\"twitter:label1\" content=\"Est. reading time\" \/>\n\t<meta name=\"twitter:data1\" content=\"2 minutes\" \/>\n<script type=\"application\/ld+json\" class=\"yoast-schema-graph\">{\"@context\":\"https:\/\/schema.org\",\"@graph\":[{\"@type\":\"Organization\",\"@id\":\"https:\/\/sigma.sanok.pl\/en\/#organization\",\"name\":\"Sigma Systemy Os\u0142onowe\",\"url\":\"https:\/\/sigma.sanok.pl\/en\/\",\"sameAs\":[],\"logo\":{\"@type\":\"ImageObject\",\"@id\":\"https:\/\/sigma.sanok.pl\/en\/#logo\",\"inLanguage\":\"en-US\",\"url\":\"https:\/\/sigma.sanok.pl\/wp-content\/uploads\/2019\/12\/logo_sigma-loader.png\",\"contentUrl\":\"https:\/\/sigma.sanok.pl\/wp-content\/uploads\/2019\/12\/logo_sigma-loader.png\",\"width\":120,\"height\":120,\"caption\":\"Sigma Systemy Os\u0142onowe\"},\"image\":{\"@id\":\"https:\/\/sigma.sanok.pl\/en\/#logo\"}},{\"@type\":\"WebSite\",\"@id\":\"https:\/\/sigma.sanok.pl\/en\/#website\",\"url\":\"https:\/\/sigma.sanok.pl\/en\/\",\"name\":\"Sigma Systemy Os\u0142onowe - Producent system\u00f3w przeciws\u0142onecznych - rolet zewn\u0119trznych, screen\u00f3w, markiz, plis, rolet wewn\u0119trznych oraz bram rolowanych\",\"description\":\"Producent Markizy, Pergole - Producent,  \u017baluzje fasadowe, Producent Rolety zewn\u0119trzne, Rolety wewn\u0119trzne - Producent, Producent Screeny, Plisy - Producent, Bramy gara\u017cowe, Bramy przemys\u0142owe, Bramy rolowane,Nap\u0119dy, Automatyka | Podkarpacie, Rzesz\u00f3w , Sanok,  Krosno, Lesko, Brzoz\u00f3w, Ustrzyki\",\"publisher\":{\"@id\":\"https:\/\/sigma.sanok.pl\/en\/#organization\"},\"potentialAction\":[{\"@type\":\"SearchAction\",\"target\":{\"@type\":\"EntryPoint\",\"urlTemplate\":\"https:\/\/sigma.sanok.pl\/en\/?s={search_term_string}\"},\"query-input\":\"required name=search_term_string\"}],\"inLanguage\":\"en-US\"},{\"@type\":\"WebPage\",\"@id\":\"https:\/\/sigma.sanok.pl\/en\/blocks\/#webpage\",\"url\":\"https:\/\/sigma.sanok.pl\/en\/blocks\/\",\"name\":\"blocks - Sigma Systemy Os\u0142onowe - Producent system\u00f3w przeciws\u0142onecznych - Producent rolet zewn\u0119trznych, Producent screen\u00f3w - Screeny, Producent markiz, Produkcja Pergol, Producent plis, Producent rolet wewn\u0119trznych, Producent bram rolowanych | Sanok, Krosno, Rzesz\u00f3w, Podkarpacie\",\"isPartOf\":{\"@id\":\"https:\/\/sigma.sanok.pl\/en\/#website\"},\"datePublished\":\"2020-02-10T20:52:04+00:00\",\"dateModified\":\"2022-01-17T17:39:10+00:00\",\"breadcrumb\":{\"@id\":\"https:\/\/sigma.sanok.pl\/en\/blocks\/#breadcrumb\"},\"inLanguage\":\"en-US\",\"potentialAction\":[{\"@type\":\"ReadAction\",\"target\":[\"https:\/\/sigma.sanok.pl\/en\/blocks\/\"]}]},{\"@type\":\"BreadcrumbList\",\"@id\":\"https:\/\/sigma.sanok.pl\/en\/blocks\/#breadcrumb\",\"itemListElement\":[{\"@type\":\"ListItem\",\"position\":1,\"name\":\"Strona g\u0142\u00f3wna\",\"item\":\"https:\/\/sigma.sanok.pl\/en\/\"},{\"@type\":\"ListItem\",\"position\":2,\"name\":\"blocks\"}]}]}<\/script>\n<!-- \/ Yoast SEO plugin. -->","yoast_head_json":{"title":"Sigma Systemy Os\u0142onowe &#8211; Producent system\u00f3w przeciws\u0142onecznych &#8211; Producent rolet zewn\u0119trznych, Producent screen\u00f3w &#8211; Screeny, Producent markiz, Produkcja Pergol, Producent plis, Producent rolet wewn\u0119trznych, Producent bram rolowanych | Sanok, Krosno, Rzesz\u00f3w, Podkarpacie","robots":{"index":"index","follow":"follow","max-snippet":"max-snippet:-1","max-image-preview":"max-image-preview:large","max-video-preview":"max-video-preview:-1"},"canonical":"https:\/\/sigma.sanok.pl\/en\/blocks\/","og_locale":"en_US","og_type":"article","og_url":"https:\/\/sigma.sanok.pl\/en\/blocks\/","og_site_name":"Sigma Systemy Os\u0142onowe - Producent system\u00f3w przeciws\u0142onecznych - Producent rolet zewn\u0119trznych, Producent screen\u00f3w - Screeny, Producent markiz, Produkcja Pergol, Producent plis, Producent rolet wewn\u0119trznych, Producent bram rolowanych | Sanok, Krosno, Rzesz\u00f3w, Podkarpacie","article_modified_time":"2022-01-17T17:39:10+00:00","twitter_card":"summary_large_image","twitter_misc":{"Est. reading time":"2 minutes"},"schema":{"@context":"https:\/\/schema.org","@graph":[{"@type":"Organization","@id":"https:\/\/sigma.sanok.pl\/en\/#organization","name":"Sigma Systemy Os\u0142onowe","url":"https:\/\/sigma.sanok.pl\/en\/","sameAs":[],"logo":{"@type":"ImageObject","@id":"https:\/\/sigma.sanok.pl\/en\/#logo","inLanguage":"en-US","url":"https:\/\/sigma.sanok.pl\/wp-content\/uploads\/2019\/12\/logo_sigma-loader.png","contentUrl":"https:\/\/sigma.sanok.pl\/wp-content\/uploads\/2019\/12\/logo_sigma-loader.png","width":120,"height":120,"caption":"Sigma Systemy Os\u0142onowe"},"image":{"@id":"https:\/\/sigma.sanok.pl\/en\/#logo"}},{"@type":"WebSite","@id":"https:\/\/sigma.sanok.pl\/en\/#website","url":"https:\/\/sigma.sanok.pl\/en\/","name":"Sigma Systemy Os\u0142onowe - Producent system\u00f3w przeciws\u0142onecznych - rolet zewn\u0119trznych, screen\u00f3w, markiz, plis, rolet wewn\u0119trznych oraz bram rolowanych","description":"Producent Markizy, Pergole - Producent,  \u017baluzje fasadowe, Producent Rolety zewn\u0119trzne, Rolety wewn\u0119trzne - Producent, Producent Screeny, Plisy - Producent, Bramy gara\u017cowe, Bramy przemys\u0142owe, Bramy rolowane,Nap\u0119dy, Automatyka | Podkarpacie, Rzesz\u00f3w , Sanok,  Krosno, Lesko, Brzoz\u00f3w, Ustrzyki","publisher":{"@id":"https:\/\/sigma.sanok.pl\/en\/#organization"},"potentialAction":[{"@type":"SearchAction","target":{"@type":"EntryPoint","urlTemplate":"https:\/\/sigma.sanok.pl\/en\/?s={search_term_string}"},"query-input":"required name=search_term_string"}],"inLanguage":"en-US"},{"@type":"WebPage","@id":"https:\/\/sigma.sanok.pl\/en\/blocks\/#webpage","url":"https:\/\/sigma.sanok.pl\/en\/blocks\/","name":"blocks - Sigma Systemy Os\u0142onowe - Producent system\u00f3w przeciws\u0142onecznych - Producent rolet zewn\u0119trznych, Producent screen\u00f3w - Screeny, Producent markiz, Produkcja Pergol, Producent plis, Producent rolet wewn\u0119trznych, Producent bram rolowanych | Sanok, Krosno, Rzesz\u00f3w, Podkarpacie","isPartOf":{"@id":"https:\/\/sigma.sanok.pl\/en\/#website"},"datePublished":"2020-02-10T20:52:04+00:00","dateModified":"2022-01-17T17:39:10+00:00","breadcrumb":{"@id":"https:\/\/sigma.sanok.pl\/en\/blocks\/#breadcrumb"},"inLanguage":"en-US","potentialAction":[{"@type":"ReadAction","target":["https:\/\/sigma.sanok.pl\/en\/blocks\/"]}]},{"@type":"BreadcrumbList","@id":"https:\/\/sigma.sanok.pl\/en\/blocks\/#breadcrumb","itemListElement":[{"@type":"ListItem","position":1,"name":"Strona g\u0142\u00f3wna","item":"https:\/\/sigma.sanok.pl\/en\/"},{"@type":"ListItem","position":2,"name":"blocks"}]}]}},"_links":{"self":[{"href":"https:\/\/sigma.sanok.pl\/en\/wp-json\/wp\/v2\/pages\/13058","targetHints":{"allow":["GET"]}}],"collection":[{"href":"https:\/\/sigma.sanok.pl\/en\/wp-json\/wp\/v2\/pages"}],"about":[{"href":"https:\/\/sigma.sanok.pl\/en\/wp-json\/wp\/v2\/types\/page"}],"author":[{"embeddable":true,"href":"https:\/\/sigma.sanok.pl\/en\/wp-json\/wp\/v2\/users\/1"}],"replies":[{"embeddable":true,"href":"https:\/\/sigma.sanok.pl\/en\/wp-json\/wp\/v2\/comments?post=13058"}],"version-history":[{"count":1,"href":"https:\/\/sigma.sanok.pl\/en\/wp-json\/wp\/v2\/pages\/13058\/revisions"}],"predecessor-version":[{"id":25687,"href":"https:\/\/sigma.sanok.pl\/en\/wp-json\/wp\/v2\/pages\/13058\/revisions\/25687"}],"wp:attachment":[{"href":"https:\/\/sigma.sanok.pl\/en\/wp-json\/wp\/v2\/media?parent=13058"}],"curies":[{"name":"wp","href":"https:\/\/api.w.org\/{rel}","templated":true}]}}