{"id":10461,"date":"2020-02-16T09:53:49","date_gmt":"2020-02-16T08:53:49","guid":{"rendered":"https:\/\/sigma.sanok.pl\/kolekcja-tkanin-roletowych-tkaniny-jednobarwne\/"},"modified":"2022-01-17T18:39:09","modified_gmt":"2022-01-17T17:39:09","slug":"kolekcja-tkanin-roletowych-tkaniny-jednobarwne","status":"publish","type":"page","link":"https:\/\/sigma.sanok.pl\/en\/kolekcja-tkanin-roletowych-tkaniny-jednobarwne\/","title":{"rendered":"Collection of roller blind fabrics &#8211; single-color fabrics"},"content":{"rendered":"<div id=\"tdi_1\" class=\"tdc-row\"><div class=\"vc_row tdi_2  wpb_row td-pb-row\" >\n<style scoped>\n\/* custom css - generated by TagDiv Composer *\/\n\n\/* custom css - generated by TagDiv Composer *\/\n\/* custom css - generated by TagDiv Composer *\/\n.tdi_2,\r\n                .tdi_2 .tdc-columns{\r\n                    min-height: 0;\r\n                }.tdi_2,\r\n\t\t\t\t.tdi_2 .tdc-columns{\r\n\t\t\t\t    display: block;\r\n\t\t\t\t}.tdi_2 .tdc-columns{\r\n\t\t\t\t    width: 100%;\r\n\t\t\t\t}\n<\/style><div class=\"vc_column tdi_4  wpb_column vc_column_container tdc-column td-pb-span12\">\n<style scoped>\n\/* custom css - generated by TagDiv Composer *\/\n\n\/* custom css - generated by TagDiv Composer *\/\n\/* custom css - generated by TagDiv Composer *\/\n.tdi_4{\r\n                    vertical-align: baseline;\r\n                }.tdi_4 > .wpb_wrapper,\r\n\t\t\t\t.tdi_4 > .wpb_wrapper > .tdc-elements{\r\n\t\t\t\t    display: block;\r\n\t\t\t\t}.tdi_4 > .wpb_wrapper > .tdc-elements{\r\n\t\t\t\t    width: 100%;\r\n\t\t\t\t}.tdi_4 > .wpb_wrapper > .vc_row_inner{\r\n\t\t\t\t    width: auto;\r\n\t\t\t\t}.tdi_4 > .wpb_wrapper{\r\n\t\t\t\t    width: auto;\r\n\t\t\t\t    height: auto;\r\n\t\t\t\t}\n<\/style><div class=\"wpb_wrapper\" >[vc_tta_tour controls_size=&#8221;sm&#8221; active_section=&#8221;1&#8243;][vc_tta_section title=&#8221;Camila A600&#8243; tab_id=&#8221;1581768204287-631d7f0e-0c8e&#8221;][vc_media_grid element_width=&#8221;2&#8243; gap=&#8221;10&#8243; item=&#8221;mediaGrid_BorderedScaleWithTitle&#8221; grid_id=&#8221;vc_gid:1581847137206-6a2c472a-5021-10&#8243; include=&#8221;13039,13033,13016,13001,12986,12965,12950,12949,12929,12916,12899,12887,12870,12855,12840,12827,12812,12798,12782,12766,12750,12735,12720,12703,12692,12678,12669,12659,12649,12639,12625,12624,12612,12602,12597,12587,12577,12567,12556,12544,12536,12528,12515,12514&#8243;][\/vc_tta_section][vc_tta_section title=&#8221;Izyda A800&#8243; tab_id=&#8221;1581769744190-6cee9982-0321&#8243;][vc_media_grid element_width=&#8221;2&#8243; gap=&#8221;10&#8243; item=&#8221;mediaGrid_BorderedScaleWithTitle&#8221; grid_id=&#8221;vc_gid:1581847137254-57b838b0-3b1d-10&#8243; include=&#8221;12503,12491,12481,12471,12462,12453,12441,12431,12420,12409,12401,12393,12382,12371,12369,12357,12347,12335,12334,12324,12314,12305,12294,12283,12274,12263,12255,12247,12234,12233,12223,12209&#8243;][\/vc_tta_section][vc_tta_section title=&#8221;Luminis A900&#8243; tab_id=&#8221;1581770113999-0b34c089-f84e&#8221;][vc_media_grid element_width=&#8221;2&#8243; gap=&#8221;10&#8243; item=&#8221;mediaGrid_BorderedScaleWithTitle&#8221; grid_id=&#8221;vc_gid:1581847137289-d959beda-924c-5&#8243; include=&#8221;12199,12188,12179,12169,12159,12151,12143,12138,12133,12128,12123,12118,12113,12107,12102,12097,12092,12087,12082,12077,12072,12066,12061,12056,12051,12046,12041,12036,12031,12026,12021,12016,12011,12006,12001,11996,11991,11986,11981,11976&#8243;][\/vc_tta_section][vc_tta_section title=&#8221;Julia C100&#8243; tab_id=&#8221;1581771330514-288b336f-7f82&#8243;][vc_media_grid element_width=&#8221;2&#8243; gap=&#8221;10&#8243; item=&#8221;mediaGrid_BorderedScaleWithTitle&#8221; grid_id=&#8221;vc_gid:1581847137334-87896fe6-cf7b-8&#8243; include=&#8221;11926,11931,11936,11941,11946,11951,11956,11961,11966,11971,11921,11916,11911,11906,11901,11896,11891,11886,11881&#8243;][\/vc_tta_section][vc_tta_section title=&#8221;Charlotte C200&#8243; tab_id=&#8221;1581771982197-c5cb8ec0-b07e&#8221;][vc_media_grid style=&#8221;lazy&#8221; items_per_page=&#8221;24&#8243; element_width=&#8221;2&#8243; gap=&#8221;10&#8243; item=&#8221;mediaGrid_BorderedScaleWithTitle&#8221; grid_id=&#8221;vc_gid:1581847137354-d3941c78-673b-1&#8243; include=&#8221;11876,11871,11866,11861,11856,11851,11846,11841,11836,11831,11826,11821,11816,11811,11806,11801&#8243;][\/vc_tta_section][vc_tta_section title=&#8221;Julia C300&#8243; tab_id=&#8221;1581772566395-6667af48-a8ef&#8221;][vc_media_grid style=&#8221;lazy&#8221; items_per_page=&#8221;24&#8243; element_width=&#8221;2&#8243; gap=&#8221;10&#8243; item=&#8221;mediaGrid_BorderedScaleWithTitle&#8221; grid_id=&#8221;vc_gid:1581847137370-44475784-4d98-0&#8243; include=&#8221;11795,11790,11785&#8243;][\/vc_tta_section][vc_tta_section title=&#8221;Tiffany C400&#8243; tab_id=&#8221;1581772700129-fdec5bf7-df3c&#8221;][vc_media_grid style=&#8221;lazy&#8221; items_per_page=&#8221;24&#8243; element_width=&#8221;2&#8243; gap=&#8221;10&#8243; item=&#8221;mediaGrid_BorderedScaleWithTitle&#8221; grid_id=&#8221;vc_gid:1581847137374-e07d33e9-73de-2&#8243; include=&#8221;11673,11678,11683,11689,11694,11699,11704,11709,11714,11719,11724,11729,11734,11744,11755,11760,11765,11770,11775,11780&#8243;][\/vc_tta_section][vc_tta_section title=&#8221;Modern T400&#8243; tab_id=&#8221;1581773352182-e0d0d61e-f3e9&#8243;][vc_media_grid style=&#8221;lazy&#8221; items_per_page=&#8221;24&#8243; element_width=&#8221;2&#8243; gap=&#8221;10&#8243; item=&#8221;mediaGrid_BorderedScaleWithTitle&#8221; grid_id=&#8221;vc_gid:1581847137398-76c298bd-8892-6&#8243; include=&#8221;11668,11663,11658,11653,11648&#8243;][\/vc_tta_section][vc_tta_section title=&#8221;Screen Metallic SM10&#8243; tab_id=&#8221;1581773449291-ee864d69-1a19&#8243;][vc_media_grid style=&#8221;lazy&#8221; items_per_page=&#8221;24&#8243; element_width=&#8221;2&#8243; gap=&#8221;10&#8243; item=&#8221;mediaGrid_BorderedScaleWithTitle&#8221; grid_id=&#8221;vc_gid:1581847137401-6ff59174-1d91-1&#8243; include=&#8221;11643,11638,11633,11628,11623&#8243;][\/vc_tta_section][vc_tta_section title=&#8221;Charlotte 500&#8243; tab_id=&#8221;1581773579742-3a833351-7558&#8243;][vc_media_grid style=&#8221;lazy&#8221; items_per_page=&#8221;24&#8243; element_width=&#8221;2&#8243; gap=&#8221;10&#8243; item=&#8221;mediaGrid_BorderedScaleWithTitle&#8221; grid_id=&#8221;vc_gid:1581847137407-b6d5a614-9d10-0&#8243; include=&#8221;11618,11613,11608,11603,11598,11593,11588,11583,11578,11573,11568,11563&#8243;][\/vc_tta_section][vc_tta_section title=&#8221;Paradise MP600&#8243; tab_id=&#8221;1581773864178-3f0f97f6-43fd&#8221;][vc_media_grid style=&#8221;lazy&#8221; items_per_page=&#8221;24&#8243; element_width=&#8221;2&#8243; gap=&#8221;10&#8243; item=&#8221;mediaGrid_BorderedScaleWithTitle&#8221; grid_id=&#8221;vc_gid:1581847137427-daacfe83-1af0-1&#8243; include=&#8221;11558,11553,11548,11543,11538,11533,11528,11523,11518,11513,11508,11503&#8243;][\/vc_tta_section][\/vc_tta_tour]<\/div><\/div><\/div><\/div>\n","protected":false},"excerpt":{"rendered":"[vc_tta_tour controls_size=\"sm\" active_section=\"1\"][vc_tta_section title=\"Camila A600\" tab_id=\"1581768204287-631d7f0e-0c8e\"][vc_media_grid element_width=\"2\" gap=\"10\" item=\"mediaGrid_BorderedScaleWithTitle\" grid_id=\"vc_gid:1581847137206-6a2c472a-5021-10\" include=\"13039,13033,13016,13001,12986,12965,12950,12949,12929,12916,12899,12887,12870,12855,12840,12827,12812,12798,12782,12766,12750,12735,12720,12703,12692,12678,12669,12659,12649,12639,12625,12624,12612,12602,12597,12587,12577,12567,12556,12544,12536,12528,12515,12514\"][\/vc_tta_section][vc_tta_section title=\"Izyda A800\" tab_id=\"1581769744190-6cee9982-0321\"][vc_media_grid element_width=\"2\" gap=\"10\" item=\"mediaGrid_BorderedScaleWithTitle\" grid_id=\"vc_gid:1581847137254-57b838b0-3b1d-10\" include=\"12503,12491,12481,12471,12462,12453,12441,12431,12420,12409,12401,12393,12382,12371,12369,12357,12347,12335,12334,12324,12314,12305,12294,12283,12274,12263,12255,12247,12234,12233,12223,12209\"][\/vc_tta_section][vc_tta_section title=\"Luminis A900\" tab_id=\"1581770113999-0b34c089-f84e\"][vc_media_grid element_width=\"2\" gap=\"10\" item=\"mediaGrid_BorderedScaleWithTitle\" grid_id=\"vc_gid:1581847137289-d959beda-924c-5\" include=\"12199,12188,12179,12169,12159,12151,12143,12138,12133,12128,12123,12118,12113,12107,12102,12097,12092,12087,12082,12077,12072,12066,12061,12056,12051,12046,12041,12036,12031,12026,12021,12016,12011,12006,12001,11996,11991,11986,11981,11976\"][\/vc_tta_section][vc_tta_section title=\"Julia C100\" tab_id=\"1581771330514-288b336f-7f82\"][vc_media_grid element_width=\"2\" gap=\"10\" item=\"mediaGrid_BorderedScaleWithTitle\" grid_id=\"vc_gid:1581847137334-87896fe6-cf7b-8\" include=\"11926,11931,11936,11941,11946,11951,11956,11961,11966,11971,11921,11916,11911,11906,11901,11896,11891,11886,11881\"][\/vc_tta_section][vc_tta_section title=\"Charlotte C200\" tab_id=\"1581771982197-c5cb8ec0-b07e\"][vc_media_grid style=\"lazy\" items_per_page=\"24\" element_width=\"2\" gap=\"10\" item=\"mediaGrid_BorderedScaleWithTitle\" grid_id=\"vc_gid:1581847137354-d3941c78-673b-1\" include=\"11876,11871,11866,11861,11856,11851,11846,11841,11836,11831,11826,11821,11816,11811,11806,11801\"][\/vc_tta_section][vc_tta_section title=\"Julia C300\" tab_id=\"1581772566395-6667af48-a8ef\"][vc_media_grid style=\"lazy\" items_per_page=\"24\" element_width=\"2\" gap=\"10\" item=\"mediaGrid_BorderedScaleWithTitle\" grid_id=\"vc_gid:1581847137370-44475784-4d98-0\" include=\"11795,11790,11785\"][\/vc_tta_section][vc_tta_section [...]","protected":false},"author":1,"featured_media":0,"parent":0,"menu_order":0,"comment_status":"closed","ping_status":"closed","template":"page-pagebuilder-title.php","meta":{"inline_featured_image":false,"footnotes":""},"class_list":["post-10461","page","type-page","status-publish"],"yoast_head":"<!-- This site is optimized with the Yoast SEO plugin v18.4.1 - https:\/\/yoast.com\/wordpress\/plugins\/seo\/ -->\n<title>Sigma Systemy Os\u0142onowe &#8211; Producent system\u00f3w przeciws\u0142onecznych &#8211; Producent rolet zewn\u0119trznych, Producent screen\u00f3w &#8211; Screeny, Producent markiz, Produkcja Pergol, Producent plis, Producent rolet wewn\u0119trznych, Producent bram rolowanych | Sanok, Krosno, Rzesz\u00f3w, Podkarpacie<\/title>\n<meta name=\"robots\" content=\"index, follow, max-snippet:-1, max-image-preview:large, max-video-preview:-1\" \/>\n<link rel=\"canonical\" href=\"https:\/\/sigma.sanok.pl\/en\/kolekcja-tkanin-roletowych-tkaniny-jednobarwne\/\" \/>\n<meta property=\"og:locale\" content=\"en_US\" \/>\n<meta property=\"og:type\" content=\"article\" \/>\n<meta property=\"og:url\" content=\"https:\/\/sigma.sanok.pl\/en\/kolekcja-tkanin-roletowych-tkaniny-jednobarwne\/\" \/>\n<meta property=\"og:site_name\" content=\"Sigma Systemy Os\u0142onowe - Producent system\u00f3w przeciws\u0142onecznych - Producent rolet zewn\u0119trznych, Producent screen\u00f3w - Screeny, Producent markiz, Produkcja Pergol, Producent plis, Producent rolet wewn\u0119trznych, Producent bram rolowanych | Sanok, Krosno, Rzesz\u00f3w, Podkarpacie\" \/>\n<meta property=\"article:modified_time\" content=\"2022-01-17T17:39:09+00:00\" \/>\n<meta name=\"twitter:card\" content=\"summary_large_image\" \/>\n<meta name=\"twitter:label1\" content=\"Est. reading time\" \/>\n\t<meta name=\"twitter:data1\" content=\"2 minutes\" \/>\n<script type=\"application\/ld+json\" class=\"yoast-schema-graph\">{\"@context\":\"https:\/\/schema.org\",\"@graph\":[{\"@type\":\"Organization\",\"@id\":\"https:\/\/sigma.sanok.pl\/en\/#organization\",\"name\":\"Sigma Systemy Os\u0142onowe\",\"url\":\"https:\/\/sigma.sanok.pl\/en\/\",\"sameAs\":[],\"logo\":{\"@type\":\"ImageObject\",\"@id\":\"https:\/\/sigma.sanok.pl\/en\/#logo\",\"inLanguage\":\"en-US\",\"url\":\"https:\/\/sigma.sanok.pl\/wp-content\/uploads\/2019\/12\/logo_sigma-loader.png\",\"contentUrl\":\"https:\/\/sigma.sanok.pl\/wp-content\/uploads\/2019\/12\/logo_sigma-loader.png\",\"width\":120,\"height\":120,\"caption\":\"Sigma Systemy Os\u0142onowe\"},\"image\":{\"@id\":\"https:\/\/sigma.sanok.pl\/en\/#logo\"}},{\"@type\":\"WebSite\",\"@id\":\"https:\/\/sigma.sanok.pl\/en\/#website\",\"url\":\"https:\/\/sigma.sanok.pl\/en\/\",\"name\":\"Sigma Systemy Os\u0142onowe - Producent system\u00f3w przeciws\u0142onecznych - rolet zewn\u0119trznych, screen\u00f3w, markiz, plis, rolet wewn\u0119trznych oraz bram rolowanych\",\"description\":\"Producent Markizy, Pergole - Producent,  \u017baluzje fasadowe, Producent Rolety zewn\u0119trzne, Rolety wewn\u0119trzne - Producent, Producent Screeny, Plisy - Producent, Bramy gara\u017cowe, Bramy przemys\u0142owe, Bramy rolowane,Nap\u0119dy, Automatyka | Podkarpacie, Rzesz\u00f3w , Sanok,  Krosno, Lesko, Brzoz\u00f3w, Ustrzyki\",\"publisher\":{\"@id\":\"https:\/\/sigma.sanok.pl\/en\/#organization\"},\"potentialAction\":[{\"@type\":\"SearchAction\",\"target\":{\"@type\":\"EntryPoint\",\"urlTemplate\":\"https:\/\/sigma.sanok.pl\/en\/?s={search_term_string}\"},\"query-input\":\"required name=search_term_string\"}],\"inLanguage\":\"en-US\"},{\"@type\":\"WebPage\",\"@id\":\"https:\/\/sigma.sanok.pl\/en\/kolekcja-tkanin-roletowych-tkaniny-jednobarwne\/#webpage\",\"url\":\"https:\/\/sigma.sanok.pl\/en\/kolekcja-tkanin-roletowych-tkaniny-jednobarwne\/\",\"name\":\"Collection of roller blind fabrics - single-color fabrics - Sigma Systemy Os\u0142onowe - Producent system\u00f3w przeciws\u0142onecznych - Producent rolet zewn\u0119trznych, Producent screen\u00f3w - Screeny, Producent markiz, Produkcja Pergol, Producent plis, Producent rolet wewn\u0119trznych, Producent bram rolowanych | Sanok, Krosno, Rzesz\u00f3w, Podkarpacie\",\"isPartOf\":{\"@id\":\"https:\/\/sigma.sanok.pl\/en\/#website\"},\"datePublished\":\"2020-02-16T08:53:49+00:00\",\"dateModified\":\"2022-01-17T17:39:09+00:00\",\"breadcrumb\":{\"@id\":\"https:\/\/sigma.sanok.pl\/en\/kolekcja-tkanin-roletowych-tkaniny-jednobarwne\/#breadcrumb\"},\"inLanguage\":\"en-US\",\"potentialAction\":[{\"@type\":\"ReadAction\",\"target\":[\"https:\/\/sigma.sanok.pl\/en\/kolekcja-tkanin-roletowych-tkaniny-jednobarwne\/\"]}]},{\"@type\":\"BreadcrumbList\",\"@id\":\"https:\/\/sigma.sanok.pl\/en\/kolekcja-tkanin-roletowych-tkaniny-jednobarwne\/#breadcrumb\",\"itemListElement\":[{\"@type\":\"ListItem\",\"position\":1,\"name\":\"Strona g\u0142\u00f3wna\",\"item\":\"https:\/\/sigma.sanok.pl\/en\/\"},{\"@type\":\"ListItem\",\"position\":2,\"name\":\"Collection of roller blind fabrics &#8211; single-color fabrics\"}]}]}<\/script>\n<!-- \/ Yoast SEO plugin. -->","yoast_head_json":{"title":"Sigma Systemy Os\u0142onowe &#8211; Producent system\u00f3w przeciws\u0142onecznych &#8211; Producent rolet zewn\u0119trznych, Producent screen\u00f3w &#8211; Screeny, Producent markiz, Produkcja Pergol, Producent plis, Producent rolet wewn\u0119trznych, Producent bram rolowanych | Sanok, Krosno, Rzesz\u00f3w, Podkarpacie","robots":{"index":"index","follow":"follow","max-snippet":"max-snippet:-1","max-image-preview":"max-image-preview:large","max-video-preview":"max-video-preview:-1"},"canonical":"https:\/\/sigma.sanok.pl\/en\/kolekcja-tkanin-roletowych-tkaniny-jednobarwne\/","og_locale":"en_US","og_type":"article","og_url":"https:\/\/sigma.sanok.pl\/en\/kolekcja-tkanin-roletowych-tkaniny-jednobarwne\/","og_site_name":"Sigma Systemy Os\u0142onowe - Producent system\u00f3w przeciws\u0142onecznych - Producent rolet zewn\u0119trznych, Producent screen\u00f3w - Screeny, Producent markiz, Produkcja Pergol, Producent plis, Producent rolet wewn\u0119trznych, Producent bram rolowanych | Sanok, Krosno, Rzesz\u00f3w, Podkarpacie","article_modified_time":"2022-01-17T17:39:09+00:00","twitter_card":"summary_large_image","twitter_misc":{"Est. reading time":"2 minutes"},"schema":{"@context":"https:\/\/schema.org","@graph":[{"@type":"Organization","@id":"https:\/\/sigma.sanok.pl\/en\/#organization","name":"Sigma Systemy Os\u0142onowe","url":"https:\/\/sigma.sanok.pl\/en\/","sameAs":[],"logo":{"@type":"ImageObject","@id":"https:\/\/sigma.sanok.pl\/en\/#logo","inLanguage":"en-US","url":"https:\/\/sigma.sanok.pl\/wp-content\/uploads\/2019\/12\/logo_sigma-loader.png","contentUrl":"https:\/\/sigma.sanok.pl\/wp-content\/uploads\/2019\/12\/logo_sigma-loader.png","width":120,"height":120,"caption":"Sigma Systemy Os\u0142onowe"},"image":{"@id":"https:\/\/sigma.sanok.pl\/en\/#logo"}},{"@type":"WebSite","@id":"https:\/\/sigma.sanok.pl\/en\/#website","url":"https:\/\/sigma.sanok.pl\/en\/","name":"Sigma Systemy Os\u0142onowe - Producent system\u00f3w przeciws\u0142onecznych - rolet zewn\u0119trznych, screen\u00f3w, markiz, plis, rolet wewn\u0119trznych oraz bram rolowanych","description":"Producent Markizy, Pergole - Producent,  \u017baluzje fasadowe, Producent Rolety zewn\u0119trzne, Rolety wewn\u0119trzne - Producent, Producent Screeny, Plisy - Producent, Bramy gara\u017cowe, Bramy przemys\u0142owe, Bramy rolowane,Nap\u0119dy, Automatyka | Podkarpacie, Rzesz\u00f3w , Sanok,  Krosno, Lesko, Brzoz\u00f3w, Ustrzyki","publisher":{"@id":"https:\/\/sigma.sanok.pl\/en\/#organization"},"potentialAction":[{"@type":"SearchAction","target":{"@type":"EntryPoint","urlTemplate":"https:\/\/sigma.sanok.pl\/en\/?s={search_term_string}"},"query-input":"required name=search_term_string"}],"inLanguage":"en-US"},{"@type":"WebPage","@id":"https:\/\/sigma.sanok.pl\/en\/kolekcja-tkanin-roletowych-tkaniny-jednobarwne\/#webpage","url":"https:\/\/sigma.sanok.pl\/en\/kolekcja-tkanin-roletowych-tkaniny-jednobarwne\/","name":"Collection of roller blind fabrics - single-color fabrics - Sigma Systemy Os\u0142onowe - Producent system\u00f3w przeciws\u0142onecznych - Producent rolet zewn\u0119trznych, Producent screen\u00f3w - Screeny, Producent markiz, Produkcja Pergol, Producent plis, Producent rolet wewn\u0119trznych, Producent bram rolowanych | Sanok, Krosno, Rzesz\u00f3w, Podkarpacie","isPartOf":{"@id":"https:\/\/sigma.sanok.pl\/en\/#website"},"datePublished":"2020-02-16T08:53:49+00:00","dateModified":"2022-01-17T17:39:09+00:00","breadcrumb":{"@id":"https:\/\/sigma.sanok.pl\/en\/kolekcja-tkanin-roletowych-tkaniny-jednobarwne\/#breadcrumb"},"inLanguage":"en-US","potentialAction":[{"@type":"ReadAction","target":["https:\/\/sigma.sanok.pl\/en\/kolekcja-tkanin-roletowych-tkaniny-jednobarwne\/"]}]},{"@type":"BreadcrumbList","@id":"https:\/\/sigma.sanok.pl\/en\/kolekcja-tkanin-roletowych-tkaniny-jednobarwne\/#breadcrumb","itemListElement":[{"@type":"ListItem","position":1,"name":"Strona g\u0142\u00f3wna","item":"https:\/\/sigma.sanok.pl\/en\/"},{"@type":"ListItem","position":2,"name":"Collection of roller blind fabrics &#8211; single-color fabrics"}]}]}},"_links":{"self":[{"href":"https:\/\/sigma.sanok.pl\/en\/wp-json\/wp\/v2\/pages\/10461","targetHints":{"allow":["GET"]}}],"collection":[{"href":"https:\/\/sigma.sanok.pl\/en\/wp-json\/wp\/v2\/pages"}],"about":[{"href":"https:\/\/sigma.sanok.pl\/en\/wp-json\/wp\/v2\/types\/page"}],"author":[{"embeddable":true,"href":"https:\/\/sigma.sanok.pl\/en\/wp-json\/wp\/v2\/users\/1"}],"replies":[{"embeddable":true,"href":"https:\/\/sigma.sanok.pl\/en\/wp-json\/wp\/v2\/comments?post=10461"}],"version-history":[{"count":1,"href":"https:\/\/sigma.sanok.pl\/en\/wp-json\/wp\/v2\/pages\/10461\/revisions"}],"predecessor-version":[{"id":25682,"href":"https:\/\/sigma.sanok.pl\/en\/wp-json\/wp\/v2\/pages\/10461\/revisions\/25682"}],"wp:attachment":[{"href":"https:\/\/sigma.sanok.pl\/en\/wp-json\/wp\/v2\/media?parent=10461"}],"curies":[{"name":"wp","href":"https:\/\/api.w.org\/{rel}","templated":true}]}}