{"id":10457,"date":"2020-02-16T09:54:47","date_gmt":"2020-02-16T08:54:47","guid":{"rendered":"https:\/\/sigma.sanok.pl\/kolekcja-tkanin-roletowych-druki\/"},"modified":"2022-01-17T18:39:06","modified_gmt":"2022-01-17T17:39:06","slug":"kolekcja-tkanin-roletowych-druki","status":"publish","type":"page","link":"https:\/\/sigma.sanok.pl\/en\/kolekcja-tkanin-roletowych-druki\/","title":{"rendered":"Collection of roller blind fabrics &#8211; PRINTS"},"content":{"rendered":"<div id=\"tdi_1\" class=\"tdc-row\"><div class=\"vc_row tdi_2  wpb_row td-pb-row\" >\n<style scoped>\n\/* custom css - generated by TagDiv Composer *\/\n\n\/* custom css - generated by TagDiv Composer *\/\n\/* custom css - generated by TagDiv Composer *\/\n.tdi_2,\r\n                .tdi_2 .tdc-columns{\r\n                    min-height: 0;\r\n                }.tdi_2,\r\n\t\t\t\t.tdi_2 .tdc-columns{\r\n\t\t\t\t    display: block;\r\n\t\t\t\t}.tdi_2 .tdc-columns{\r\n\t\t\t\t    width: 100%;\r\n\t\t\t\t}\n<\/style><div class=\"vc_column tdi_4  wpb_column vc_column_container tdc-column td-pb-span12\">\n<style scoped>\n\/* custom css - generated by TagDiv Composer *\/\n\n\/* custom css - generated by TagDiv Composer *\/\n\/* custom css - generated by TagDiv Composer *\/\n.tdi_4{\r\n                    vertical-align: baseline;\r\n                }.tdi_4 > .wpb_wrapper,\r\n\t\t\t\t.tdi_4 > .wpb_wrapper > .tdc-elements{\r\n\t\t\t\t    display: block;\r\n\t\t\t\t}.tdi_4 > .wpb_wrapper > .tdc-elements{\r\n\t\t\t\t    width: 100%;\r\n\t\t\t\t}.tdi_4 > .wpb_wrapper > .vc_row_inner{\r\n\t\t\t\t    width: auto;\r\n\t\t\t\t}.tdi_4 > .wpb_wrapper{\r\n\t\t\t\t    width: auto;\r\n\t\t\t\t    height: auto;\r\n\t\t\t\t}\n<\/style><div class=\"wpb_wrapper\" >[vc_tta_tour controls_size=&#8221;sm&#8221; active_section=&#8221;1&#8243;][vc_tta_section title=&#8221;Grupa B300&#8243; tab_id=&#8221;1581774130419-8da09b0b-c023&#8243;][vc_media_grid style=&#8221;lazy&#8221; items_per_page=&#8221;24&#8243; element_width=&#8221;2&#8243; gap=&#8221;10&#8243; item=&#8221;mediaGrid_BorderedScaleWithTitle&#8221; grid_id=&#8221;vc_gid:1581847137909-8f11029d-c68e-10&#8243; include=&#8221;11428,11433,11443,11453,11463,11473,11483,11493&#8243;][\/vc_tta_section][vc_tta_section title=&#8221;Grupa B400&#8243; tab_id=&#8221;1581774492333-43cbac2e-3daa&#8221;][vc_media_grid style=&#8221;lazy&#8221; items_per_page=&#8221;24&#8243; element_width=&#8221;2&#8243; gap=&#8221;10&#8243; item=&#8221;mediaGrid_BorderedScaleWithTitle&#8221; grid_id=&#8221;vc_gid:1581847137924-d355b19f-5ed9-3&#8243; include=&#8221;11423,11418,11413&#8243;][\/vc_tta_section][vc_tta_section title=&#8221;Grupa B700&#8243; tab_id=&#8221;1581774609185-c0390c72-5ed4&#8243;][vc_media_grid style=&#8221;lazy&#8221; items_per_page=&#8221;24&#8243; element_width=&#8221;2&#8243; gap=&#8221;10&#8243; item=&#8221;mediaGrid_BorderedScaleWithTitle&#8221; grid_id=&#8221;vc_gid:1581847137930-ef75609a-b658-3&#8243; include=&#8221;11408,11403,11398,11393,11388,11383,11378,11373,11368,11363,11358,11353,11348,11343,11338,11333&#8243;][\/vc_tta_section][vc_tta_section title=&#8221;Grupa B800&#8243; tab_id=&#8221;1581774859398-843b6793-b6c1&#8243;][vc_media_grid style=&#8221;lazy&#8221; items_per_page=&#8221;24&#8243; element_width=&#8221;2&#8243; gap=&#8221;10&#8243; item=&#8221;mediaGrid_BorderedScaleWithTitle&#8221; grid_id=&#8221;vc_gid:1581847137945-cc1faa78-7334-2&#8243; include=&#8221;11328,11323,11318&#8243;][\/vc_tta_section][vc_tta_section title=&#8221;Grupa B900&#8243; tab_id=&#8221;1581775069917-636ee356-fa40&#8243;][vc_media_grid style=&#8221;lazy&#8221; items_per_page=&#8221;24&#8243; element_width=&#8221;2&#8243; gap=&#8221;10&#8243; item=&#8221;mediaGrid_BorderedScaleWithTitle&#8221; grid_id=&#8221;vc_gid:1581847137949-9fcb3adc-f92a-6&#8243; include=&#8221;11308,11303,11298,11293,11288,11283,11278,11273,11268,11263,11258,11253,11248,11243,11238,11233,11228,11223,11218,11213,11208,11203,11198,11193,11188,11183,11178,11173,11168,11163&#8243;][\/vc_tta_section][vc_tta_section title=&#8221;Grupa B1000&#8243; tab_id=&#8221;1581775765748-85db194a-1448&#8243;][vc_media_grid style=&#8221;lazy&#8221; items_per_page=&#8221;24&#8243; element_width=&#8221;2&#8243; gap=&#8221;10&#8243; item=&#8221;mediaGrid_BorderedScaleWithTitle&#8221; grid_id=&#8221;vc_gid:1581847137975-8a017064-5742-3&#8243; include=&#8221;11158,11153,11148,11143,11138,11133,11128,11123,11118&#8243;][\/vc_tta_section][\/vc_tta_tour]<\/div><\/div><\/div><\/div>\n","protected":false},"excerpt":{"rendered":"[vc_tta_tour controls_size=\"sm\" active_section=\"1\"][vc_tta_section title=\"Grupa B300\" tab_id=\"1581774130419-8da09b0b-c023\"][vc_media_grid style=\"lazy\" items_per_page=\"24\" element_width=\"2\" gap=\"10\" item=\"mediaGrid_BorderedScaleWithTitle\" grid_id=\"vc_gid:1581847137909-8f11029d-c68e-10\" include=\"11428,11433,11443,11453,11463,11473,11483,11493\"][\/vc_tta_section][vc_tta_section title=\"Grupa B400\" tab_id=\"1581774492333-43cbac2e-3daa\"][vc_media_grid style=\"lazy\" items_per_page=\"24\" element_width=\"2\" gap=\"10\" item=\"mediaGrid_BorderedScaleWithTitle\" grid_id=\"vc_gid:1581847137924-d355b19f-5ed9-3\" include=\"11423,11418,11413\"][\/vc_tta_section][vc_tta_section title=\"Grupa B700\" tab_id=\"1581774609185-c0390c72-5ed4\"][vc_media_grid style=\"lazy\" items_per_page=\"24\" element_width=\"2\" gap=\"10\" item=\"mediaGrid_BorderedScaleWithTitle\" grid_id=\"vc_gid:1581847137930-ef75609a-b658-3\" include=\"11408,11403,11398,11393,11388,11383,11378,11373,11368,11363,11358,11353,11348,11343,11338,11333\"][\/vc_tta_section][vc_tta_section title=\"Grupa B800\" tab_id=\"1581774859398-843b6793-b6c1\"][vc_media_grid style=\"lazy\" items_per_page=\"24\" element_width=\"2\" gap=\"10\" item=\"mediaGrid_BorderedScaleWithTitle\" grid_id=\"vc_gid:1581847137945-cc1faa78-7334-2\" include=\"11328,11323,11318\"][\/vc_tta_section][vc_tta_section title=\"Grupa B900\" tab_id=\"1581775069917-636ee356-fa40\"][vc_media_grid style=\"lazy\" items_per_page=\"24\" element_width=\"2\" gap=\"10\" item=\"mediaGrid_BorderedScaleWithTitle\" grid_id=\"vc_gid:1581847137949-9fcb3adc-f92a-6\" include=\"11308,11303,11298,11293,11288,11283,11278,11273,11268,11263,11258,11253,11248,11243,11238,11233,11228,11223,11218,11213,11208,11203,11198,11193,11188,11183,11178,11173,11168,11163\"][\/vc_tta_section][vc_tta_section title=\"Grupa B1000\" [...]","protected":false},"author":1,"featured_media":0,"parent":0,"menu_order":0,"comment_status":"closed","ping_status":"closed","template":"page-pagebuilder-title.php","meta":{"inline_featured_image":false,"footnotes":""},"class_list":["post-10457","page","type-page","status-publish"],"yoast_head":"<!-- This site is optimized with the Yoast SEO plugin v18.4.1 - https:\/\/yoast.com\/wordpress\/plugins\/seo\/ -->\n<title>Sigma Systemy Os\u0142onowe &#8211; Producent system\u00f3w przeciws\u0142onecznych &#8211; Producent rolet zewn\u0119trznych, Producent screen\u00f3w &#8211; Screeny, Producent markiz, Produkcja Pergol, Producent plis, Producent rolet wewn\u0119trznych, Producent bram rolowanych | Sanok, Krosno, Rzesz\u00f3w, Podkarpacie<\/title>\n<meta name=\"robots\" content=\"index, follow, max-snippet:-1, max-image-preview:large, max-video-preview:-1\" \/>\n<link rel=\"canonical\" href=\"https:\/\/sigma.sanok.pl\/en\/kolekcja-tkanin-roletowych-druki\/\" \/>\n<meta property=\"og:locale\" content=\"en_US\" \/>\n<meta property=\"og:type\" content=\"article\" \/>\n<meta property=\"og:url\" content=\"https:\/\/sigma.sanok.pl\/en\/kolekcja-tkanin-roletowych-druki\/\" \/>\n<meta property=\"og:site_name\" content=\"Sigma Systemy Os\u0142onowe - Producent system\u00f3w przeciws\u0142onecznych - Producent rolet zewn\u0119trznych, Producent screen\u00f3w - Screeny, Producent markiz, Produkcja Pergol, Producent plis, Producent rolet wewn\u0119trznych, Producent bram rolowanych | Sanok, Krosno, Rzesz\u00f3w, Podkarpacie\" \/>\n<meta property=\"article:modified_time\" content=\"2022-01-17T17:39:06+00:00\" \/>\n<meta name=\"twitter:card\" content=\"summary_large_image\" \/>\n<meta name=\"twitter:label1\" content=\"Est. reading time\" \/>\n\t<meta name=\"twitter:data1\" content=\"1 minute\" \/>\n<script type=\"application\/ld+json\" class=\"yoast-schema-graph\">{\"@context\":\"https:\/\/schema.org\",\"@graph\":[{\"@type\":\"Organization\",\"@id\":\"https:\/\/sigma.sanok.pl\/en\/#organization\",\"name\":\"Sigma Systemy Os\u0142onowe\",\"url\":\"https:\/\/sigma.sanok.pl\/en\/\",\"sameAs\":[],\"logo\":{\"@type\":\"ImageObject\",\"@id\":\"https:\/\/sigma.sanok.pl\/en\/#logo\",\"inLanguage\":\"en-US\",\"url\":\"https:\/\/sigma.sanok.pl\/wp-content\/uploads\/2019\/12\/logo_sigma-loader.png\",\"contentUrl\":\"https:\/\/sigma.sanok.pl\/wp-content\/uploads\/2019\/12\/logo_sigma-loader.png\",\"width\":120,\"height\":120,\"caption\":\"Sigma Systemy Os\u0142onowe\"},\"image\":{\"@id\":\"https:\/\/sigma.sanok.pl\/en\/#logo\"}},{\"@type\":\"WebSite\",\"@id\":\"https:\/\/sigma.sanok.pl\/en\/#website\",\"url\":\"https:\/\/sigma.sanok.pl\/en\/\",\"name\":\"Sigma Systemy Os\u0142onowe - Producent system\u00f3w przeciws\u0142onecznych - rolet zewn\u0119trznych, screen\u00f3w, markiz, plis, rolet wewn\u0119trznych oraz bram rolowanych\",\"description\":\"Producent Markizy, Pergole - Producent,  \u017baluzje fasadowe, Producent Rolety zewn\u0119trzne, Rolety wewn\u0119trzne - Producent, Producent Screeny, Plisy - Producent, Bramy gara\u017cowe, Bramy przemys\u0142owe, Bramy rolowane,Nap\u0119dy, Automatyka | Podkarpacie, Rzesz\u00f3w , Sanok,  Krosno, Lesko, Brzoz\u00f3w, Ustrzyki\",\"publisher\":{\"@id\":\"https:\/\/sigma.sanok.pl\/en\/#organization\"},\"potentialAction\":[{\"@type\":\"SearchAction\",\"target\":{\"@type\":\"EntryPoint\",\"urlTemplate\":\"https:\/\/sigma.sanok.pl\/en\/?s={search_term_string}\"},\"query-input\":\"required name=search_term_string\"}],\"inLanguage\":\"en-US\"},{\"@type\":\"WebPage\",\"@id\":\"https:\/\/sigma.sanok.pl\/en\/kolekcja-tkanin-roletowych-druki\/#webpage\",\"url\":\"https:\/\/sigma.sanok.pl\/en\/kolekcja-tkanin-roletowych-druki\/\",\"name\":\"Collection of roller blind fabrics - PRINTS - Sigma Systemy Os\u0142onowe - Producent system\u00f3w przeciws\u0142onecznych - Producent rolet zewn\u0119trznych, Producent screen\u00f3w - Screeny, Producent markiz, Produkcja Pergol, Producent plis, Producent rolet wewn\u0119trznych, Producent bram rolowanych | Sanok, Krosno, Rzesz\u00f3w, Podkarpacie\",\"isPartOf\":{\"@id\":\"https:\/\/sigma.sanok.pl\/en\/#website\"},\"datePublished\":\"2020-02-16T08:54:47+00:00\",\"dateModified\":\"2022-01-17T17:39:06+00:00\",\"breadcrumb\":{\"@id\":\"https:\/\/sigma.sanok.pl\/en\/kolekcja-tkanin-roletowych-druki\/#breadcrumb\"},\"inLanguage\":\"en-US\",\"potentialAction\":[{\"@type\":\"ReadAction\",\"target\":[\"https:\/\/sigma.sanok.pl\/en\/kolekcja-tkanin-roletowych-druki\/\"]}]},{\"@type\":\"BreadcrumbList\",\"@id\":\"https:\/\/sigma.sanok.pl\/en\/kolekcja-tkanin-roletowych-druki\/#breadcrumb\",\"itemListElement\":[{\"@type\":\"ListItem\",\"position\":1,\"name\":\"Strona g\u0142\u00f3wna\",\"item\":\"https:\/\/sigma.sanok.pl\/en\/\"},{\"@type\":\"ListItem\",\"position\":2,\"name\":\"Collection of roller blind fabrics &#8211; PRINTS\"}]}]}<\/script>\n<!-- \/ Yoast SEO plugin. -->","yoast_head_json":{"title":"Sigma Systemy Os\u0142onowe &#8211; Producent system\u00f3w przeciws\u0142onecznych &#8211; Producent rolet zewn\u0119trznych, Producent screen\u00f3w &#8211; Screeny, Producent markiz, Produkcja Pergol, Producent plis, Producent rolet wewn\u0119trznych, Producent bram rolowanych | Sanok, Krosno, Rzesz\u00f3w, Podkarpacie","robots":{"index":"index","follow":"follow","max-snippet":"max-snippet:-1","max-image-preview":"max-image-preview:large","max-video-preview":"max-video-preview:-1"},"canonical":"https:\/\/sigma.sanok.pl\/en\/kolekcja-tkanin-roletowych-druki\/","og_locale":"en_US","og_type":"article","og_url":"https:\/\/sigma.sanok.pl\/en\/kolekcja-tkanin-roletowych-druki\/","og_site_name":"Sigma Systemy Os\u0142onowe - Producent system\u00f3w przeciws\u0142onecznych - Producent rolet zewn\u0119trznych, Producent screen\u00f3w - Screeny, Producent markiz, Produkcja Pergol, Producent plis, Producent rolet wewn\u0119trznych, Producent bram rolowanych | Sanok, Krosno, Rzesz\u00f3w, Podkarpacie","article_modified_time":"2022-01-17T17:39:06+00:00","twitter_card":"summary_large_image","twitter_misc":{"Est. reading time":"1 minute"},"schema":{"@context":"https:\/\/schema.org","@graph":[{"@type":"Organization","@id":"https:\/\/sigma.sanok.pl\/en\/#organization","name":"Sigma Systemy Os\u0142onowe","url":"https:\/\/sigma.sanok.pl\/en\/","sameAs":[],"logo":{"@type":"ImageObject","@id":"https:\/\/sigma.sanok.pl\/en\/#logo","inLanguage":"en-US","url":"https:\/\/sigma.sanok.pl\/wp-content\/uploads\/2019\/12\/logo_sigma-loader.png","contentUrl":"https:\/\/sigma.sanok.pl\/wp-content\/uploads\/2019\/12\/logo_sigma-loader.png","width":120,"height":120,"caption":"Sigma Systemy Os\u0142onowe"},"image":{"@id":"https:\/\/sigma.sanok.pl\/en\/#logo"}},{"@type":"WebSite","@id":"https:\/\/sigma.sanok.pl\/en\/#website","url":"https:\/\/sigma.sanok.pl\/en\/","name":"Sigma Systemy Os\u0142onowe - Producent system\u00f3w przeciws\u0142onecznych - rolet zewn\u0119trznych, screen\u00f3w, markiz, plis, rolet wewn\u0119trznych oraz bram rolowanych","description":"Producent Markizy, Pergole - Producent,  \u017baluzje fasadowe, Producent Rolety zewn\u0119trzne, Rolety wewn\u0119trzne - Producent, Producent Screeny, Plisy - Producent, Bramy gara\u017cowe, Bramy przemys\u0142owe, Bramy rolowane,Nap\u0119dy, Automatyka | Podkarpacie, Rzesz\u00f3w , Sanok,  Krosno, Lesko, Brzoz\u00f3w, Ustrzyki","publisher":{"@id":"https:\/\/sigma.sanok.pl\/en\/#organization"},"potentialAction":[{"@type":"SearchAction","target":{"@type":"EntryPoint","urlTemplate":"https:\/\/sigma.sanok.pl\/en\/?s={search_term_string}"},"query-input":"required name=search_term_string"}],"inLanguage":"en-US"},{"@type":"WebPage","@id":"https:\/\/sigma.sanok.pl\/en\/kolekcja-tkanin-roletowych-druki\/#webpage","url":"https:\/\/sigma.sanok.pl\/en\/kolekcja-tkanin-roletowych-druki\/","name":"Collection of roller blind fabrics - PRINTS - Sigma Systemy Os\u0142onowe - Producent system\u00f3w przeciws\u0142onecznych - Producent rolet zewn\u0119trznych, Producent screen\u00f3w - Screeny, Producent markiz, Produkcja Pergol, Producent plis, Producent rolet wewn\u0119trznych, Producent bram rolowanych | Sanok, Krosno, Rzesz\u00f3w, Podkarpacie","isPartOf":{"@id":"https:\/\/sigma.sanok.pl\/en\/#website"},"datePublished":"2020-02-16T08:54:47+00:00","dateModified":"2022-01-17T17:39:06+00:00","breadcrumb":{"@id":"https:\/\/sigma.sanok.pl\/en\/kolekcja-tkanin-roletowych-druki\/#breadcrumb"},"inLanguage":"en-US","potentialAction":[{"@type":"ReadAction","target":["https:\/\/sigma.sanok.pl\/en\/kolekcja-tkanin-roletowych-druki\/"]}]},{"@type":"BreadcrumbList","@id":"https:\/\/sigma.sanok.pl\/en\/kolekcja-tkanin-roletowych-druki\/#breadcrumb","itemListElement":[{"@type":"ListItem","position":1,"name":"Strona g\u0142\u00f3wna","item":"https:\/\/sigma.sanok.pl\/en\/"},{"@type":"ListItem","position":2,"name":"Collection of roller blind fabrics &#8211; PRINTS"}]}]}},"_links":{"self":[{"href":"https:\/\/sigma.sanok.pl\/en\/wp-json\/wp\/v2\/pages\/10457","targetHints":{"allow":["GET"]}}],"collection":[{"href":"https:\/\/sigma.sanok.pl\/en\/wp-json\/wp\/v2\/pages"}],"about":[{"href":"https:\/\/sigma.sanok.pl\/en\/wp-json\/wp\/v2\/types\/page"}],"author":[{"embeddable":true,"href":"https:\/\/sigma.sanok.pl\/en\/wp-json\/wp\/v2\/users\/1"}],"replies":[{"embeddable":true,"href":"https:\/\/sigma.sanok.pl\/en\/wp-json\/wp\/v2\/comments?post=10457"}],"version-history":[{"count":3,"href":"https:\/\/sigma.sanok.pl\/en\/wp-json\/wp\/v2\/pages\/10457\/revisions"}],"predecessor-version":[{"id":25683,"href":"https:\/\/sigma.sanok.pl\/en\/wp-json\/wp\/v2\/pages\/10457\/revisions\/25683"}],"wp:attachment":[{"href":"https:\/\/sigma.sanok.pl\/en\/wp-json\/wp\/v2\/media?parent=10457"}],"curies":[{"name":"wp","href":"https:\/\/api.w.org\/{rel}","templated":true}]}}