{"id":10455,"date":"2020-02-16T09:56:28","date_gmt":"2020-02-16T08:56:28","guid":{"rendered":"https:\/\/sigma.sanok.pl\/kolekcja-tkanin-roletowych-tkaniny-dzien-noc\/"},"modified":"2022-01-17T18:39:07","modified_gmt":"2022-01-17T17:39:07","slug":"kolekcja-tkanin-roletowych-tkaniny-dzien-noc","status":"publish","type":"page","link":"https:\/\/sigma.sanok.pl\/en\/kolekcja-tkanin-roletowych-tkaniny-dzien-noc\/","title":{"rendered":"A collection of roller blind fabrics &#8211; Day-Night fabrics"},"content":{"rendered":"<div id=\"tdi_1\" class=\"tdc-row\"><div class=\"vc_row tdi_2  wpb_row td-pb-row\" >\n<style scoped>\n\/* custom css - generated by TagDiv Composer *\/\n\n\/* custom css - generated by TagDiv Composer *\/\n\/* custom css - generated by TagDiv Composer *\/\n.tdi_2,\r\n                .tdi_2 .tdc-columns{\r\n                    min-height: 0;\r\n                }.tdi_2,\r\n\t\t\t\t.tdi_2 .tdc-columns{\r\n\t\t\t\t    display: block;\r\n\t\t\t\t}.tdi_2 .tdc-columns{\r\n\t\t\t\t    width: 100%;\r\n\t\t\t\t}\n<\/style><div class=\"vc_column tdi_4  wpb_column vc_column_container tdc-column td-pb-span12\">\n<style scoped>\n\/* custom css - generated by TagDiv Composer *\/\n\n\/* custom css - generated by TagDiv Composer *\/\n\/* custom css - generated by TagDiv Composer *\/\n.tdi_4{\r\n                    vertical-align: baseline;\r\n                }.tdi_4 > .wpb_wrapper,\r\n\t\t\t\t.tdi_4 > .wpb_wrapper > .tdc-elements{\r\n\t\t\t\t    display: block;\r\n\t\t\t\t}.tdi_4 > .wpb_wrapper > .tdc-elements{\r\n\t\t\t\t    width: 100%;\r\n\t\t\t\t}.tdi_4 > .wpb_wrapper > .vc_row_inner{\r\n\t\t\t\t    width: auto;\r\n\t\t\t\t}.tdi_4 > .wpb_wrapper{\r\n\t\t\t\t    width: auto;\r\n\t\t\t\t    height: auto;\r\n\t\t\t\t}\n<\/style><div class=\"wpb_wrapper\" >[vc_tta_tour controls_size=&#8221;sm&#8221; active_section=&#8221;1&#8243;][vc_tta_section title=&#8221;Impress DN10&#8243; tab_id=&#8221;1581841448002-878ce234-d244&#8243;][vc_media_grid style=&#8221;lazy&#8221; items_per_page=&#8221;24&#8243; element_width=&#8221;2&#8243; gap=&#8221;10&#8243; item=&#8221;mediaGrid_BorderedScaleWithTitle&#8221; grid_id=&#8221;vc_gid:1581847133847-fd71024b-33c2-3&#8243; include=&#8221;11113,11108,11103,11098,11093,11088,11083,11078,11073,11068&#8243;][\/vc_tta_section][vc_tta_section title=&#8221;Impress DN100&#8243; tab_id=&#8221;1581839768842-940e17f3-01b4&#8243;][vc_media_grid style=&#8221;lazy&#8221; items_per_page=&#8221;24&#8243; element_width=&#8221;2&#8243; gap=&#8221;10&#8243; item=&#8221;mediaGrid_BorderedScaleWithTitle&#8221; grid_id=&#8221;vc_gid:1581847133861-7f32ee2c-f74b-1&#8243; include=&#8221;11063&#8243;][\/vc_tta_section][vc_tta_section title=&#8221;Secret DN200&#8243; tab_id=&#8221;1581839990788-b08ff027-cdb3&#8243;][vc_media_grid style=&#8221;lazy&#8221; items_per_page=&#8221;24&#8243; element_width=&#8221;2&#8243; gap=&#8221;10&#8243; item=&#8221;mediaGrid_BorderedScaleWithTitle&#8221; grid_id=&#8221;vc_gid:1581847133864-e4f62e2a-b0e2-10&#8243; include=&#8221;11058,11053,11048,11043,11038,11033,11028,11023,11018,11013,11008,11003,10998,10993,10988&#8243;][\/vc_tta_section][vc_tta_section title=&#8221;Secret 2.0 DN100&#8243; tab_id=&#8221;1581840299853-872a6781-406d&#8221;][vc_media_grid style=&#8221;lazy&#8221; items_per_page=&#8221;24&#8243; element_width=&#8221;2&#8243; gap=&#8221;10&#8243; item=&#8221;mediaGrid_BorderedScaleWithTitle&#8221; grid_id=&#8221;vc_gid:1581847133891-6692bfa2-3e74-7&#8243; include=&#8221;10983,10978,10973&#8243;][\/vc_tta_section][vc_tta_section title=&#8221;Secret 2.0 DN200&#8243; tab_id=&#8221;1581840482807-310ab21d-ba0e&#8221;][vc_media_grid style=&#8221;lazy&#8221; items_per_page=&#8221;24&#8243; element_width=&#8221;2&#8243; gap=&#8221;10&#8243; item=&#8221;mediaGrid_BorderedScaleWithTitle&#8221; grid_id=&#8221;vc_gid:1581847133897-3f9df053-ef28-5&#8243; include=&#8221;10968,10963,10958,10953,10948,10943,10938,10933,10928,10923,10918,10913,10908,10903&#8243;][\/vc_tta_section][vc_tta_section title=&#8221;Magic DN300&#8243; tab_id=&#8221;1581840948168-fbd6edbb-996c&#8221;][vc_media_grid style=&#8221;lazy&#8221; items_per_page=&#8221;24&#8243; element_width=&#8221;2&#8243; gap=&#8221;10&#8243; item=&#8221;mediaGrid_BorderedScaleWithTitle&#8221; grid_id=&#8221;vc_gid:1581847133914-8d942189-b221-0&#8243; include=&#8221;10898,10893,10888,10883,10878,10873,10868&#8243;][\/vc_tta_section][vc_tta_section title=&#8221;Imagine DN400&#8243; tab_id=&#8221;1581841302835-d8fbb8eb-866f&#8221;][vc_media_grid style=&#8221;lazy&#8221; items_per_page=&#8221;24&#8243; element_width=&#8221;2&#8243; gap=&#8221;10&#8243; item=&#8221;mediaGrid_BorderedScaleWithTitle&#8221; grid_id=&#8221;vc_gid:1581847133924-978c4ac5-17d1-6&#8243; include=&#8221;10863,10858,10853,10848,10843,10838,10833&#8243;][\/vc_tta_section][vc_tta_section title=&#8221;Elegance DN500&#8243; tab_id=&#8221;1581841468626-f842f2fe-2dd8&#8243;][vc_media_grid style=&#8221;lazy&#8221; items_per_page=&#8221;24&#8243; element_width=&#8221;2&#8243; gap=&#8221;10&#8243; item=&#8221;mediaGrid_BorderedScaleWithTitle&#8221; grid_id=&#8221;vc_gid:1581847133935-53e019ee-baf1-5&#8243; include=&#8221;10828,10823,10818,10813,10808,10803,10798,10793,10788,10783,10778,10773&#8243;][\/vc_tta_section][vc_tta_section title=&#8221;Beauty DN600&#8243; tab_id=&#8221;1581841682053-8d94f745-2968&#8243;][vc_media_grid style=&#8221;lazy&#8221; items_per_page=&#8221;24&#8243; element_width=&#8221;2&#8243; gap=&#8221;10&#8243; item=&#8221;mediaGrid_BorderedScaleWithTitle&#8221; grid_id=&#8221;vc_gid:1581847133953-6400c0ea-9111-5&#8243; include=&#8221;10768,10763,10758,10753,10748,10743,10738&#8243;][\/vc_tta_section][vc_tta_section title=&#8221;Paradise DNMP600&#8243; tab_id=&#8221;1581842779629-9c847846-4246&#8243;][vc_media_grid style=&#8221;lazy&#8221; items_per_page=&#8221;24&#8243; element_width=&#8221;2&#8243; gap=&#8221;10&#8243; item=&#8221;mediaGrid_BorderedScaleWithTitle&#8221; grid_id=&#8221;vc_gid:1581847133965-2c30cd1f-262e-8&#8243; include=&#8221;10508,10503,10498,10493,10488,10483,10478,10473,10468,10513&#8243;][\/vc_tta_section][vc_tta_section title=&#8221;Energy BlackOut DN700&#8243; tab_id=&#8221;1581841954259-2aadcb6a-f80e&#8221;][vc_media_grid style=&#8221;lazy&#8221; items_per_page=&#8221;24&#8243; element_width=&#8221;2&#8243; gap=&#8221;10&#8243; item=&#8221;mediaGrid_BorderedScaleWithTitle&#8221; grid_id=&#8221;vc_gid:1581847133977-47a17f09-4404-1&#8243; include=&#8221;10703,10698,10693,10688,10683,10678&#8243;][\/vc_tta_section][vc_tta_section title=&#8221;Passion DN800&#8243; tab_id=&#8221;1581842117818-6cd0d504-6eb0&#8243;][vc_media_grid style=&#8221;lazy&#8221; items_per_page=&#8221;24&#8243; element_width=&#8221;2&#8243; gap=&#8221;10&#8243; item=&#8221;mediaGrid_BorderedScaleWithTitle&#8221; grid_id=&#8221;vc_gid:1581847133986-5f3bafd2-1e82-0&#8243; include=&#8221;10668,10663,10658,10653&#8243;][\/vc_tta_section][vc_tta_section title=&#8221;Passion DN900&#8243; tab_id=&#8221;1581842292202-1221ad87-e573&#8243;][vc_media_grid style=&#8221;lazy&#8221; items_per_page=&#8221;24&#8243; element_width=&#8221;2&#8243; gap=&#8221;10&#8243; item=&#8221;mediaGrid_BorderedScaleWithTitle&#8221; grid_id=&#8221;vc_gid:1581847133991-e7f7509e-09fe-5&#8243; include=&#8221;10648,10643,10638,10633&#8243;][\/vc_tta_section][vc_tta_section title=&#8221;Organza DN1000&#8243; tab_id=&#8221;1581842363127-f28f9cd4-ca34&#8243;][vc_media_grid style=&#8221;lazy&#8221; items_per_page=&#8221;24&#8243; element_width=&#8221;2&#8243; gap=&#8221;10&#8243; item=&#8221;mediaGrid_BorderedScaleWithTitle&#8221; grid_id=&#8221;vc_gid:1581847133998-95928152-a2ba-3&#8243; include=&#8221;10628,10623,10618,10613,10608,10603,10598,10593,10588,10583,10578,10573&#8243;][\/vc_tta_section][vc_tta_section title=&#8221;Harmony DN1000&#8243; tab_id=&#8221;1581842667308-39d400bd-57f2&#8243;][vc_media_grid style=&#8221;lazy&#8221; items_per_page=&#8221;24&#8243; element_width=&#8221;2&#8243; gap=&#8221;10&#8243; item=&#8221;mediaGrid_BorderedScaleWithTitle&#8221; grid_id=&#8221;vc_gid:1581847134012-6fda64cf-e9f4-6&#8243; include=&#8221;10568,10563,10558,10553,10548,10543,10538,10533,10528,10523,10518&#8243;][\/vc_tta_section][\/vc_tta_tour]<\/div><\/div><\/div><\/div>\n","protected":false},"excerpt":{"rendered":"[vc_tta_tour controls_size=\"sm\" active_section=\"1\"][vc_tta_section title=\"Impress DN10\" tab_id=\"1581841448002-878ce234-d244\"][vc_media_grid style=\"lazy\" items_per_page=\"24\" element_width=\"2\" gap=\"10\" item=\"mediaGrid_BorderedScaleWithTitle\" grid_id=\"vc_gid:1581847133847-fd71024b-33c2-3\" include=\"11113,11108,11103,11098,11093,11088,11083,11078,11073,11068\"][\/vc_tta_section][vc_tta_section title=\"Impress DN100\" tab_id=\"1581839768842-940e17f3-01b4\"][vc_media_grid style=\"lazy\" items_per_page=\"24\" element_width=\"2\" gap=\"10\" item=\"mediaGrid_BorderedScaleWithTitle\" grid_id=\"vc_gid:1581847133861-7f32ee2c-f74b-1\" include=\"11063\"][\/vc_tta_section][vc_tta_section title=\"Secret DN200\" tab_id=\"1581839990788-b08ff027-cdb3\"][vc_media_grid style=\"lazy\" items_per_page=\"24\" element_width=\"2\" gap=\"10\" item=\"mediaGrid_BorderedScaleWithTitle\" grid_id=\"vc_gid:1581847133864-e4f62e2a-b0e2-10\" include=\"11058,11053,11048,11043,11038,11033,11028,11023,11018,11013,11008,11003,10998,10993,10988\"][\/vc_tta_section][vc_tta_section title=\"Secret 2.0 DN100\" tab_id=\"1581840299853-872a6781-406d\"][vc_media_grid style=\"lazy\" items_per_page=\"24\" element_width=\"2\" gap=\"10\" item=\"mediaGrid_BorderedScaleWithTitle\" grid_id=\"vc_gid:1581847133891-6692bfa2-3e74-7\" include=\"10983,10978,10973\"][\/vc_tta_section][vc_tta_section title=\"Secret 2.0 DN200\" tab_id=\"1581840482807-310ab21d-ba0e\"][vc_media_grid style=\"lazy\" items_per_page=\"24\" element_width=\"2\" gap=\"10\" item=\"mediaGrid_BorderedScaleWithTitle\" grid_id=\"vc_gid:1581847133897-3f9df053-ef28-5\" include=\"10968,10963,10958,10953,10948,10943,10938,10933,10928,10923,10918,10913,10908,10903\"][\/vc_tta_section][vc_tta_section [...]","protected":false},"author":1,"featured_media":0,"parent":0,"menu_order":0,"comment_status":"closed","ping_status":"closed","template":"page-pagebuilder-title.php","meta":{"inline_featured_image":false,"footnotes":""},"class_list":["post-10455","page","type-page","status-publish"],"yoast_head":"<!-- This site is optimized with the Yoast SEO plugin v18.4.1 - https:\/\/yoast.com\/wordpress\/plugins\/seo\/ -->\n<title>Sigma Systemy Os\u0142onowe &#8211; Producent system\u00f3w przeciws\u0142onecznych &#8211; Producent rolet zewn\u0119trznych, Producent screen\u00f3w &#8211; Screeny, Producent markiz, Produkcja Pergol, Producent plis, Producent rolet wewn\u0119trznych, Producent bram rolowanych | Sanok, Krosno, Rzesz\u00f3w, Podkarpacie<\/title>\n<meta name=\"robots\" content=\"index, follow, max-snippet:-1, max-image-preview:large, max-video-preview:-1\" \/>\n<link rel=\"canonical\" href=\"https:\/\/sigma.sanok.pl\/en\/kolekcja-tkanin-roletowych-tkaniny-dzien-noc\/\" \/>\n<meta property=\"og:locale\" content=\"en_US\" \/>\n<meta property=\"og:type\" content=\"article\" \/>\n<meta property=\"og:url\" content=\"https:\/\/sigma.sanok.pl\/en\/kolekcja-tkanin-roletowych-tkaniny-dzien-noc\/\" \/>\n<meta property=\"og:site_name\" content=\"Sigma Systemy Os\u0142onowe - Producent system\u00f3w przeciws\u0142onecznych - Producent rolet zewn\u0119trznych, Producent screen\u00f3w - Screeny, Producent markiz, Produkcja Pergol, Producent plis, Producent rolet wewn\u0119trznych, Producent bram rolowanych | Sanok, Krosno, Rzesz\u00f3w, Podkarpacie\" \/>\n<meta property=\"article:modified_time\" content=\"2022-01-17T17:39:07+00:00\" \/>\n<meta name=\"twitter:card\" content=\"summary_large_image\" \/>\n<meta name=\"twitter:label1\" content=\"Est. reading time\" \/>\n\t<meta name=\"twitter:data1\" content=\"3 minutes\" \/>\n<script type=\"application\/ld+json\" class=\"yoast-schema-graph\">{\"@context\":\"https:\/\/schema.org\",\"@graph\":[{\"@type\":\"Organization\",\"@id\":\"https:\/\/sigma.sanok.pl\/en\/#organization\",\"name\":\"Sigma Systemy Os\u0142onowe\",\"url\":\"https:\/\/sigma.sanok.pl\/en\/\",\"sameAs\":[],\"logo\":{\"@type\":\"ImageObject\",\"@id\":\"https:\/\/sigma.sanok.pl\/en\/#logo\",\"inLanguage\":\"en-US\",\"url\":\"https:\/\/sigma.sanok.pl\/wp-content\/uploads\/2019\/12\/logo_sigma-loader.png\",\"contentUrl\":\"https:\/\/sigma.sanok.pl\/wp-content\/uploads\/2019\/12\/logo_sigma-loader.png\",\"width\":120,\"height\":120,\"caption\":\"Sigma Systemy Os\u0142onowe\"},\"image\":{\"@id\":\"https:\/\/sigma.sanok.pl\/en\/#logo\"}},{\"@type\":\"WebSite\",\"@id\":\"https:\/\/sigma.sanok.pl\/en\/#website\",\"url\":\"https:\/\/sigma.sanok.pl\/en\/\",\"name\":\"Sigma Systemy Os\u0142onowe - Producent system\u00f3w przeciws\u0142onecznych - rolet zewn\u0119trznych, screen\u00f3w, markiz, plis, rolet wewn\u0119trznych oraz bram rolowanych\",\"description\":\"Producent Markizy, Pergole - Producent,  \u017baluzje fasadowe, Producent Rolety zewn\u0119trzne, Rolety wewn\u0119trzne - Producent, Producent Screeny, Plisy - Producent, Bramy gara\u017cowe, Bramy przemys\u0142owe, Bramy rolowane,Nap\u0119dy, Automatyka | Podkarpacie, Rzesz\u00f3w , Sanok,  Krosno, Lesko, Brzoz\u00f3w, Ustrzyki\",\"publisher\":{\"@id\":\"https:\/\/sigma.sanok.pl\/en\/#organization\"},\"potentialAction\":[{\"@type\":\"SearchAction\",\"target\":{\"@type\":\"EntryPoint\",\"urlTemplate\":\"https:\/\/sigma.sanok.pl\/en\/?s={search_term_string}\"},\"query-input\":\"required name=search_term_string\"}],\"inLanguage\":\"en-US\"},{\"@type\":\"WebPage\",\"@id\":\"https:\/\/sigma.sanok.pl\/en\/kolekcja-tkanin-roletowych-tkaniny-dzien-noc\/#webpage\",\"url\":\"https:\/\/sigma.sanok.pl\/en\/kolekcja-tkanin-roletowych-tkaniny-dzien-noc\/\",\"name\":\"A collection of roller blind fabrics - Day-Night fabrics - Sigma Systemy Os\u0142onowe - Producent system\u00f3w przeciws\u0142onecznych - Producent rolet zewn\u0119trznych, Producent screen\u00f3w - Screeny, Producent markiz, Produkcja Pergol, Producent plis, Producent rolet wewn\u0119trznych, Producent bram rolowanych | Sanok, Krosno, Rzesz\u00f3w, Podkarpacie\",\"isPartOf\":{\"@id\":\"https:\/\/sigma.sanok.pl\/en\/#website\"},\"datePublished\":\"2020-02-16T08:56:28+00:00\",\"dateModified\":\"2022-01-17T17:39:07+00:00\",\"breadcrumb\":{\"@id\":\"https:\/\/sigma.sanok.pl\/en\/kolekcja-tkanin-roletowych-tkaniny-dzien-noc\/#breadcrumb\"},\"inLanguage\":\"en-US\",\"potentialAction\":[{\"@type\":\"ReadAction\",\"target\":[\"https:\/\/sigma.sanok.pl\/en\/kolekcja-tkanin-roletowych-tkaniny-dzien-noc\/\"]}]},{\"@type\":\"BreadcrumbList\",\"@id\":\"https:\/\/sigma.sanok.pl\/en\/kolekcja-tkanin-roletowych-tkaniny-dzien-noc\/#breadcrumb\",\"itemListElement\":[{\"@type\":\"ListItem\",\"position\":1,\"name\":\"Strona g\u0142\u00f3wna\",\"item\":\"https:\/\/sigma.sanok.pl\/en\/\"},{\"@type\":\"ListItem\",\"position\":2,\"name\":\"A collection of roller blind fabrics &#8211; Day-Night fabrics\"}]}]}<\/script>\n<!-- \/ Yoast SEO plugin. -->","yoast_head_json":{"title":"Sigma Systemy Os\u0142onowe &#8211; Producent system\u00f3w przeciws\u0142onecznych &#8211; Producent rolet zewn\u0119trznych, Producent screen\u00f3w &#8211; Screeny, Producent markiz, Produkcja Pergol, Producent plis, Producent rolet wewn\u0119trznych, Producent bram rolowanych | Sanok, Krosno, Rzesz\u00f3w, Podkarpacie","robots":{"index":"index","follow":"follow","max-snippet":"max-snippet:-1","max-image-preview":"max-image-preview:large","max-video-preview":"max-video-preview:-1"},"canonical":"https:\/\/sigma.sanok.pl\/en\/kolekcja-tkanin-roletowych-tkaniny-dzien-noc\/","og_locale":"en_US","og_type":"article","og_url":"https:\/\/sigma.sanok.pl\/en\/kolekcja-tkanin-roletowych-tkaniny-dzien-noc\/","og_site_name":"Sigma Systemy Os\u0142onowe - Producent system\u00f3w przeciws\u0142onecznych - Producent rolet zewn\u0119trznych, Producent screen\u00f3w - Screeny, Producent markiz, Produkcja Pergol, Producent plis, Producent rolet wewn\u0119trznych, Producent bram rolowanych | Sanok, Krosno, Rzesz\u00f3w, Podkarpacie","article_modified_time":"2022-01-17T17:39:07+00:00","twitter_card":"summary_large_image","twitter_misc":{"Est. reading time":"3 minutes"},"schema":{"@context":"https:\/\/schema.org","@graph":[{"@type":"Organization","@id":"https:\/\/sigma.sanok.pl\/en\/#organization","name":"Sigma Systemy Os\u0142onowe","url":"https:\/\/sigma.sanok.pl\/en\/","sameAs":[],"logo":{"@type":"ImageObject","@id":"https:\/\/sigma.sanok.pl\/en\/#logo","inLanguage":"en-US","url":"https:\/\/sigma.sanok.pl\/wp-content\/uploads\/2019\/12\/logo_sigma-loader.png","contentUrl":"https:\/\/sigma.sanok.pl\/wp-content\/uploads\/2019\/12\/logo_sigma-loader.png","width":120,"height":120,"caption":"Sigma Systemy Os\u0142onowe"},"image":{"@id":"https:\/\/sigma.sanok.pl\/en\/#logo"}},{"@type":"WebSite","@id":"https:\/\/sigma.sanok.pl\/en\/#website","url":"https:\/\/sigma.sanok.pl\/en\/","name":"Sigma Systemy Os\u0142onowe - Producent system\u00f3w przeciws\u0142onecznych - rolet zewn\u0119trznych, screen\u00f3w, markiz, plis, rolet wewn\u0119trznych oraz bram rolowanych","description":"Producent Markizy, Pergole - Producent,  \u017baluzje fasadowe, Producent Rolety zewn\u0119trzne, Rolety wewn\u0119trzne - Producent, Producent Screeny, Plisy - Producent, Bramy gara\u017cowe, Bramy przemys\u0142owe, Bramy rolowane,Nap\u0119dy, Automatyka | Podkarpacie, Rzesz\u00f3w , Sanok,  Krosno, Lesko, Brzoz\u00f3w, Ustrzyki","publisher":{"@id":"https:\/\/sigma.sanok.pl\/en\/#organization"},"potentialAction":[{"@type":"SearchAction","target":{"@type":"EntryPoint","urlTemplate":"https:\/\/sigma.sanok.pl\/en\/?s={search_term_string}"},"query-input":"required name=search_term_string"}],"inLanguage":"en-US"},{"@type":"WebPage","@id":"https:\/\/sigma.sanok.pl\/en\/kolekcja-tkanin-roletowych-tkaniny-dzien-noc\/#webpage","url":"https:\/\/sigma.sanok.pl\/en\/kolekcja-tkanin-roletowych-tkaniny-dzien-noc\/","name":"A collection of roller blind fabrics - Day-Night fabrics - Sigma Systemy Os\u0142onowe - Producent system\u00f3w przeciws\u0142onecznych - Producent rolet zewn\u0119trznych, Producent screen\u00f3w - Screeny, Producent markiz, Produkcja Pergol, Producent plis, Producent rolet wewn\u0119trznych, Producent bram rolowanych | Sanok, Krosno, Rzesz\u00f3w, Podkarpacie","isPartOf":{"@id":"https:\/\/sigma.sanok.pl\/en\/#website"},"datePublished":"2020-02-16T08:56:28+00:00","dateModified":"2022-01-17T17:39:07+00:00","breadcrumb":{"@id":"https:\/\/sigma.sanok.pl\/en\/kolekcja-tkanin-roletowych-tkaniny-dzien-noc\/#breadcrumb"},"inLanguage":"en-US","potentialAction":[{"@type":"ReadAction","target":["https:\/\/sigma.sanok.pl\/en\/kolekcja-tkanin-roletowych-tkaniny-dzien-noc\/"]}]},{"@type":"BreadcrumbList","@id":"https:\/\/sigma.sanok.pl\/en\/kolekcja-tkanin-roletowych-tkaniny-dzien-noc\/#breadcrumb","itemListElement":[{"@type":"ListItem","position":1,"name":"Strona g\u0142\u00f3wna","item":"https:\/\/sigma.sanok.pl\/en\/"},{"@type":"ListItem","position":2,"name":"A collection of roller blind fabrics &#8211; Day-Night fabrics"}]}]}},"_links":{"self":[{"href":"https:\/\/sigma.sanok.pl\/en\/wp-json\/wp\/v2\/pages\/10455","targetHints":{"allow":["GET"]}}],"collection":[{"href":"https:\/\/sigma.sanok.pl\/en\/wp-json\/wp\/v2\/pages"}],"about":[{"href":"https:\/\/sigma.sanok.pl\/en\/wp-json\/wp\/v2\/types\/page"}],"author":[{"embeddable":true,"href":"https:\/\/sigma.sanok.pl\/en\/wp-json\/wp\/v2\/users\/1"}],"replies":[{"embeddable":true,"href":"https:\/\/sigma.sanok.pl\/en\/wp-json\/wp\/v2\/comments?post=10455"}],"version-history":[{"count":1,"href":"https:\/\/sigma.sanok.pl\/en\/wp-json\/wp\/v2\/pages\/10455\/revisions"}],"predecessor-version":[{"id":25635,"href":"https:\/\/sigma.sanok.pl\/en\/wp-json\/wp\/v2\/pages\/10455\/revisions\/25635"}],"wp:attachment":[{"href":"https:\/\/sigma.sanok.pl\/en\/wp-json\/wp\/v2\/media?parent=10455"}],"curies":[{"name":"wp","href":"https:\/\/api.w.org\/{rel}","templated":true}]}}